{"id":88,"date":"2021-08-23T16:40:22","date_gmt":"2021-08-23T14:40:22","guid":{"rendered":"https:\/\/komfort.be\/pl\/?page_id=88"},"modified":"2022-04-14T16:10:09","modified_gmt":"2022-04-14T14:10:09","slug":"aspekty-prawne","status":"publish","type":"page","link":"https:\/\/komfort.be\/pl\/aspekty-prawne\/","title":{"rendered":"Aspekty prawne"},"content":{"rendered":"<div id=\"pl-88\"  class=\"panel-layout\" ><div id=\"pg-88-0\"  class=\"panel-grid panel-has-style\" ><div class=\"siteorigin-panels-stretch panel-row-style panel-row-style-for-88-0\" data-stretch-type=\"full\" ><div id=\"pgc-88-0-0\"  class=\"panel-grid-cell\" ><div id=\"panel-88-0-0-0\" class=\"so-panel widget widget_legal-aspects panel-first-child panel-last-child\" data-index=\"0\" ><div class=\"so-widget-legal-aspects so-widget-legal-aspects-base\"><div class=\"legal-aspects\">\n\t<div class=\"knowledge__element knowledge__element--hide\">\n\t\t<div class=\"country\">\n\n            \n            \t\t\t\t<div class=\"country__item\"><a href=\"https:\/\/komfort.be\/pl\/c\/belgia\/\">\n\t\t\t\t\t\t<img src=\"https:\/\/komfort.be\/pl\/wp-content\/uploads\/sites\/6\/2018\/08\/belgia.png\">\n\t\t\t\t\t\t<span>\n\t\t\t\t\t\t\tBelgia\t\t\t\t\t\t<\/span>\n\t\t\t\t\t<\/a>\n\t\t\t\t<\/div>\n            \t\t\t\t<div class=\"country__item\"><a href=\"https:\/\/komfort.be\/pl\/c\/francja\/\">\n\t\t\t\t\t\t<img src=\"https:\/\/komfort.be\/pl\/wp-content\/uploads\/sites\/6\/2018\/08\/francja.png\">\n\t\t\t\t\t\t<span>\n\t\t\t\t\t\t\tFrancja\t\t\t\t\t\t<\/span>\n\t\t\t\t\t<\/a>\n\t\t\t\t<\/div>\n            \t\t\t\t<div class=\"country__item\"><a href=\"https:\/\/komfort.be\/pl\/c\/luksemburg\/\">\n\t\t\t\t\t\t<img src=\"https:\/\/komfort.be\/pl\/wp-content\/uploads\/sites\/6\/2018\/08\/luksemburg.png\">\n\t\t\t\t\t\t<span>\n\t\t\t\t\t\t\tLuksemburg\t\t\t\t\t\t<\/span>\n\t\t\t\t\t<\/a>\n\t\t\t\t<\/div>\n            \t\t\t\t<div class=\"country__item\"><a href=\"https:\/\/komfort.be\/pl\/c\/niemcy\/\">\n\t\t\t\t\t\t<img src=\"https:\/\/komfort.be\/pl\/wp-content\/uploads\/sites\/6\/2018\/08\/niemcy.png\">\n\t\t\t\t\t\t<span>\n\t\t\t\t\t\t\tNiemcy\t\t\t\t\t\t<\/span>\n\t\t\t\t\t<\/a>\n\t\t\t\t<\/div>\n            \t\t\t\t<div class=\"country__item\"><a href=\"https:\/\/komfort.be\/pl\/c\/polska\/\">\n\t\t\t\t\t\t<img src=\"https:\/\/komfort.be\/pl\/wp-content\/uploads\/sites\/6\/2018\/08\/polska.png\">\n\t\t\t\t\t\t<span>\n\t\t\t\t\t\t\tPolska\t\t\t\t\t\t<\/span>\n\t\t\t\t\t<\/a>\n\t\t\t\t<\/div>\n            \t\t\t\t<div class=\"country__item\"><a href=\"https:\/\/komfort.be\/pl\/c\/unia-europejska\/\">\n\t\t\t\t\t\t<img src=\"https:\/\/komfort.be\/pl\/wp-content\/uploads\/sites\/6\/2018\/08\/EU.png\">\n\t\t\t\t\t\t<span>\n\t\t\t\t\t\t\tUE\t\t\t\t\t\t<\/span>\n\t\t\t\t\t<\/a>\n\t\t\t\t<\/div>\n            \n\n\t\t<\/div>\n\t<\/div>\n<!-- \n\t<agile :options=\"aspects\" class=\"aspects-list\">\n\n        \t\t\t\t<div class=\"aspects-list__item\">\n\t\t\t\t\t<p><a href=\"https:\/\/komfort.be\/pl\/a\/dyrektywa-96-71-we\/\">Dyrektywa 96\/71\/WE<\/a><\/p>\n\t\t\t\t<\/div>\n\n            \t\t\t\t<div class=\"aspects-list__item\">\n\t\t\t\t\t<p><a href=\"https:\/\/komfort.be\/pl\/a\/delegowanie_pracownikow_zmiany_2020\/\">Delegowanie pracownik\u00f3w \u2013 zmiany 2020<\/a><\/p>\n\t\t\t\t<\/div>\n\n            \t\t\t\t<div class=\"aspects-list__item\">\n\t\t\t\t\t<p><a href=\"https:\/\/komfort.be\/pl\/a\/limosa\/\">Limosa<\/a><\/p>\n\t\t\t\t<\/div>\n\n            \t\t\t\t<div class=\"aspects-list__item\">\n\t\t\t\t\t<p><a href=\"https:\/\/komfort.be\/pl\/a\/opoc-pdok\/\">OPOC \/ PDOK<\/a><\/p>\n\t\t\t\t<\/div>\n\n            \t\t\t\t<div class=\"aspects-list__item\">\n\t\t\t\t\t<p><a href=\"https:\/\/komfort.be\/pl\/a\/stawki-minimalne-2\/\">Stawki minimalne<\/a><\/p>\n\t\t\t\t<\/div>\n\n            \t\t\t\t<div class=\"aspects-list__item\">\n\t\t\t\t\t<p><a href=\"https:\/\/komfort.be\/pl\/a\/rejestracja-vat\/\">Rejestracja VAT<\/a><\/p>\n\t\t\t\t<\/div>\n\n            \n\n\t<\/agile> -->\n<\/div>\n<\/div><\/div><\/div><\/div><\/div><div id=\"pg-88-1\"  class=\"panel-grid panel-has-style\" ><div class=\"panel-row-style panel-row-style-for-88-1\" ><div id=\"pgc-88-1-0\"  class=\"panel-grid-cell\" ><div id=\"panel-88-1-0-0\" class=\"so-panel widget widget_text panel-first-child panel-last-child\" data-index=\"1\" ><div class=\"so-widget-text so-widget-text-base\"><div class=\"text-content content-wrapper\">\n    <h2>Eksport us\u0142ug budowlanych w UE<\/h2>\n<p>&nbsp;<\/p>\n<p>&nbsp;<\/p>\n<p>Eksport us\u0142ug budowlanych to \u015bwiadczenie przez firm\u0119 budowlan\u0105 us\u0142ug na terenie kraju innego ni\u017c ten, w kt\u00f3rym firma posiada swoj\u0105 g\u0142\u00f3wn\u0105 siedzib\u0119. Eksport us\u0142ug budowlanych ma miejsce nawet je\u017celi rozszerzenie dzia\u0142alno\u015bci budowlanej dotyczy rynku wewn\u0105trz Unii Europejskiej. W\u00a0zwi\u0105zku z tym, w ka\u017cdym wypadku przed rozpocz\u0119ciem eksportu us\u0142ug przedsi\u0119biorca budowlany musi zna\u0107 i spe\u0142nia\u0107 wymagania specyficzne dla danego kraju UE, dotycz\u0105ce prowadzenia w nim dzia\u0142alno\u015bci us\u0142ugowej. Decyzja polskiej firmy budowlanej o \u015bwiadczeniu us\u0142ug za granic\u0105 powinna by\u0107 zawsze poprzedzona analiz\u0105 przepis\u00f3w og\u00f3lnounijnych,\u00a0 formalnych wymaga\u0144 w kraju docelowym i w Polsce. W obowi\u0105zku polskiego pracodawcy - eksportera us\u0142ug budowlanych - jest zapoznanie si\u0119 i spe\u0142nienie obowi\u0105zk\u00f3w administracyjnych w danym kraju UE i w Polsce.<\/p>\n<p>&nbsp;<\/p>\n<p>Przybli\u017ceniem zagadnie\u0144 formalnych, kt\u00f3rych znajmo\u015b\u0107 jest wa\u017cna dla firm eksportuj\u0105cych lub planuj\u0105cych eksport swoich us\u0142ug budowlanych wewn\u0105trz Unii Europejskiej s\u0105 informacje zawarte w naszym kompendium aspekt\u00f3w prawnych aspekty prawne dla kontraktu budowlanego w Belgii, Francji, Luksemburgu i Niemczech. Dodatkowo na naszej stronie przedstawiamy informacje o formalno\u015bciach i obowi\u0105zkach administracyjnych spoczywaj\u0105cych na polskim przedsi\u0119biorcy przed uruchomieniem eksportu us\u0142ug oraz ramy prawne regulacji unijnych.<\/p>\n<p>&nbsp;<\/p>\n<p>Warto zapozna\u0107 si\u0119 z przedstawianymi przez nas informacjami przed rozpocz\u0119ciem dzia\u0142alno\u015bci za granic\u0105, a nast\u0119pnie \u015bledzi\u0107 aktualizacje. Nale\u017cy jednak pami\u0119ta\u0107, \u017ce prezentowane w naszym serwisie zagadnienia maj\u0105 charakter wst\u0119pu. Dlatego w razie pyta\u0144 prosimy o kontakt z naszym przedstawicielem handlowym, kt\u00f3ry pomo\u017ce wyja\u015bni\u0107 znaczenie prezentowanych zapis\u00f3w lub dokument\u00f3w. A dla uzyskania ca\u0142kowitej gwarancji bezpiecze\u0144stwa prawnego i\u00a0administracyjnego zapraszamy do do\u0142\u0105czenia do grona Partner\u00f3w KomFort, kt\u00f3rym oferujemy obs\u0142ug\u0119 prawn\u0105, administracyjn\u0105, j\u0119zykow\u0105 i techniczn\u0105 i pe\u0142ne wsparcie w czasie realizacji ca\u0142ego kontraktu budowlanego za granic\u0105, w ramach realizacji obowi\u0105zk\u00f3w wynikaj\u0105cych z umowy o wsp\u00f3\u0142prac\u0119.<\/p>\n<p>&nbsp;<\/p>\n<p>Z\u0142o\u017cono\u015b\u0107 zagadnie\u0144 prawnoadministracyjnych zwi\u0105zanych z eksportem us\u0142ug budowlanych sprawia, \u017ce tre\u015bci prezentowane na stronie internetowej www.komfort.be nie mog\u0105 by\u0107 traktowane jako wyczerpuj\u0105cy zas\u00f3b wiedzy w tym przedmiocie i nie maj\u0105 charakteru porad prawnych ani ekspertyz w tym zakresie. Tre\u015bci dotycz\u0105ce aspekt\u00f3w prawnych, zawarte na stronie internetowej www.komfort.be nie stanowi\u0105 oferty handlowej.<\/p>\n<\/div>\n<\/div><\/div><\/div><div id=\"pgc-88-1-1\"  class=\"panel-grid-cell\" ><div id=\"panel-88-1-1-0\" class=\"so-panel widget widget_box panel-first-child panel-last-child\" data-index=\"2\" ><div class=\"panel-widget-style panel-widget-style-for-88-1-1-0\" ><div class=\"so-widget-box so-widget-box-base\">\n<div class=\"blueBox \">\n\t<div class=\"blueBox__mask\"\n\t\t style=\"background-image: url('https:\/\/komfort.be\/pl\/wp-content\/uploads\/sites\/6\/2018\/09\/jacek.png')\"><\/div>\n\n\n\t<div class=\"blueBox__title\">\n        <h2>szukasz<\/h2>\n\t\t<span>zlece\u0144 budowlanych?<\/span>\n\n<!--        <p class=\"blueBoxTxt\">-->\n<!--            <strong>--><!--<\/strong>-->\n<!--            <span>--><!--<\/span>-->\n<!--        <\/p>-->\n\t<\/div>\n\n\t<div class=\"blueBox__button\">\n\t\t<a href=\"https:\/\/base.komfort.be\/pl\" class=\"btn\" >\n            Poka\u017c\t\t<\/a>\n\t<\/div>\n<\/div>\n<\/div><\/div><\/div><\/div><\/div><\/div><\/div>","protected":false},"excerpt":{"rendered":"","protected":false},"author":11,"featured_media":1264,"parent":0,"menu_order":0,"comment_status":"closed","ping_status":"closed","template":"","meta":[],"yoast_head":"<!-- This site is optimized with the Yoast SEO plugin v18.6 - https:\/\/yoast.com\/wordpress\/plugins\/seo\/ -->\n<title>Aspekty prawne - KomFort Building in Europe<\/title>\n<meta name=\"description\" content=\"Firma KomFort koncentruje si\u0119 r\u00f3wnie\u017c na\u00a0promowaniu legalno\u015bci oddelegowania w sektorze budowlanym. W zwi\u0105zku z tym specjalnie dla firm budowlanych podejmujemy wsp\u00f3\u0142prac\u0119 z prawnikami oraz specjalistami. Chc\u0105 Pa\u0144stwo otrzyma\u0107 informacje odno\u015bnie warunk\u00f3w pracy obowi\u0105zuj\u0105cych w innych krajach europejskich? Zamierzaj\u0105 Pa\u0144stwo podj\u0105\u0107 prac\u0119 w innym kraju Unii Europejskiej? Znajomo\u015b\u0107 formalno\u015bci natury administracyjnej oraz prawnej kraju docelowego b\u0119dzie Pa\u0144stwu potrzebna.\" \/>\n<meta name=\"robots\" content=\"index, follow, max-snippet:-1, max-image-preview:large, max-video-preview:-1\" \/>\n<link rel=\"canonical\" href=\"https:\/\/komfort.be\/pl\/aspekty-prawne\/\" \/>\n<meta property=\"og:locale\" content=\"pl_PL\" \/>\n<meta property=\"og:type\" content=\"article\" \/>\n<meta property=\"og:title\" content=\"Aspekty prawne - KomFort Building in Europe\" \/>\n<meta property=\"og:description\" content=\"Firma KomFort koncentruje si\u0119 r\u00f3wnie\u017c na\u00a0promowaniu legalno\u015bci oddelegowania w sektorze budowlanym. W zwi\u0105zku z tym specjalnie dla firm budowlanych podejmujemy wsp\u00f3\u0142prac\u0119 z prawnikami oraz specjalistami. Chc\u0105 Pa\u0144stwo otrzyma\u0107 informacje odno\u015bnie warunk\u00f3w pracy obowi\u0105zuj\u0105cych w innych krajach europejskich? Zamierzaj\u0105 Pa\u0144stwo podj\u0105\u0107 prac\u0119 w innym kraju Unii Europejskiej? Znajomo\u015b\u0107 formalno\u015bci natury administracyjnej oraz prawnej kraju docelowego b\u0119dzie Pa\u0144stwu potrzebna.\" \/>\n<meta property=\"og:url\" content=\"https:\/\/komfort.be\/pl\/aspekty-prawne\/\" \/>\n<meta property=\"og:site_name\" content=\"KomFort PL\" \/>\n<meta property=\"article:modified_time\" content=\"2022-04-14T14:10:09+00:00\" \/>\n<meta property=\"og:image\" content=\"https:\/\/komfort.be\/pl\/wp-content\/uploads\/sites\/6\/2018\/11\/background-aspektyprawne.png\" \/>\n\t<meta property=\"og:image:width\" content=\"1920\" \/>\n\t<meta property=\"og:image:height\" content=\"500\" \/>\n\t<meta property=\"og:image:type\" content=\"image\/png\" \/>\n<meta name=\"twitter:card\" content=\"summary_large_image\" \/>\n<script type=\"application\/ld+json\" class=\"yoast-schema-graph\">{\"@context\":\"https:\/\/schema.org\",\"@graph\":[{\"@type\":\"WebSite\",\"@id\":\"https:\/\/komfort.be\/pl\/#website\",\"url\":\"https:\/\/komfort.be\/pl\/\",\"name\":\"KomFort PL\",\"description\":\"Wspieramy Twoj\u0105 Budow\u0119 w Unii Europejskiej. Stawiamy na skuteczno\u015b\u0107 promocji firm budowlanych.\",\"potentialAction\":[{\"@type\":\"SearchAction\",\"target\":{\"@type\":\"EntryPoint\",\"urlTemplate\":\"https:\/\/komfort.be\/pl\/?s={search_term_string}\"},\"query-input\":\"required name=search_term_string\"}],\"inLanguage\":\"pl-PL\"},{\"@type\":\"ImageObject\",\"@id\":\"https:\/\/komfort.be\/pl\/aspekty-prawne\/#primaryimage\",\"inLanguage\":\"pl-PL\",\"url\":\"https:\/\/komfort.be\/pl\/wp-content\/uploads\/sites\/6\/2018\/11\/background-aspektyprawne.png\",\"contentUrl\":\"https:\/\/komfort.be\/pl\/wp-content\/uploads\/sites\/6\/2018\/11\/background-aspektyprawne.png\",\"width\":1920,\"height\":500},{\"@type\":\"WebPage\",\"@id\":\"https:\/\/komfort.be\/pl\/aspekty-prawne\/#webpage\",\"url\":\"https:\/\/komfort.be\/pl\/aspekty-prawne\/\",\"name\":\"Aspekty prawne - KomFort Building in Europe\",\"isPartOf\":{\"@id\":\"https:\/\/komfort.be\/pl\/#website\"},\"primaryImageOfPage\":{\"@id\":\"https:\/\/komfort.be\/pl\/aspekty-prawne\/#primaryimage\"},\"datePublished\":\"2021-08-23T14:40:22+00:00\",\"dateModified\":\"2022-04-14T14:10:09+00:00\",\"description\":\"Firma KomFort koncentruje si\u0119 r\u00f3wnie\u017c na\u00a0promowaniu legalno\u015bci oddelegowania w sektorze budowlanym. W zwi\u0105zku z tym specjalnie dla firm budowlanych podejmujemy wsp\u00f3\u0142prac\u0119 z prawnikami oraz specjalistami. Chc\u0105 Pa\u0144stwo otrzyma\u0107 informacje odno\u015bnie warunk\u00f3w pracy obowi\u0105zuj\u0105cych w innych krajach europejskich? Zamierzaj\u0105 Pa\u0144stwo podj\u0105\u0107 prac\u0119 w innym kraju Unii Europejskiej? Znajomo\u015b\u0107 formalno\u015bci natury administracyjnej oraz prawnej kraju docelowego b\u0119dzie Pa\u0144stwu potrzebna.\",\"breadcrumb\":{\"@id\":\"https:\/\/komfort.be\/pl\/aspekty-prawne\/#breadcrumb\"},\"inLanguage\":\"pl-PL\",\"potentialAction\":[{\"@type\":\"ReadAction\",\"target\":[\"https:\/\/komfort.be\/pl\/aspekty-prawne\/\"]}]},{\"@type\":\"BreadcrumbList\",\"@id\":\"https:\/\/komfort.be\/pl\/aspekty-prawne\/#breadcrumb\",\"itemListElement\":[{\"@type\":\"ListItem\",\"position\":1,\"name\":\"Strona g\u0142\u00f3wna\",\"item\":\"https:\/\/komfort.be\/pl\/\"},{\"@type\":\"ListItem\",\"position\":2,\"name\":\"Aspekty prawne\"}]}]}<\/script>\n<!-- \/ Yoast SEO plugin. -->","yoast_head_json":{"title":"Aspekty prawne - KomFort Building in Europe","description":"Firma KomFort koncentruje si\u0119 r\u00f3wnie\u017c na\u00a0promowaniu legalno\u015bci oddelegowania w sektorze budowlanym. W zwi\u0105zku z tym specjalnie dla firm budowlanych podejmujemy wsp\u00f3\u0142prac\u0119 z prawnikami oraz specjalistami. Chc\u0105 Pa\u0144stwo otrzyma\u0107 informacje odno\u015bnie warunk\u00f3w pracy obowi\u0105zuj\u0105cych w innych krajach europejskich? Zamierzaj\u0105 Pa\u0144stwo podj\u0105\u0107 prac\u0119 w innym kraju Unii Europejskiej? Znajomo\u015b\u0107 formalno\u015bci natury administracyjnej oraz prawnej kraju docelowego b\u0119dzie Pa\u0144stwu potrzebna.","robots":{"index":"index","follow":"follow","max-snippet":"max-snippet:-1","max-image-preview":"max-image-preview:large","max-video-preview":"max-video-preview:-1"},"canonical":"https:\/\/komfort.be\/pl\/aspekty-prawne\/","og_locale":"pl_PL","og_type":"article","og_title":"Aspekty prawne - KomFort Building in Europe","og_description":"Firma KomFort koncentruje si\u0119 r\u00f3wnie\u017c na\u00a0promowaniu legalno\u015bci oddelegowania w sektorze budowlanym. W zwi\u0105zku z tym specjalnie dla firm budowlanych podejmujemy wsp\u00f3\u0142prac\u0119 z prawnikami oraz specjalistami. Chc\u0105 Pa\u0144stwo otrzyma\u0107 informacje odno\u015bnie warunk\u00f3w pracy obowi\u0105zuj\u0105cych w innych krajach europejskich? Zamierzaj\u0105 Pa\u0144stwo podj\u0105\u0107 prac\u0119 w innym kraju Unii Europejskiej? Znajomo\u015b\u0107 formalno\u015bci natury administracyjnej oraz prawnej kraju docelowego b\u0119dzie Pa\u0144stwu potrzebna.","og_url":"https:\/\/komfort.be\/pl\/aspekty-prawne\/","og_site_name":"KomFort PL","article_modified_time":"2022-04-14T14:10:09+00:00","og_image":[{"width":1920,"height":500,"url":"https:\/\/komfort.be\/pl\/wp-content\/uploads\/sites\/6\/2018\/11\/background-aspektyprawne.png","type":"image\/png"}],"twitter_card":"summary_large_image","schema":{"@context":"https:\/\/schema.org","@graph":[{"@type":"WebSite","@id":"https:\/\/komfort.be\/pl\/#website","url":"https:\/\/komfort.be\/pl\/","name":"KomFort PL","description":"Wspieramy Twoj\u0105 Budow\u0119 w Unii Europejskiej. Stawiamy na skuteczno\u015b\u0107 promocji firm budowlanych.","potentialAction":[{"@type":"SearchAction","target":{"@type":"EntryPoint","urlTemplate":"https:\/\/komfort.be\/pl\/?s={search_term_string}"},"query-input":"required name=search_term_string"}],"inLanguage":"pl-PL"},{"@type":"ImageObject","@id":"https:\/\/komfort.be\/pl\/aspekty-prawne\/#primaryimage","inLanguage":"pl-PL","url":"https:\/\/komfort.be\/pl\/wp-content\/uploads\/sites\/6\/2018\/11\/background-aspektyprawne.png","contentUrl":"https:\/\/komfort.be\/pl\/wp-content\/uploads\/sites\/6\/2018\/11\/background-aspektyprawne.png","width":1920,"height":500},{"@type":"WebPage","@id":"https:\/\/komfort.be\/pl\/aspekty-prawne\/#webpage","url":"https:\/\/komfort.be\/pl\/aspekty-prawne\/","name":"Aspekty prawne - KomFort Building in Europe","isPartOf":{"@id":"https:\/\/komfort.be\/pl\/#website"},"primaryImageOfPage":{"@id":"https:\/\/komfort.be\/pl\/aspekty-prawne\/#primaryimage"},"datePublished":"2021-08-23T14:40:22+00:00","dateModified":"2022-04-14T14:10:09+00:00","description":"Firma KomFort koncentruje si\u0119 r\u00f3wnie\u017c na\u00a0promowaniu legalno\u015bci oddelegowania w sektorze budowlanym. W zwi\u0105zku z tym specjalnie dla firm budowlanych podejmujemy wsp\u00f3\u0142prac\u0119 z prawnikami oraz specjalistami. Chc\u0105 Pa\u0144stwo otrzyma\u0107 informacje odno\u015bnie warunk\u00f3w pracy obowi\u0105zuj\u0105cych w innych krajach europejskich? Zamierzaj\u0105 Pa\u0144stwo podj\u0105\u0107 prac\u0119 w innym kraju Unii Europejskiej? Znajomo\u015b\u0107 formalno\u015bci natury administracyjnej oraz prawnej kraju docelowego b\u0119dzie Pa\u0144stwu potrzebna.","breadcrumb":{"@id":"https:\/\/komfort.be\/pl\/aspekty-prawne\/#breadcrumb"},"inLanguage":"pl-PL","potentialAction":[{"@type":"ReadAction","target":["https:\/\/komfort.be\/pl\/aspekty-prawne\/"]}]},{"@type":"BreadcrumbList","@id":"https:\/\/komfort.be\/pl\/aspekty-prawne\/#breadcrumb","itemListElement":[{"@type":"ListItem","position":1,"name":"Strona g\u0142\u00f3wna","item":"https:\/\/komfort.be\/pl\/"},{"@type":"ListItem","position":2,"name":"Aspekty prawne"}]}]}},"_links":{"self":[{"href":"https:\/\/komfort.be\/pl\/wp-json\/wp\/v2\/pages\/88"}],"collection":[{"href":"https:\/\/komfort.be\/pl\/wp-json\/wp\/v2\/pages"}],"about":[{"href":"https:\/\/komfort.be\/pl\/wp-json\/wp\/v2\/types\/page"}],"author":[{"embeddable":true,"href":"https:\/\/komfort.be\/pl\/wp-json\/wp\/v2\/users\/11"}],"replies":[{"embeddable":true,"href":"https:\/\/komfort.be\/pl\/wp-json\/wp\/v2\/comments?post=88"}],"version-history":[{"count":63,"href":"https:\/\/komfort.be\/pl\/wp-json\/wp\/v2\/pages\/88\/revisions"}],"predecessor-version":[{"id":2411,"href":"https:\/\/komfort.be\/pl\/wp-json\/wp\/v2\/pages\/88\/revisions\/2411"}],"wp:featuredmedia":[{"embeddable":true,"href":"https:\/\/komfort.be\/pl\/wp-json\/wp\/v2\/media\/1264"}],"wp:attachment":[{"href":"https:\/\/komfort.be\/pl\/wp-json\/wp\/v2\/media?parent=88"}],"curies":[{"name":"wp","href":"https:\/\/api.w.org\/{rel}","templated":true}]}}