{"id":4026,"date":"2025-06-02T10:17:24","date_gmt":"2025-06-02T08:17:24","guid":{"rendered":"https:\/\/komfort.be\/pl\/?page_id=4026"},"modified":"2025-09-18T11:25:33","modified_gmt":"2025-09-18T09:25:33","slug":"zlecenia-dekarskie","status":"publish","type":"page","link":"https:\/\/komfort.be\/pl\/zlecenia-dekarskie\/","title":{"rendered":"Zlecenia dekarskie"},"content":{"rendered":"<div id=\"pl-gb4026-69e350666ea8d\"  class=\"panel-layout\" ><div id=\"pg-gb4026-69e350666ea8d-0\"  class=\"panel-grid panel-no-style\" ><div id=\"pgc-gb4026-69e350666ea8d-0-0\"  class=\"panel-grid-cell\" ><div id=\"panel-gb4026-69e350666ea8d-0-0-0\" class=\"so-panel widget widget_repeater-with-chips panel-first-child\" data-index=\"0\" ><div class=\"so-widget-repeater-with-chips so-widget-repeater-with-chips-base\"><div class=\"history-section history-section--repeater\">\n    \t\t<div class=\"history history--repeater\">\n            \t\t\t\t<div class=\"history__item\">\n                    \t\t\t\t\t\t<div class=\"history__photo\">\n\t\t\t\t\t\t\t<img src=\"https:\/\/komfort.be\/pl\/wp-content\/uploads\/sites\/6\/2025\/09\/renowacja-dacho\u0301w-belgia.webp\" alt=\"\" class=\"attachment-thumbnail size-thumbnail\">\n\t\t\t\t\t\t<\/div>\n                    \n\t\t\t\t\t<div class=\"history__content\">\n\t\t\t\t\t\t<div class=\"title-section\">\n\t\t\t\t\t\t\t<h4>Renowacje dach\u00f3w na budynkach mieszkalnych i innych, \u0142upek, Belgia<\/h4>\n\t\t\t\t\t\t<\/div>\n\t\t\t\t\t\t<div><p>Zapytanie ofertowe na wykonanie prac dekarskich z \u0142upka sztucznego lub naturalnego w prowincji Luksemburg. Zakres prac obejmuje m.in. demonta\u017c starego pokrycia, monta\u017c nowego pokrycia \u0142upkiem sztucznym lub naturalnym w tym \u0142acenie, monta\u017c rynien oraz rur spustowych, a tak\u017ce inne prace wyko\u0144czeniowe dachu (bez wi\u0119\u017aby). Wymagane podstawowe narz\u0119dzia, sprz\u0119t BHP, A1, VCA oraz polisa OC z rozszerzeniem na teren UE. Ekipa podwykonawcy musi mie\u0107 <span style=\"font-weight: 400\">uprawnienia do prac zwi\u0105zanych z usuwaniem azbestu i uprawnienia do obs\u0142ugi sprz\u0119tu ci\u0119\u017ckiego.\u00a0<\/span><\/p>\n<\/div>\n\n                        \t\t\t\t\t\t\t<div class=\"chips-wrapper\">\n                                \t\t\t\t\t\t\t\t\t<span class=\"chip\"><p><strong>Robocizna<\/strong><\/p>\n<\/span>\n                                \t\t\t\t\t\t\t\t\t<span class=\"chip\"><p>Typ obiektu:<strong> Budynki prywatne<\/strong><\/p>\n<\/span>\n                                \t\t\t\t\t\t\t\t\t<span class=\"chip\"><p>Start:<strong> jak najszybciej<\/strong><\/p>\n<\/span>\n                                \t\t\t\t\t\t\t\t\t<span class=\"chip\"><p>Rozliczenie: <strong>godzinowe<\/strong><\/p>\n<\/span>\n                                \t\t\t\t\t\t\t\t\t<span class=\"chip\"><p><strong>prowincja Luksemburg<\/strong><\/p>\n<\/span>\n                                \t\t\t\t\t\t\t<\/div>\n                        \n                        \t\t\t\t\t\t\t<a href=\"https:\/\/komfort.be\/pl\/kontakt\/\" class=\"btn\">\n                                Zapytaj o szczeg\u00f3\u0142y\t\t\t\t\t\t\t<\/a>\n                        \t\t\t\t\t<\/div>\n\t\t\t\t<\/div>\n            \t\t\t\t<div class=\"history__item\">\n                    \t\t\t\t\t\t<div class=\"history__photo\">\n\t\t\t\t\t\t\t<img src=\"https:\/\/komfort.be\/pl\/wp-content\/uploads\/sites\/6\/2025\/08\/prace-elewacyjne-lupek.jpg\" alt=\"\" class=\"attachment-thumbnail size-thumbnail\">\n\t\t\t\t\t\t<\/div>\n                    \n\t\t\t\t\t<div class=\"history__content\">\n\t\t\t\t\t\t<div class=\"title-section\">\n\t\t\t\t\t\t\t<h4>Renowacja dachu i prace elewacyjne, \u0142upek sztuczny, Belgia<\/h4>\n\t\t\t\t\t\t<\/div>\n\t\t\t\t\t\t<div><p>Zapytanie ofertowe na wykonanie prac elewacyjnych z \u0142upka sztucznego. Zlecenie obejmuje budynki mieszkalne \u2013 51 dom\u00f3w\/mieszka\u0144 na dw\u00f3ch osiedlach. Praca dla ekipy 4-5 osobowej. Na miejscu budowy b\u0119dzie dost\u0119pny koordynator techniczny oraz pracownicy zleceniodawcy. Do wykonania m.in. izolacja,\u00a0 \u0142acenie i kontr\u0142acenie oraz monta\u017c \u0142upka.\u00a0Wymagane podstawowe narz\u0119dzia, sprz\u0119t BHP, A1, certyfikat VCA lub belgijskie szkolenie BHP oraz polisa ubezpieczeniowa z rozszerzeniem na Uni\u0119 Europejsk\u0105.\u00a0Zleceniodawca zapewnia materia\u0142y, rusztowania, a tak\u017ce sprz\u0119t ci\u0119\u017cki wraz z obs\u0142ug\u0105.<\/p>\n<\/div>\n\n                        \t\t\t\t\t\t\t<div class=\"chips-wrapper\">\n                                \t\t\t\t\t\t\t\t\t<span class=\"chip\"><p><strong>Robocizna<\/strong><\/p>\n<\/span>\n                                \t\t\t\t\t\t\t\t\t<span class=\"chip\"><p>Typ obiektu:<strong> Osiedle budynk\u00f3w mieszkalnych<\/strong><\/p>\n<\/span>\n                                \t\t\t\t\t\t\t\t\t<span class=\"chip\"><p>Start: <strong>jak najszybciej<\/strong><\/p>\n<\/span>\n                                \t\t\t\t\t\t\t\t\t<span class=\"chip\"><p>Rozliczenie: <strong>na metry<\/strong><\/p>\n<\/span>\n                                \t\t\t\t\t\t\t\t\t<span class=\"chip\"><p><strong>Walonia<\/strong><\/p>\n<\/span>\n                                \t\t\t\t\t\t\t<\/div>\n                        \n                        \t\t\t\t\t\t\t<a href=\"https:\/\/komfort.be\/pl\/kontakt\/\" class=\"btn\">\n                                Zapytaj o szczeg\u00f3\u0142y\t\t\t\t\t\t\t<\/a>\n                        \t\t\t\t\t<\/div>\n\t\t\t\t<\/div>\n            \t\t\t\t<div class=\"history__item\">\n                    \t\t\t\t\t\t<div class=\"history__photo\">\n\t\t\t\t\t\t\t<img src=\"https:\/\/komfort.be\/pl\/wp-content\/uploads\/sites\/6\/2025\/08\/renowacja-dachu-elewacja-belgia-1.webp\" alt=\"\" class=\"attachment-thumbnail size-thumbnail\">\n\t\t\t\t\t\t<\/div>\n                    \n\t\t\t\t\t<div class=\"history__content\">\n\t\t\t\t\t\t<div class=\"title-section\">\n\t\t\t\t\t\t\t<h4>Renowacja dachu i prace elewacyjne, \u0142upek sztuczny, Belgia<\/h4>\n\t\t\t\t\t\t<\/div>\n\t\t\t\t\t\t<div><p>Zlecenie dotyczy wykonania renowacji dachu i prac elewacyjnych z wykorzystaniem \u0142upka sztucznego na budynku mieszkalnym wielorodzinnym w zabudowie szeregowej. Preferowana ekipa 3-4 osobowa, wymagana komunikacja w j\u0119zyku francuskim lub angielskim. Zakres prac obejmuje m.in. demonta\u017c istniej\u0105cego pokrycia oraz cz\u0119\u015bci wi\u0119\u017aby dachowej, izolacj\u0119 z we\u0142ny szklanej oraz monta\u017c nowego pokrycia. Podwykonawcy musz\u0105 posiada\u0107 podstawowe narz\u0119dzia, sprz\u0119t BHP, uprawnienia do obs\u0142ugi d\u017awigu oraz polis\u0119 OC z rozszerzeniem na UE. Rusztowania, materia\u0142y i sprz\u0119t ci\u0119\u017cki wraz z obs\u0142ug\u0105 s\u0105 zapewnione przez zleceniodawc\u0119.<\/p>\n<\/div>\n\n                        \t\t\t\t\t\t\t<div class=\"chips-wrapper\">\n                                \t\t\t\t\t\t\t\t\t<span class=\"chip\"><p><strong>Robocizna<\/strong><\/p>\n<\/span>\n                                \t\t\t\t\t\t\t\t\t<span class=\"chip\"><p>Typ obiektu:<strong> Szereg\u00f3wka<\/strong><\/p>\n<\/span>\n                                \t\t\t\t\t\t\t\t\t<span class=\"chip\"><p>Start: <strong>jak najszybciej<\/strong><\/p>\n<\/span>\n                                \t\t\t\t\t\t\t\t\t<span class=\"chip\"><p>Rozliczenie: <strong>na bud\u017cet<\/strong><\/p>\n<\/span>\n                                \t\t\t\t\t\t\t\t\t<span class=\"chip\"><p><strong>Walonia<\/strong><\/p>\n<\/span>\n                                \t\t\t\t\t\t\t<\/div>\n                        \n                        \t\t\t\t\t\t\t<a href=\"https:\/\/komfort.be\/pl\/kontakt\/\" class=\"btn\">\n                                Zapytaj o szczeg\u00f3\u0142y\t\t\t\t\t\t\t<\/a>\n                        \t\t\t\t\t<\/div>\n\t\t\t\t<\/div>\n            \t\t\t\t<div class=\"history__item\">\n                    \t\t\t\t\t\t<div class=\"history__photo\">\n\t\t\t\t\t\t\t<img src=\"https:\/\/komfort.be\/pl\/wp-content\/uploads\/sites\/6\/2025\/08\/dach-plaski-belgia.webp\" alt=\"\" class=\"attachment-thumbnail size-thumbnail\">\n\t\t\t\t\t\t<\/div>\n                    \n\t\t\t\t\t<div class=\"history__content\">\n\t\t\t\t\t\t<div class=\"title-section\">\n\t\t\t\t\t\t\t<h4>Renowacja dachu i miejscowe naprawy, papa i \u0142upek, Belgia<\/h4>\n\t\t\t\t\t\t<\/div>\n\t\t\t\t\t\t<div><p>Zapytanie ofertowe na prace dachowe &#8211; wykonanie dachu p\u0142askiego oraz renowacj\u0119 dachu spadzistego. W zakresie prac m.in.: dach p\u0142aski dla po\u0142\u0105czenia dw\u00f3ch budynk\u00f3w oraz renowacja dachu spadzistego, w tym ewentualne punktowe wymiany pokrycia z \u0142upka. Ekipa podwykonawcy powinna mie\u0107 do\u015bwiadczenie, podstawowe narz\u0119dzia i sprz\u0119t BHP, A1, certyfikat VCA oraz polis\u0119 z rozszerzeniem na UE. Zleceniodawca zapewnia rusztowania, materia\u0142y i sprz\u0119t ci\u0119\u017cki.<\/p>\n<\/div>\n\n                        \t\t\t\t\t\t\t<div class=\"chips-wrapper\">\n                                \t\t\t\t\t\t\t\t\t<span class=\"chip\"><p><strong>Robocizna<\/strong><\/p>\n<\/span>\n                                \t\t\t\t\t\t\t\t\t<span class=\"chip\"><p>Typ obiektu:<strong> Budynek publiczny<\/strong><\/p>\n<\/span>\n                                \t\t\t\t\t\t\t\t\t<span class=\"chip\"><p>Start:<strong> wrzesie\u0144 2025<\/strong><\/p>\n<\/span>\n                                \t\t\t\t\t\t\t\t\t<span class=\"chip\"><p>Rozliczenie: <strong>na bud\u017cet<\/strong><\/p>\n<\/span>\n                                \t\t\t\t\t\t\t\t\t<span class=\"chip\"><p><strong>Walonia<\/strong><\/p>\n<\/span>\n                                \t\t\t\t\t\t\t<\/div>\n                        \n                        \t\t\t\t\t\t\t<a href=\"https:\/\/komfort.be\/pl\/kontakt\/\" class=\"btn\">\n                                Zapytaj o szczeg\u00f3\u0142y\t\t\t\t\t\t\t<\/a>\n                        \t\t\t\t\t<\/div>\n\t\t\t\t<\/div>\n            \t\t\t\t<div class=\"history__item\">\n                    \t\t\t\t\t\t<div class=\"history__photo\">\n\t\t\t\t\t\t\t<img src=\"https:\/\/komfort.be\/pl\/wp-content\/uploads\/sites\/6\/2025\/09\/zlecenie-elewacje-murowane-belgia.webp\" alt=\"\" class=\"attachment-thumbnail size-thumbnail\">\n\t\t\t\t\t\t<\/div>\n                    \n\t\t\t\t\t<div class=\"history__content\">\n\t\t\t\t\t\t<div class=\"title-section\">\n\t\t\t\t\t\t\t<h4>Wykonanie elewacji murowanej, Belgia<\/h4>\n\t\t\t\t\t\t<\/div>\n\t\t\t\t\t\t<div><p>Zapytanie ofertowe dotyczy wykonania elewacji murowanej na osiedlu 20 budynk\u00f3w mieszkalnych w regionie Antwerpii. Prace obejmuj\u0105 m.in. monta\u017c izolacji z we\u0142ny mineralnej, wykonanie mur\u00f3w elewacyjnych oraz wsporniki\/konsole, a tak\u017ce obr\u00f3bki z o\u0142owiu przy kraw\u0119dziach dachu. Ekipa podwykonawcy powinna posiada\u0107 podstawowe narz\u0119dzia, sprz\u0119t BHP, A1, certyfikaty VCA i polis\u0119 OC z rozszerzeniem na teren UE. Zleceniodawca zapewnia rusztowania, materia\u0142y oraz sprz\u0119t ci\u0119\u017cki.<\/p>\n<\/div>\n\n                        \t\t\t\t\t\t\t<div class=\"chips-wrapper\">\n                                \t\t\t\t\t\t\t\t\t<span class=\"chip\"><p><strong>Robocizna<\/strong><\/p>\n<\/span>\n                                \t\t\t\t\t\t\t\t\t<span class=\"chip\"><p>Typ obiektu:<strong> Osiedle<\/strong><\/p>\n<\/span>\n                                \t\t\t\t\t\t\t\t\t<span class=\"chip\"><p>Start: <strong>po\u0142owa pa\u017adziernika 2025<\/strong><\/p>\n<\/span>\n                                \t\t\t\t\t\t\t\t\t<span class=\"chip\"><p>Rozliczenie: <strong>na bud\u017cet<\/strong><\/p>\n<\/span>\n                                \t\t\t\t\t\t\t\t\t<span class=\"chip\"><p><strong>region Antwerpii<\/strong><\/p>\n<\/span>\n                                \t\t\t\t\t\t\t<\/div>\n                        \n                        \t\t\t\t\t\t\t<a href=\"https:\/\/komfort.be\/pl\/kontakt\/\" class=\"btn\">\n                                Zapytaj o szczeg\u00f3\u0142y\t\t\t\t\t\t\t<\/a>\n                        \t\t\t\t\t<\/div>\n\t\t\t\t<\/div>\n            \t\t\t\t<div class=\"history__item\">\n                    \t\t\t\t\t\t<div class=\"history__photo\">\n\t\t\t\t\t\t\t<img src=\"https:\/\/komfort.be\/pl\/wp-content\/uploads\/sites\/6\/2025\/09\/Zlecenie-elewacja-drewno-1.webp\" alt=\"\" class=\"attachment-thumbnail size-thumbnail\">\n\t\t\t\t\t\t<\/div>\n                    \n\t\t\t\t\t<div class=\"history__content\">\n\t\t\t\t\t\t<div class=\"title-section\">\n\t\t\t\t\t\t\t<h4>Ob\u0142o\u017cenie elewacji drewnem na nowym budynku, Belgia<\/h4>\n\t\t\t\t\t\t<\/div>\n\t\t\t\t\t\t<div><p>Zapytanie ofertowe na wykonanie ob\u0142o\u017cenia elewacji drewnem na nowym budynku w regionie Liege. Kierownik budowy b\u0119dzie obecny na czas trwania prac. Na miejscu znajduje si\u0119 te\u017c kontener socjalny. Wymagane podstawowe narz\u0119dzia, sprz\u0119t BHP, A1, VCA oraz polisa OC z rozszerzeniem na teren Unii Europejskiej. Zleceniodawca dostarcza materia\u0142y niezb\u0119dne do pracy, drobne materia\u0142y rusztowanie oraz kontenery na odpady i ich wyw\u00f3z.<\/p>\n<\/div>\n\n                        \t\t\t\t\t\t\t<div class=\"chips-wrapper\">\n                                \t\t\t\t\t\t\t\t\t<span class=\"chip\"><p><strong>Robocizna<\/strong><\/p>\n<\/span>\n                                \t\t\t\t\t\t\t\t\t<span class=\"chip\"><p>Typ obiektu:<strong> Budynek publiczny<\/strong><\/p>\n<\/span>\n                                \t\t\t\t\t\t\t\t\t<span class=\"chip\"><p>Start:<strong> pocz\u0105tek listopada 2025<\/strong><\/p>\n<\/span>\n                                \t\t\t\t\t\t\t\t\t<span class=\"chip\"><p>Rozliczenie: <strong>na bud\u017cet<\/strong><\/p>\n<\/span>\n                                \t\t\t\t\t\t\t\t\t<span class=\"chip\"><p><strong>region Liege<\/strong><\/p>\n<\/span>\n                                \t\t\t\t\t\t\t<\/div>\n                        \n                        \t\t\t\t\t\t\t<a href=\"https:\/\/komfort.be\/pl\/kontakt\/\" class=\"btn\">\n                                Zapytaj o szczeg\u00f3\u0142y\t\t\t\t\t\t\t<\/a>\n                        \t\t\t\t\t<\/div>\n\t\t\t\t<\/div>\n            \t\t\t\t<div class=\"history__item\">\n                    \t\t\t\t\t\t<div class=\"history__photo\">\n\t\t\t\t\t\t\t<img src=\"https:\/\/komfort.be\/pl\/wp-content\/uploads\/sites\/6\/2025\/09\/Zlecenie-elewacja-drewno-1.webp\" alt=\"\" class=\"attachment-thumbnail size-thumbnail\">\n\t\t\t\t\t\t<\/div>\n                    \n\t\t\t\t\t<div class=\"history__content\">\n\t\t\t\t\t\t<div class=\"title-section\">\n\t\t\t\t\t\t\t<h4>Dach p\u0142aski na nowym budynku publicznym, Belgia<\/h4>\n\t\t\t\t\t\t<\/div>\n\t\t\t\t\t\t<div><p>Zlecenie dotyczy wykonania dachu p\u0142askiego na nowym budynku publicznym w regionie Liege. Do wykonania mi\u0119dzy innymi izolacja dachu, monta\u017c pokrycia z membrany EPDM oraz wyko\u0144czenie attyki. Kierownik budowy b\u0119dzie obecny na czas trwania prac. Na miejscu znajduje si\u0119 te\u017c kontener socjalny. Wymagane podstawowe narz\u0119dzia, sprz\u0119t BHP, A1, VCA oraz polisa OC z rozszerzeniem na teren Unii Europejskiej. Zleceniodawca dostarcza materia\u0142y niezb\u0119dne do pracy, drobne materia\u0142y rusztowanie oraz kontenery na odpady i ich wyw\u00f3z.<\/p>\n<\/div>\n\n                        \t\t\t\t\t\t\t<div class=\"chips-wrapper\">\n                                \t\t\t\t\t\t\t\t\t<span class=\"chip\"><p><strong>Robocizna<\/strong><\/p>\n<\/span>\n                                \t\t\t\t\t\t\t\t\t<span class=\"chip\"><p>Typ obiektu:<strong> Budynek publiczny<\/strong><\/p>\n<\/span>\n                                \t\t\t\t\t\t\t\t\t<span class=\"chip\"><p>Start:<strong> jak najszybciej<\/strong><\/p>\n<\/span>\n                                \t\t\t\t\t\t\t\t\t<span class=\"chip\"><p>Rozliczenie: <strong>na bud\u017cet<\/strong><\/p>\n<\/span>\n                                \t\t\t\t\t\t\t\t\t<span class=\"chip\"><p><strong>region Liege<\/strong><\/p>\n<\/span>\n                                \t\t\t\t\t\t\t<\/div>\n                        \n                        \t\t\t\t\t\t\t<a href=\"https:\/\/komfort.be\/pl\/kontakt\/\" class=\"btn\">\n                                Zapytaj o szczeg\u00f3\u0142y\t\t\t\t\t\t\t<\/a>\n                        \t\t\t\t\t<\/div>\n\t\t\t\t<\/div>\n            \t\t<\/div>\n    <\/div>\n<\/div><\/div><div id=\"panel-gb4026-69e350666ea8d-0-0-1\" class=\"so-panel widget widget_single-team-member panel-last-child\" data-index=\"1\" ><div class=\"so-widget-single-team-member so-widget-single-team-member-base\"><div class=\"people people--single\">\n\t<div class=\"slide-people slide-people--single\">\n\t\t<div class=\"slide-people__image\">\n\t\t\t<div class=\"slide-people__box\">\n                \t\t\t\t\t<img src=\"https:\/\/komfort.be\/pl\/wp-content\/uploads\/sites\/6\/2018\/11\/building-plan.svg\" alt=\"Ikona\">\n                \t\t\t<\/div>\n\t\t\t<div class=\"slide-people__circle\">\n\t\t\t\t<div class=\"slide-people__gradient\">\n\t\t\t\t\t<div class=\"gradient\"><\/div>\n\t\t\t\t\t<div class=\"gradient\"><\/div>\n\t\t\t\t\t<div class=\"gradient\"><\/div>\n\t\t\t\t\t<div class=\"gradient\"><\/div>\n\t\t\t\t<\/div>\n\t\t\t\t<div class=\"slide-people__heads\">\n                                            \t\t\t\t\t\t\t<div class=\"head\" style=\"background: url('https:\/\/komfort.be\/pl\/wp-content\/uploads\/sites\/6\/2025\/06\/zlecenia-dachowe-komfort.webp'); background-size: cover;\"><\/div>\n                                                                    \t\t\t\t\t\t\t<div class=\"head\" style=\"background: url('https:\/\/komfort.be\/pl\/wp-content\/uploads\/sites\/6\/2025\/06\/zlecenia-dachy-belgia.webp'); background-size: cover;\"><\/div>\n                                                                    \t\t\t\t\t\t\t<div class=\"head\" style=\"background: url('https:\/\/komfort.be\/pl\/wp-content\/uploads\/sites\/6\/2025\/06\/zlecenia-dekarskie-w-belgii.webp'); background-size: cover;\"><\/div>\n                                            \t\t\t\t<\/div>\n\t\t\t<\/div>\n\t\t<\/div>\n\t\t<div class=\"slide-people__wrapper\">\n\t\t\t<div class=\"slide-people__title\">\n\t\t\t\t<h3>Sprawd\u017a inne zlecenia dekarskie<\/h3>\n\t\t\t<\/div>\n\n\t\t\t<div class=\"slide-people__description\">\n\t\t\t\t<div class=\"text\">\n                    Chcesz dowiedzie\u0107 si\u0119 wi\u0119cej o wszystkich zleceniach dekarskich w naszej ofercie? Skontaktuj si\u0119 z nami, a przeka\u017cemy Ci informacje, kt\u00f3rych potrzebujesz do przygotowania wyceny. \t\t\t\t<\/div>\n\t\t\t\t<div class=\"full-text\">\n                    Chcesz dowiedzie\u0107 si\u0119 wi\u0119cej o wszystkich zleceniach dekarskich w naszej ofercie? Skontaktuj si\u0119 z nami, a przeka\u017cemy Ci informacje, kt\u00f3rych potrzebujesz do przygotowania wyceny. \t\t\t\t<\/div>\n\t\t\t\n\t\t\t<\/div>\n\n            \t\t\t\t<div class=\"people__button\">\n\t\t\t\t\t<a class=\"btn\" href=\"\">\n                        Skontaktuj si\u0119 z nami\t\t\t\t\t<\/a>\n\t\t\t\t<\/div>\n            \t\t<\/div>\n\t<\/div>\n<\/div>\n<\/div><\/div><\/div><\/div><\/div>","protected":false},"excerpt":{"rendered":"","protected":false},"author":2,"featured_media":4058,"parent":0,"menu_order":0,"comment_status":"closed","ping_status":"closed","template":"","meta":[],"yoast_head":"<!-- This site is optimized with the Yoast SEO plugin v18.6 - https:\/\/yoast.com\/wordpress\/plugins\/seo\/ -->\n<title>Zlecenia dekarskie - KomFort Building in Europe<\/title>\n<meta name=\"description\" content=\"Aktualne zlecenia dekarskie w Belgii. Sprawd\u017a dost\u0119pne zapytania na dachy p\u0142askie i sko\u015bne. Skontaktuj si\u0119 z nami po wi\u0119cej informacji!\" \/>\n<meta name=\"robots\" content=\"index, follow, max-snippet:-1, max-image-preview:large, max-video-preview:-1\" \/>\n<link rel=\"canonical\" href=\"https:\/\/komfort.be\/pl\/zlecenia-dekarskie\/\" \/>\n<meta property=\"og:locale\" content=\"pl_PL\" \/>\n<meta property=\"og:type\" content=\"article\" \/>\n<meta property=\"og:title\" content=\"Zlecenia dekarskie - KomFort Building in Europe\" \/>\n<meta property=\"og:description\" content=\"Aktualne zlecenia dekarskie w Belgii. Sprawd\u017a dost\u0119pne zapytania na dachy p\u0142askie i sko\u015bne. Skontaktuj si\u0119 z nami po wi\u0119cej informacji!\" \/>\n<meta property=\"og:url\" content=\"https:\/\/komfort.be\/pl\/zlecenia-dekarskie\/\" \/>\n<meta property=\"og:site_name\" content=\"KomFort PL\" \/>\n<meta property=\"article:modified_time\" content=\"2025-09-18T09:25:33+00:00\" \/>\n<meta name=\"twitter:card\" content=\"summary_large_image\" \/>\n<meta name=\"twitter:image\" content=\"https:\/\/komfort.be\/pl\/wp-content\/uploads\/sites\/6\/2025\/06\/prace-dachowe-belgia.webp\" \/>\n<meta name=\"twitter:label1\" content=\"Szacowany czas czytania\" \/>\n\t<meta name=\"twitter:data1\" content=\"6 minut\" \/>\n<script type=\"application\/ld+json\" class=\"yoast-schema-graph\">{\"@context\":\"https:\/\/schema.org\",\"@graph\":[{\"@type\":\"WebSite\",\"@id\":\"https:\/\/komfort.be\/pl\/#website\",\"url\":\"https:\/\/komfort.be\/pl\/\",\"name\":\"KomFort PL\",\"description\":\"Wspieramy Twoj\u0105 Budow\u0119 w Unii Europejskiej. Stawiamy na skuteczno\u015b\u0107 promocji firm budowlanych.\",\"potentialAction\":[{\"@type\":\"SearchAction\",\"target\":{\"@type\":\"EntryPoint\",\"urlTemplate\":\"https:\/\/komfort.be\/pl\/?s={search_term_string}\"},\"query-input\":\"required name=search_term_string\"}],\"inLanguage\":\"pl-PL\"},{\"@type\":\"ImageObject\",\"@id\":\"https:\/\/komfort.be\/pl\/zlecenia-dekarskie\/#primaryimage\",\"inLanguage\":\"pl-PL\",\"url\":\"https:\/\/komfort.be\/pl\/wp-content\/uploads\/sites\/6\/2025\/06\/prace-dachowe-belgia.webp\",\"contentUrl\":\"https:\/\/komfort.be\/pl\/wp-content\/uploads\/sites\/6\/2025\/06\/prace-dachowe-belgia.webp\",\"width\":1024,\"height\":1024,\"caption\":\"Prace dachowe na budynku mieszkalnym - Belgia\"},{\"@type\":\"WebPage\",\"@id\":\"https:\/\/komfort.be\/pl\/zlecenia-dekarskie\/#webpage\",\"url\":\"https:\/\/komfort.be\/pl\/zlecenia-dekarskie\/\",\"name\":\"Zlecenia dekarskie - KomFort Building in Europe\",\"isPartOf\":{\"@id\":\"https:\/\/komfort.be\/pl\/#website\"},\"primaryImageOfPage\":{\"@id\":\"https:\/\/komfort.be\/pl\/zlecenia-dekarskie\/#primaryimage\"},\"datePublished\":\"2025-06-02T08:17:24+00:00\",\"dateModified\":\"2025-09-18T09:25:33+00:00\",\"description\":\"Aktualne zlecenia dekarskie w Belgii. Sprawd\u017a dost\u0119pne zapytania na dachy p\u0142askie i sko\u015bne. Skontaktuj si\u0119 z nami po wi\u0119cej informacji!\",\"breadcrumb\":{\"@id\":\"https:\/\/komfort.be\/pl\/zlecenia-dekarskie\/#breadcrumb\"},\"inLanguage\":\"pl-PL\",\"potentialAction\":[{\"@type\":\"ReadAction\",\"target\":[\"https:\/\/komfort.be\/pl\/zlecenia-dekarskie\/\"]}]},{\"@type\":\"BreadcrumbList\",\"@id\":\"https:\/\/komfort.be\/pl\/zlecenia-dekarskie\/#breadcrumb\",\"itemListElement\":[{\"@type\":\"ListItem\",\"position\":1,\"name\":\"Strona g\u0142\u00f3wna\",\"item\":\"https:\/\/komfort.be\/pl\/\"},{\"@type\":\"ListItem\",\"position\":2,\"name\":\"Zlecenia dekarskie\"}]}]}<\/script>\n<!-- \/ Yoast SEO plugin. -->","yoast_head_json":{"title":"Zlecenia dekarskie - KomFort Building in Europe","description":"Aktualne zlecenia dekarskie w Belgii. Sprawd\u017a dost\u0119pne zapytania na dachy p\u0142askie i sko\u015bne. Skontaktuj si\u0119 z nami po wi\u0119cej informacji!","robots":{"index":"index","follow":"follow","max-snippet":"max-snippet:-1","max-image-preview":"max-image-preview:large","max-video-preview":"max-video-preview:-1"},"canonical":"https:\/\/komfort.be\/pl\/zlecenia-dekarskie\/","og_locale":"pl_PL","og_type":"article","og_title":"Zlecenia dekarskie - KomFort Building in Europe","og_description":"Aktualne zlecenia dekarskie w Belgii. Sprawd\u017a dost\u0119pne zapytania na dachy p\u0142askie i sko\u015bne. Skontaktuj si\u0119 z nami po wi\u0119cej informacji!","og_url":"https:\/\/komfort.be\/pl\/zlecenia-dekarskie\/","og_site_name":"KomFort PL","article_modified_time":"2025-09-18T09:25:33+00:00","twitter_card":"summary_large_image","twitter_image":"https:\/\/komfort.be\/pl\/wp-content\/uploads\/sites\/6\/2025\/06\/prace-dachowe-belgia.webp","twitter_misc":{"Szacowany czas czytania":"6 minut"},"schema":{"@context":"https:\/\/schema.org","@graph":[{"@type":"WebSite","@id":"https:\/\/komfort.be\/pl\/#website","url":"https:\/\/komfort.be\/pl\/","name":"KomFort PL","description":"Wspieramy Twoj\u0105 Budow\u0119 w Unii Europejskiej. Stawiamy na skuteczno\u015b\u0107 promocji firm budowlanych.","potentialAction":[{"@type":"SearchAction","target":{"@type":"EntryPoint","urlTemplate":"https:\/\/komfort.be\/pl\/?s={search_term_string}"},"query-input":"required name=search_term_string"}],"inLanguage":"pl-PL"},{"@type":"ImageObject","@id":"https:\/\/komfort.be\/pl\/zlecenia-dekarskie\/#primaryimage","inLanguage":"pl-PL","url":"https:\/\/komfort.be\/pl\/wp-content\/uploads\/sites\/6\/2025\/06\/prace-dachowe-belgia.webp","contentUrl":"https:\/\/komfort.be\/pl\/wp-content\/uploads\/sites\/6\/2025\/06\/prace-dachowe-belgia.webp","width":1024,"height":1024,"caption":"Prace dachowe na budynku mieszkalnym - Belgia"},{"@type":"WebPage","@id":"https:\/\/komfort.be\/pl\/zlecenia-dekarskie\/#webpage","url":"https:\/\/komfort.be\/pl\/zlecenia-dekarskie\/","name":"Zlecenia dekarskie - KomFort Building in Europe","isPartOf":{"@id":"https:\/\/komfort.be\/pl\/#website"},"primaryImageOfPage":{"@id":"https:\/\/komfort.be\/pl\/zlecenia-dekarskie\/#primaryimage"},"datePublished":"2025-06-02T08:17:24+00:00","dateModified":"2025-09-18T09:25:33+00:00","description":"Aktualne zlecenia dekarskie w Belgii. Sprawd\u017a dost\u0119pne zapytania na dachy p\u0142askie i sko\u015bne. Skontaktuj si\u0119 z nami po wi\u0119cej informacji!","breadcrumb":{"@id":"https:\/\/komfort.be\/pl\/zlecenia-dekarskie\/#breadcrumb"},"inLanguage":"pl-PL","potentialAction":[{"@type":"ReadAction","target":["https:\/\/komfort.be\/pl\/zlecenia-dekarskie\/"]}]},{"@type":"BreadcrumbList","@id":"https:\/\/komfort.be\/pl\/zlecenia-dekarskie\/#breadcrumb","itemListElement":[{"@type":"ListItem","position":1,"name":"Strona g\u0142\u00f3wna","item":"https:\/\/komfort.be\/pl\/"},{"@type":"ListItem","position":2,"name":"Zlecenia dekarskie"}]}]}},"_links":{"self":[{"href":"https:\/\/komfort.be\/pl\/wp-json\/wp\/v2\/pages\/4026"}],"collection":[{"href":"https:\/\/komfort.be\/pl\/wp-json\/wp\/v2\/pages"}],"about":[{"href":"https:\/\/komfort.be\/pl\/wp-json\/wp\/v2\/types\/page"}],"author":[{"embeddable":true,"href":"https:\/\/komfort.be\/pl\/wp-json\/wp\/v2\/users\/2"}],"replies":[{"embeddable":true,"href":"https:\/\/komfort.be\/pl\/wp-json\/wp\/v2\/comments?post=4026"}],"version-history":[{"count":52,"href":"https:\/\/komfort.be\/pl\/wp-json\/wp\/v2\/pages\/4026\/revisions"}],"predecessor-version":[{"id":4244,"href":"https:\/\/komfort.be\/pl\/wp-json\/wp\/v2\/pages\/4026\/revisions\/4244"}],"wp:featuredmedia":[{"embeddable":true,"href":"https:\/\/komfort.be\/pl\/wp-json\/wp\/v2\/media\/4058"}],"wp:attachment":[{"href":"https:\/\/komfort.be\/pl\/wp-json\/wp\/v2\/media?parent=4026"}],"curies":[{"name":"wp","href":"https:\/\/api.w.org\/{rel}","templated":true}]}}