{"id":3,"date":"2018-08-21T09:31:45","date_gmt":"2018-08-21T07:31:45","guid":{"rendered":"http:\/\/komfort.dev\/?page_id=3"},"modified":"2019-05-21T15:48:25","modified_gmt":"2019-05-21T13:48:25","slug":"polityka-prywatnosci","status":"publish","type":"page","link":"https:\/\/komfort.be\/pl\/polityka-prywatnosci\/","title":{"rendered":"Polityka prywatno\u015bci"},"content":{"rendered":"<div id=\"pl-3\"  class=\"panel-layout\" ><div id=\"pg-3-0\"  class=\"panel-grid panel-no-style\" ><div id=\"pgc-3-0-0\"  class=\"panel-grid-cell\" ><div id=\"panel-3-0-0-0\" class=\"so-panel widget widget_text panel-first-child panel-last-child\" data-index=\"0\" ><div class=\"so-widget-text so-widget-text-base\"><div class=\"text-content content-wrapper\">\n    <p><b>Drogi U\u017cytkowniku!<\/b><\/p>\n<p><span style=\"font-weight: 400;\">Niniejsza Polityka prywatno\u015bci ma na celu przekazanie Ci informacji na temat tego, w jaki spos\u00f3b wykorzystywane s\u0105 dane zbierane podczas Twoich wizyt na naszej stronie internetowej. S\u0142u\u017cy ona przekazaniu Ci informacji, o kt\u00f3rych mowa w art. 13 rozporz\u0105dzenia Parlamentu Europejskiego i Rady (UE) 2016\/679 z dnia 27 kwietnia 2016 r. w sprawie ochrony os\u00f3b fizycznych w zwi\u0105zku z przetwarzaniem danych osobowych i w sprawie swobodnego przep\u0142ywu takich danych oraz uchylenia dyrektywy 95\/46\/WE (og\u00f3lne rozporz\u0105dzenie o ochronie danych), zwanego dalej \u201eRODO\u201d, kt\u00f3re obowi\u0105zuje od 25 maja 2018 r.<\/span><\/p>\n<p>&nbsp;<\/p>\n<ul>\n<li><b>Kto jest administratorem Twoich danych osobowych?<\/b><\/li>\n<\/ul>\n<p>&nbsp;<\/p>\n<p><span style=\"font-weight: 400;\">Administratorem danych osobowych jest: KFE Holding Sp. z o.o. z siedzib\u0105 w Warszawie ul. Czerniakowska 71, numer KRS 0000255059. Mog\u0105 nas Pa\u0144stwo identyfikowa\u0107 z markami, kt\u00f3rych jeste\u015bmy w\u0142a\u015bcicielem, tj.: KomFort Building in Europe, KomFort BASE, Legal Building, Mediren.<\/span><\/p>\n<p><span style=\"font-weight: 400;\">We wszystkich kwestiach zwi\u0105zanych z ochron\u0105 danych osobowych mo\u017cesz skontaktowa\u0107 si\u0119 z nami mailowo na adres: <\/span><a href=\"mailto:rodo@komfort.be\"><span style=\"font-weight: 400;\">rodo@komfort.be<\/span><\/a><\/p>\n<p>&nbsp;<\/p>\n<ul>\n<li><b>W jakim celu pozyskujemy Twoje dane i na jakiej podstawie je wykorzystujemy?<\/b><\/li>\n<\/ul>\n<p>&nbsp;<\/p>\n<p><span style=\"font-weight: 400;\">Twoje dane osobowe s\u0105 nam potrzebne i przez nas przetwarzane w celu:<\/span><\/p>\n<ul>\n<li style=\"font-weight: 400;\"><span style=\"font-weight: 400;\">gdy przetwarzanie jest niezb\u0119dne do wykonania zawieranej z Tob\u0105 umowy lub do podj\u0119cia dzia\u0142a\u0144 na Twoje \u017c\u0105danie przed zawarciem umowy - art. 6 ust. 1 lit. b Rozporz\u0105dzenia Parlamentu Europejskiego i Rady (UE) 2016\/679 z dnia 27 kwietnia 2016 roku w sprawie ochrony os\u00f3b fizycznych z zwi\u0105zku z przetwarzaniem danych osobowych i w sprawie swobodnego przep\u0142ywu takich danych oraz uchylenia dyrektywy 95\/46\/WE (RODO),<\/span><\/li>\n<li style=\"font-weight: 400;\"><span style=\"font-weight: 400;\">gdy jeste\u015b proszony o wyra\u017cenie zgody na przetwarzanie danych w oznaczonym celu - art. 6 ust. 1 lit. a RODO,<\/span><\/li>\n<li style=\"font-weight: 400;\"><span style=\"font-weight: 400;\">gdy mamy do zrealizowania tzw. prawnie uzasadnione interesy, np. przyj\u0119cie Twojego zapytania i udzielenie na nie odpowiedzi, rozwi\u0105zanie sporu, utrzymanie kontakt\u00f3w biznesowych, identyfikacja reprezentant\u00f3w, os\u00f3b kontaktowych lub innych pracownik\u00f3w lub wsp\u00f3\u0142pracownik\u00f3w naszych klient\u00f3w dzia\u0142aj\u0105cych w imieniu tych\u017ce naszych klient\u00f3w \u2013 art. 6 ust. 1 lit. f RODO,<\/span><\/li>\n<li style=\"font-weight: 400;\"><span style=\"font-weight: 400;\">gdy przetwarzanie jest niezb\u0119dne do wype\u0142nienia obowi\u0105zku prawnego ci\u0105\u017c\u0105cego na nas, np. w razie konieczno\u015bci udost\u0119pnienia danych osobowych organom pa\u0144stwowym \u2013 art. 6 ust. 1 lit. c RODO.<\/span><\/li>\n<\/ul>\n<p><span style=\"font-weight: 400;\">Inne przyk\u0142ady prawnie uzasadnionego interesu o kt\u00f3rym mowa powy\u017cej obejmuj\u0105:<\/span><\/p>\n<ul>\n<li style=\"font-weight: 400;\"><span style=\"font-weight: 400;\">personalizacja do\u015bwiadcze\u0144 u\u017cytkownik\u00f3w online oraz poprawa wydajno\u015bci, u\u017cyteczno\u015bci i efektywno\u015bci obecno\u015bci Administratora w Internecie,<\/span><\/li>\n<li style=\"font-weight: 400;\"><span style=\"font-weight: 400;\">przeprowadzanie oraz analizowanie naszej dzia\u0142alno\u015bci marketingowej chyba, \u017ce zgodnie z przepisami prawa wymaga to udzielenia odr\u0119bnej zgody,<\/span><\/li>\n<li style=\"font-weight: 400;\"><span style=\"font-weight: 400;\">zapobieganie nadu\u017cyciom, dzia\u0142aniom o charakterze kryminalnym oraz dzia\u0142anie w celu ochrony naszych system\u00f3w IT,<\/span><\/li>\n<\/ul>\n<p>&nbsp;<\/p>\n<p>&nbsp;<\/p>\n<ul>\n<li><b>Jakie dane osobowe przetwarzamy?<\/b><\/li>\n<\/ul>\n<p>&nbsp;<\/p>\n<p><span style=\"font-weight: 400;\">Podczas Twojej wizyty na naszej stronie internetowej przetwarzamy nast\u0119puj\u0105ce dane osobowe:<\/span><\/p>\n<ul>\n<li style=\"font-weight: 400;\"><span style=\"font-weight: 400;\">dane podawane dobrowolnie<\/span><\/li>\n<\/ul>\n<p><span style=\"font-weight: 400;\">W ramach naszej strony internetowej udost\u0119pniamy formularz kontaktowy, kt\u00f3ry umo\u017cliwia Ci przes\u0142anie nam wiadomo\u015bci. W zwi\u0105zku z przes\u0142aniem wiadomo\u015bci przetwarzamy Twoje imi\u0119 i nazwisko, nazw\u0119 firmy oraz adres e-mail.<\/span><\/p>\n<ul>\n<li style=\"font-weight: 400;\"><span style=\"font-weight: 400;\">dane zbierane automatycznie<\/span><\/li>\n<\/ul>\n<p><span style=\"font-weight: 400;\">Podczas korzystania przez Ciebie z naszej strony internetowej zbieramy i gromadzimy informacje takie jak: Tw\u00f3j adres IP, adres URL \u017c\u0105dania, identyfikator urz\u0105dzenia, ilo\u015b\u0107 czasu sp\u0119dzonego na poszczeg\u00f3lnych stronach, typ przegl\u0105darki, j\u0119zyk przegl\u0105darki, data i godzina korzystania z Serwisu, rozdzielczo\u015b\u0107 ekranu , typ i wersja systemu operacyjnego, a tak\u017ce inne tego typu informacje.<\/span><\/p>\n<p>&nbsp;<\/p>\n<ul>\n<li><b>Czy przetwarzane s\u0105 moje \u201ewra\u017cliwe\u201d dane osobowe?<\/b><\/li>\n<\/ul>\n<p>&nbsp;<\/p>\n<p><span style=\"font-weight: 400;\">Administrator nie zbiera w spos\u00f3b celowy \u201ewra\u017cliwych\u201d danych osobowych, chyba \u017ce taki obowi\u0105zek wynika z przepis\u00f3w obowi\u0105zuj\u0105cego prawa, na przyk\u0142ad w celach rekrutacyjnych. Dane wra\u017cliwe obejmuj\u0105 dane osobowe dotycz\u0105ce pochodzenia rasowego lub etnicznego, pogl\u0105d\u00f3w politycznych, przynale\u017cno\u015bci do zwi\u0105zku zawodowego, przekona\u0144 religijnych\/wyznania lub \u015bwiatopogl\u0105du, stanu zdrowia, seksualno\u015bci, orientacji seksualnej lub karalno\u015bci u\u017cytkownika, jak te\u017c dane genetyczne lub biometryczne.<\/span><\/p>\n<p><span style=\"font-weight: 400;\">Apelujemy do u\u017cytkownik\u00f3w, aby kierowali si\u0119 rozwag\u0105, przekazuj\u0105c nam wra\u017cliwe informacje i w \u017cadnym razie nie przekazywali nam wra\u017cliwych informacji, chyba \u017ce wyra\u017c\u0105 wyra\u017an\u0105 zgod\u0119 na wykorzystywanie takich informacji przez Administratora w celu prowadzenia przez nas legalnej dzia\u0142alno\u015bci oraz na powierzenie przetwarzania i przechowywanie takich danych w naszych bazach danych. W razie jakichkolwiek pyta\u0144 dotycz\u0105cych tego czy przekazywanie nam wra\u017cliwych informacji jest lub mo\u017ce by\u0107 wymagane w konkretnym przypadku, prosimy o kontakt z nami pod adresem e-mail: rodo@komfort.be<\/span><\/p>\n<p>&nbsp;<\/p>\n<ul>\n<li><b>Czy podanie danych jest obowi\u0105zkowe?<\/b><\/li>\n<\/ul>\n<p>&nbsp;<\/p>\n<p><span style=\"font-weight: 400;\">Podanie danych osobowych jest ca\u0142kowicie dobrowolne. Jednak\u017ce w sytuacji gdy podstaw\u0105 przetwarzania danych osobowych jest zgoda, jej brak uniemo\u017cliwi nam podj\u0119cie dzia\u0142ania, kt\u00f3rego ta zgoda dotyczy. Wyra\u017con\u0105 zgod\u0119 mo\u017cna cofn\u0105\u0107 w ka\u017cdej chwili, jednak nie b\u0119dzie to mia\u0142o wp\u0142ywu na zgodno\u015b\u0107 z prawem przetwarzania przez nas Twoich danych osobowych, kt\u00f3rego dokonali\u015bmy na podstawie zgody przed jej cofni\u0119ciem.<\/span><\/p>\n<p><span style=\"font-weight: 400;\">Podczas wizyty na naszej stronie internetowej podawanie danych osobowych nie jest konieczne, jednak\u017ce Administrator mo\u017ce wymaga\u0107 przes\u0142ania okre\u015blonych danych, je\u015bli u\u017cytkownik chce uzyska\u0107 dodatkowe informacje na temat naszych us\u0142ug lub wydarze\u0144. U\u017cytkownik mo\u017ce tak\u017ce zosta\u0107 zapytany przez Administratora, czy wyra\u017ca zgod\u0119 na przetwarzanie swoich danych osobowych w okre\u015blony spos\u00f3b, na co u\u017cytkownik mo\u017ce wyrazi\u0107 zgod\u0119 lub odm\u00f3wi\u0107. U\u017cytkownik otrzymuj\u0105cy okre\u015blone informacje lub us\u0142ugi, takie jak newsletter, mo\u017ce w ka\u017cdej chwili zrezygnowa\u0107 z jego subskrypcji, post\u0119puj\u0105c zgodnie z instrukcjami zawartymi w ka\u017cdym takim przesy\u0142anym dokumencie. W przypadku rezygnacji z subskrypcji, Administrator stara si\u0119 niezw\u0142ocznie usun\u0105\u0107 informacje na temat u\u017cytkownika, jednak\u017ce mo\u017ce okaza\u0107 si\u0119, \u017ce w celu spe\u0142nienia \u017cyczenia u\u017cytkownika konieczne b\u0119dzie podanie przez niego dodatkowych danych.<\/span><\/p>\n<p><span style=\"font-weight: 400;\">W pkt. 7 wskazano, \u017ce u\u017cytkownicy maj\u0105 mo\u017cliwo\u015b\u0107 skonfigurowania swych przegl\u0105darek internetowych w taki spos\u00f3b, by odrzuca\u0142y wszystkie pliki cookie lub powiadamia\u0142y o ich instalacji. Nale\u017cy jednak pami\u0119ta\u0107, \u017ce po odrzuceniu wszystkich plik\u00f3w cookie, niekt\u00f3re elementy naszego serwisu mog\u0105 nie dzia\u0142a\u0107 poprawnie.<\/span><\/p>\n<p>&nbsp;<\/p>\n<ul>\n<li><b>Jak d\u0142ugo b\u0119dziemy przechowywa\u0107 Twoje dane?<\/b><\/li>\n<\/ul>\n<p>&nbsp;<\/p>\n<p><span style=\"font-weight: 400;\">Twoje dane osobowe b\u0119dziemy przetwarza\u0107 do czasu cofni\u0119cia Twojej zgody, wyra\u017cenia sprzeciwu lub do czasu \u017c\u0105dania usuni\u0119cia danych, nie d\u0142u\u017cej jednak ni\u017c przez okres wyga\u015bni\u0119cia roszcze\u0144<\/span><span style=\"font-weight: 400;\">\u00a0od czasu Twojej ostatniej aktywno\u015bci na naszej stronie internetowej.<\/span><\/p>\n<p>&nbsp;<\/p>\n<ul>\n<li><b>Czym s\u0105 pliki cookies?<\/b><\/li>\n<\/ul>\n<p>&nbsp;<\/p>\n<p><span style=\"font-weight: 400;\">Pliki cookies stanowi\u0105 dane informatyczne, w szczeg\u00f3lno\u015bci pliki tekstowe, kt\u00f3re przechowywane s\u0105 w Twoim urz\u0105dzeniu ko\u0144cowym i przeznaczone s\u0105 do korzystania ze strony internetowej. Cookies zazwyczaj zawieraj\u0105 nazw\u0119 strony internetowej, z kt\u00f3rej pochodz\u0105, czas przechowywania ich na urz\u0105dzeniu ko\u0144cowym oraz unikalny numer.<\/span><\/p>\n<p><span style=\"font-weight: 400;\">Pliki cookies wykorzystywane s\u0105 w nast\u0119puj\u0105cym celu:<\/span><\/p>\n<ol>\n<li style=\"font-weight: 400;\"><span style=\"font-weight: 400;\">identyfikacja potrzeb i zainteresowa\u0144 U\u017cytkownika,<\/span><\/li>\n<li style=\"font-weight: 400;\"><span style=\"font-weight: 400;\">tworzenie statystyk, kt\u00f3re pomagaj\u0105 zrozumie\u0107, w jaki spos\u00f3b u\u017cytkownicy korzystaj\u0105 ze stron internetowych, co umo\u017cliwia ulepszenie ich struktury i zawarto\u015bci,<\/span><\/li>\n<li style=\"font-weight: 400;\"><span style=\"font-weight: 400;\">utrzymanie sesji U\u017cytkownika Serwisu (po zalogowaniu),<\/span><\/li>\n<li style=\"font-weight: 400;\"><span style=\"font-weight: 400;\">rozpoznanie u\u017cywanego urz\u0105dzenia w celu odpowiedniego wy\u015bwietlenia zawarto\u015bci strony,<\/span><\/li>\n<li style=\"font-weight: 400;\"><span style=\"font-weight: 400;\">realizacji ankiet i formularzy,<\/span><\/li>\n<li style=\"font-weight: 400;\"><span style=\"font-weight: 400;\">dostosowanie zawarto\u015bci i funkcjonowania strony internetowej, poprzez dopasowanie anonimowego, losowo wygenerowanego identyfikatora \u015bledz\u0105cego, dzi\u0119ki kt\u00f3remu mo\u017cliwe jest m.in. sprawdzenie sk\u0105d pochodzi u\u017cytkownik, z jakiej wyszukiwarki korzysta\u0142, na jaki link klikn\u0105\u0142, jakie s\u0142owa kluczowe wpisa\u0142 oraz w kt\u00f3rym momencie przesta\u0142 korzysta\u0107 ze strony internetowej,<\/span><\/li>\n<\/ol>\n<p><span style=\"font-weight: 400;\">Przegl\u0105darki internetowe zazwyczaj domy\u015blnie dopuszczaj\u0105 przechowywanie plik\u00f3w cookies w urz\u0105dzeniu ko\u0144cowym u\u017cytkownika. Mo\u017cesz dokona\u0107 zmiany ustawie\u0144 w tym zakresie. Przegl\u0105darka internetowa umo\u017cliwia usuni\u0119cie przechowywanych plik\u00f3w cookies, a tak\u017ce automatyczne ich blokowanie. Szczeg\u00f3\u0142owe informacje na ten temat znajdziesz w pomocy lub dokumentacji przegl\u0105darki internetowej.<\/span><\/p>\n<p><span style=\"font-weight: 400;\">Informacje zbierane automatycznie w czasie Twojej wizyty na naszej stronie internetowej analizujemy przy u\u017cyciu narz\u0119dzia Google Analitycs. Dostawc\u0105 narz\u0119dzia Google Analitycs jest Google LLC, 1600 Amphitheatre Parkway, Mountain View, CA 94043, USA. Google Analytics zbiera informacje o odwiedzanych stronach w ramach naszego serwisu. Informacje zebrane w ten spos\u00f3b b\u0119d\u0105 przekazywane i przechowywane przez Google LLC na serwerach w Stanach Zjednoczonych. Szczeg\u00f3\u0142owe zasady dotycz\u0105ce polityki prywatno\u015bci Google Analytics (w tym informacja jak mo\u017cna zablokowa\u0107 zbieranie danych) znajduj\u0105 si\u0119 na stronie: https:\/\/www.google.com\/analytics<\/span><\/p>\n<p>&nbsp;<\/p>\n<ul>\n<li><b>Dost\u0119p do danych i uprawnienia<\/b><\/li>\n<\/ul>\n<p>&nbsp;<\/p>\n<p><span style=\"font-weight: 400;\">Z zwi\u0105zku z przetwarzaniem przez nas Twoich danych osobowych przys\u0142uguje Ci szereg uprawnie\u0144. W celu ich realizacji skontaktuj si\u0119 z nami za po\u015brednictwem adresu e-mail: rodo@komfort.be <\/span><\/p>\n<ol>\n<li style=\"font-weight: 400;\"><span style=\"font-weight: 400;\">prawo \u017c\u0105dania dost\u0119pu do w\u0142asnych danych osobowych (w tym uzyskania potwierdzenia, czy s\u0105 one przetwarzane oraz uzyskania informacji np. o celach, \u017ar\u00f3d\u0142ach, kategoriach przetwarzanych danych czy okresie ich przechowywania), co obejmuje tak\u017ce prawo do otrzymania bezp\u0142atnie kopii w\u0142asnych danych (za wszelkie kolejne kopie, o kt\u00f3re zwr\u00f3ci si\u0119 osoba, kt\u00f3rej dane dotycz\u0105, mo\u017cemy pobra\u0107 op\u0142at\u0119 w rozs\u0105dnej wysoko\u015bci wynikaj\u0105cej z koszt\u00f3w administracyjnych),<\/span><\/li>\n<li style=\"font-weight: 400;\"><span style=\"font-weight: 400;\">prawo do sprostowania danych osobowych (gdy s\u0105 one nieprawid\u0142owe), co obejmuje tak\u017ce wniesienie uzupe\u0142nienia niekompletnych danych osobowych, jednak w tym celu mo\u017cemy prosi\u0107 od Ciebie przedstawienie dodatkowego o\u015bwiadczenia,<\/span><\/li>\n<li style=\"font-weight: 400;\"><span style=\"font-weight: 400;\">prawo do usuni\u0119cia danych osobowych (tzw. \u201eprawo do bycia zapomnianym\u201d), kiedy np. nie s\u0105 one niezb\u0119dne do realizacji cel\u00f3w, w jakich zosta\u0142y zebrane, zosta\u0142a cofni\u0119ta zgoda na ich przetwarzanie ,lub nie ma innych podstaw prawnych do ich przetwarzania,<\/span><\/li>\n<li style=\"font-weight: 400;\"><span style=\"font-weight: 400;\">prawo do ograniczenia przetwarzania danych, gdy np. kwestionujesz prawid\u0142owo\u015b\u0107 danych osobowych \u2013 na okres pozwalaj\u0105cy nam sprawdzi\u0107 prawid\u0142owo\u015b\u0107 tych danych,<\/span><\/li>\n<li style=\"font-weight: 400;\"><span style=\"font-weight: 400;\">prawo do przenoszenia danych, w tym otrzymania od nas w ustrukturyzowanym, powszechnie u\u017cywanym formacie nadaj\u0105cym si\u0119 do odczytu maszynowego w\u0142asnych danych osobowych, kt\u00f3re nam dostarczy\u0142e\u015b,<\/span><\/li>\n<li style=\"font-weight: 400;\"><span style=\"font-weight: 400;\">prawo do wniesienia sprzeciwu wobec przetwarzania,<\/span><\/li>\n<li style=\"font-weight: 400;\"><span style=\"font-weight: 400;\">prawo do cofni\u0119cia wyra\u017canej zgody na przetwarzanie danych (przy czym cofni\u0119cie zgody nie wp\u0142ywa na zgodno\u015b\u0107 z prawem przetwarzania, kt\u00f3rego dokonano na podstawie wyra\u017conej zgody przed jej cofni\u0119ciem),<\/span><\/li>\n<li style=\"font-weight: 400;\"><span style=\"font-weight: 400;\">prawo wniesienia skargi do Prezesa Urz\u0119du Ochrony Danych Osobowych, kiedy uznasz, i\u017c przetwarzanie danych osobowych narusza przepisy RODO.<\/span><\/li>\n<\/ol>\n<p>&nbsp;<\/p>\n<p>&nbsp;<\/p>\n<ul>\n<li><b>Komu mo\u017cemy udost\u0119pnia\u0107 Twoje dane osobowe?<\/b><\/li>\n<\/ul>\n<p>&nbsp;<\/p>\n<p><span style=\"font-weight: 400;\">Twoje dane osobowe mog\u0105 by\u0107 przekazywane podmiotom, kt\u00f3rym powierzamy do przetwarzania dane osobowe na podstawie um\u00f3w oraz podmiotom uprawnionym do uzyskania danych osobowych na podstawie przepis\u00f3w prawa. Dane osobowe przetwarzane w ramach naszej strony internetowej powierzamy podmiotowi \u015bwiadcz\u0105cemu dla nas us\u0142ugi hostingowe. Twoje dane osobowe przekazywa\u0107 b\u0119dziemy r\u00f3wnie\u017c naszym upowa\u017cnionym pracownikom i wsp\u00f3\u0142pracownikom, w celu wykonywania przez nich swoich obowi\u0105zk\u00f3w.<\/span><\/p>\n<p>&nbsp;<\/p>\n<ul>\n<li><b>Czy Twoje dane s\u0105 profilowane?<\/b><\/li>\n<\/ul>\n<p>&nbsp;<\/p>\n<p><span style=\"font-weight: 400;\">Twoje dane osobowe nie b\u0119d\u0105 przedmiotem proces\u00f3w, w ramach kt\u00f3rych mia\u0142oby doj\u015b\u0107 do zautomatyzowanego podejmowania decyzji, w tym profilowania.<\/span><\/p>\n<\/div>\n<\/div><\/div><\/div><\/div><\/div>","protected":false},"excerpt":{"rendered":"<p>Drogi U\u017cytkowniku! Niniejsza Polityka prywatno\u015bci ma na celu przekazanie Ci informacji na temat tego, w jaki spos\u00f3b wykorzystywane s\u0105 dane zbierane podczas Twoich wizyt na naszej stronie internetowej. S\u0142u\u017cy ona przekazaniu Ci informacji, o kt\u00f3rych mowa w art. 13 rozporz\u0105dzenia Parlamentu Europejskiego i Rady (UE) 2016\/679 z dnia 27 kwietnia 2016 r. w sprawie ochrony [&hellip;]<\/p>\n","protected":false},"author":1,"featured_media":1049,"parent":0,"menu_order":0,"comment_status":"closed","ping_status":"open","template":"","meta":[],"yoast_head":"<!-- This site is optimized with the Yoast SEO plugin v18.6 - https:\/\/yoast.com\/wordpress\/plugins\/seo\/ -->\n<title>Polityka prywatno\u015bci - KomFort Building in Europe<\/title>\n<meta name=\"robots\" content=\"index, follow, max-snippet:-1, max-image-preview:large, max-video-preview:-1\" \/>\n<link rel=\"canonical\" href=\"https:\/\/komfort.be\/pl\/polityka-prywatnosci\/\" \/>\n<meta property=\"og:locale\" content=\"pl_PL\" \/>\n<meta property=\"og:type\" content=\"article\" \/>\n<meta property=\"og:title\" content=\"Polityka prywatno\u015bci - KomFort Building in Europe\" \/>\n<meta property=\"og:description\" content=\"Drogi U\u017cytkowniku! Niniejsza Polityka prywatno\u015bci ma na celu przekazanie Ci informacji na temat tego, w jaki spos\u00f3b wykorzystywane s\u0105 dane zbierane podczas Twoich wizyt na naszej stronie internetowej. S\u0142u\u017cy ona przekazaniu Ci informacji, o kt\u00f3rych mowa w art. 13 rozporz\u0105dzenia Parlamentu Europejskiego i Rady (UE) 2016\/679 z dnia 27 kwietnia 2016 r. w sprawie ochrony [&hellip;]\" \/>\n<meta property=\"og:url\" content=\"https:\/\/komfort.be\/pl\/polityka-prywatnosci\/\" \/>\n<meta property=\"og:site_name\" content=\"KomFort PL\" \/>\n<meta property=\"article:modified_time\" content=\"2019-05-21T13:48:25+00:00\" \/>\n<meta property=\"og:image\" content=\"https:\/\/komfort.be\/pl\/wp-content\/uploads\/sites\/6\/2018\/11\/background-dla-kogo.png\" \/>\n\t<meta property=\"og:image:width\" content=\"1920\" \/>\n\t<meta property=\"og:image:height\" content=\"500\" \/>\n\t<meta property=\"og:image:type\" content=\"image\/png\" \/>\n<meta name=\"twitter:card\" content=\"summary_large_image\" \/>\n<script type=\"application\/ld+json\" class=\"yoast-schema-graph\">{\"@context\":\"https:\/\/schema.org\",\"@graph\":[{\"@type\":\"WebSite\",\"@id\":\"https:\/\/komfort.be\/pl\/#website\",\"url\":\"https:\/\/komfort.be\/pl\/\",\"name\":\"KomFort PL\",\"description\":\"Wspieramy Twoj\u0105 Budow\u0119 w Unii Europejskiej. Stawiamy na skuteczno\u015b\u0107 promocji firm budowlanych.\",\"potentialAction\":[{\"@type\":\"SearchAction\",\"target\":{\"@type\":\"EntryPoint\",\"urlTemplate\":\"https:\/\/komfort.be\/pl\/?s={search_term_string}\"},\"query-input\":\"required name=search_term_string\"}],\"inLanguage\":\"pl-PL\"},{\"@type\":\"ImageObject\",\"@id\":\"https:\/\/komfort.be\/pl\/polityka-prywatnosci\/#primaryimage\",\"inLanguage\":\"pl-PL\",\"url\":\"https:\/\/komfort.be\/pl\/wp-content\/uploads\/sites\/6\/2018\/11\/background-dla-kogo.png\",\"contentUrl\":\"https:\/\/komfort.be\/pl\/wp-content\/uploads\/sites\/6\/2018\/11\/background-dla-kogo.png\",\"width\":1920,\"height\":500},{\"@type\":\"WebPage\",\"@id\":\"https:\/\/komfort.be\/pl\/polityka-prywatnosci\/#webpage\",\"url\":\"https:\/\/komfort.be\/pl\/polityka-prywatnosci\/\",\"name\":\"Polityka prywatno\u015bci - KomFort Building in Europe\",\"isPartOf\":{\"@id\":\"https:\/\/komfort.be\/pl\/#website\"},\"primaryImageOfPage\":{\"@id\":\"https:\/\/komfort.be\/pl\/polityka-prywatnosci\/#primaryimage\"},\"datePublished\":\"2018-08-21T07:31:45+00:00\",\"dateModified\":\"2019-05-21T13:48:25+00:00\",\"breadcrumb\":{\"@id\":\"https:\/\/komfort.be\/pl\/polityka-prywatnosci\/#breadcrumb\"},\"inLanguage\":\"pl-PL\",\"potentialAction\":[{\"@type\":\"ReadAction\",\"target\":[\"https:\/\/komfort.be\/pl\/polityka-prywatnosci\/\"]}]},{\"@type\":\"BreadcrumbList\",\"@id\":\"https:\/\/komfort.be\/pl\/polityka-prywatnosci\/#breadcrumb\",\"itemListElement\":[{\"@type\":\"ListItem\",\"position\":1,\"name\":\"Strona g\u0142\u00f3wna\",\"item\":\"https:\/\/komfort.be\/pl\/\"},{\"@type\":\"ListItem\",\"position\":2,\"name\":\"Polityka prywatno\u015bci\"}]}]}<\/script>\n<!-- \/ Yoast SEO plugin. -->","yoast_head_json":{"title":"Polityka prywatno\u015bci - KomFort Building in Europe","robots":{"index":"index","follow":"follow","max-snippet":"max-snippet:-1","max-image-preview":"max-image-preview:large","max-video-preview":"max-video-preview:-1"},"canonical":"https:\/\/komfort.be\/pl\/polityka-prywatnosci\/","og_locale":"pl_PL","og_type":"article","og_title":"Polityka prywatno\u015bci - KomFort Building in Europe","og_description":"Drogi U\u017cytkowniku! Niniejsza Polityka prywatno\u015bci ma na celu przekazanie Ci informacji na temat tego, w jaki spos\u00f3b wykorzystywane s\u0105 dane zbierane podczas Twoich wizyt na naszej stronie internetowej. S\u0142u\u017cy ona przekazaniu Ci informacji, o kt\u00f3rych mowa w art. 13 rozporz\u0105dzenia Parlamentu Europejskiego i Rady (UE) 2016\/679 z dnia 27 kwietnia 2016 r. w sprawie ochrony [&hellip;]","og_url":"https:\/\/komfort.be\/pl\/polityka-prywatnosci\/","og_site_name":"KomFort PL","article_modified_time":"2019-05-21T13:48:25+00:00","og_image":[{"width":1920,"height":500,"url":"https:\/\/komfort.be\/pl\/wp-content\/uploads\/sites\/6\/2018\/11\/background-dla-kogo.png","type":"image\/png"}],"twitter_card":"summary_large_image","schema":{"@context":"https:\/\/schema.org","@graph":[{"@type":"WebSite","@id":"https:\/\/komfort.be\/pl\/#website","url":"https:\/\/komfort.be\/pl\/","name":"KomFort PL","description":"Wspieramy Twoj\u0105 Budow\u0119 w Unii Europejskiej. Stawiamy na skuteczno\u015b\u0107 promocji firm budowlanych.","potentialAction":[{"@type":"SearchAction","target":{"@type":"EntryPoint","urlTemplate":"https:\/\/komfort.be\/pl\/?s={search_term_string}"},"query-input":"required name=search_term_string"}],"inLanguage":"pl-PL"},{"@type":"ImageObject","@id":"https:\/\/komfort.be\/pl\/polityka-prywatnosci\/#primaryimage","inLanguage":"pl-PL","url":"https:\/\/komfort.be\/pl\/wp-content\/uploads\/sites\/6\/2018\/11\/background-dla-kogo.png","contentUrl":"https:\/\/komfort.be\/pl\/wp-content\/uploads\/sites\/6\/2018\/11\/background-dla-kogo.png","width":1920,"height":500},{"@type":"WebPage","@id":"https:\/\/komfort.be\/pl\/polityka-prywatnosci\/#webpage","url":"https:\/\/komfort.be\/pl\/polityka-prywatnosci\/","name":"Polityka prywatno\u015bci - KomFort Building in Europe","isPartOf":{"@id":"https:\/\/komfort.be\/pl\/#website"},"primaryImageOfPage":{"@id":"https:\/\/komfort.be\/pl\/polityka-prywatnosci\/#primaryimage"},"datePublished":"2018-08-21T07:31:45+00:00","dateModified":"2019-05-21T13:48:25+00:00","breadcrumb":{"@id":"https:\/\/komfort.be\/pl\/polityka-prywatnosci\/#breadcrumb"},"inLanguage":"pl-PL","potentialAction":[{"@type":"ReadAction","target":["https:\/\/komfort.be\/pl\/polityka-prywatnosci\/"]}]},{"@type":"BreadcrumbList","@id":"https:\/\/komfort.be\/pl\/polityka-prywatnosci\/#breadcrumb","itemListElement":[{"@type":"ListItem","position":1,"name":"Strona g\u0142\u00f3wna","item":"https:\/\/komfort.be\/pl\/"},{"@type":"ListItem","position":2,"name":"Polityka prywatno\u015bci"}]}]}},"_links":{"self":[{"href":"https:\/\/komfort.be\/pl\/wp-json\/wp\/v2\/pages\/3"}],"collection":[{"href":"https:\/\/komfort.be\/pl\/wp-json\/wp\/v2\/pages"}],"about":[{"href":"https:\/\/komfort.be\/pl\/wp-json\/wp\/v2\/types\/page"}],"author":[{"embeddable":true,"href":"https:\/\/komfort.be\/pl\/wp-json\/wp\/v2\/users\/1"}],"replies":[{"embeddable":true,"href":"https:\/\/komfort.be\/pl\/wp-json\/wp\/v2\/comments?post=3"}],"version-history":[{"count":17,"href":"https:\/\/komfort.be\/pl\/wp-json\/wp\/v2\/pages\/3\/revisions"}],"predecessor-version":[{"id":1662,"href":"https:\/\/komfort.be\/pl\/wp-json\/wp\/v2\/pages\/3\/revisions\/1662"}],"wp:featuredmedia":[{"embeddable":true,"href":"https:\/\/komfort.be\/pl\/wp-json\/wp\/v2\/media\/1049"}],"wp:attachment":[{"href":"https:\/\/komfort.be\/pl\/wp-json\/wp\/v2\/media?parent=3"}],"curies":[{"name":"wp","href":"https:\/\/api.w.org\/{rel}","templated":true}]}}