{"id":2310,"date":"2022-03-14T18:49:44","date_gmt":"2022-03-14T17:49:44","guid":{"rendered":"https:\/\/komfort.be\/pl\/praca_dla_ukraincow-copy\/"},"modified":"2023-09-04T11:27:35","modified_gmt":"2023-09-04T09:27:35","slug":"robota","status":"publish","type":"page","link":"https:\/\/komfort.be\/pl\/robota\/","title":{"rendered":"\u0420\u043e\u0431\u043e\u0442\u0430"},"content":{"rendered":"<div id=\"pl-2310\"  class=\"panel-layout\" ><div id=\"pg-2310-0\"  class=\"panel-grid panel-has-style\" ><div class=\"panel-row-style panel-row-style-for-2310-0\" ><div id=\"pgc-2310-0-0\"  class=\"panel-grid-cell\" ><div id=\"panel-2310-0-0-0\" class=\"so-panel widget widget_about panel-first-child panel-last-child\" data-index=\"0\" ><div class=\"so-widget-about so-widget-about-base\"><div class=\"about-company\">\n\n\t<div class=\"ornament\"><\/div>\n\t<div class=\"about-company__content\">\n\t\t<div class=\"title-section\">\n\t\t\t<p>\u0417\u043d\u0430\u0439\u0434\u0456\u0442\u044c \u0440\u043e\u0431\u043e\u0442\u0443 \u0432 \u0404\u0421<\/p>\n\t\t\t<h4>\u041f\u0420\u041e\u041f\u041e\u0417\u0418\u0426\u0406\u0407 \u0420\u041e\u0411\u041e\u0422\u0418 \u0414\u041b\u042f \u0423\u041a\u0420\u0410\u0407\u041d\u0426\u0406\u0412<\/h4>\n\t\t<\/div>\n\n\t\t<div class=\"text-content\">\n            <h5>\u041c\u0438 \u0434\u043e\u043f\u043e\u043c\u043e\u0436\u0435\u043c\u043e \u0412\u0430\u043c \u0437\u043d\u0430\u0439\u0442\u0438 \u0440\u043e\u0431\u043e\u0442\u0443 \u0432 \u0431\u0443\u0434\u0456\u0432\u0435\u043b\u044c\u043d\u0456\u0439 \u043a\u043e\u043c\u043f\u0430\u043d\u0456\u0457!<\/h5>\n&nbsp;\n<p style=\"text-align: left\">\u041a\u043e\u043d\u0444\u043b\u0456\u043a\u0442 \u0432 \u0423\u043a\u0440\u0430\u0457\u043d\u0456 \u0448\u043e\u043a\u0443\u0454. \u0426\u0435 \u043f\u0435\u0440\u0435\u0434\u0443\u0441\u0456\u043c \u043b\u044e\u0434\u0441\u044c\u043a\u0430 \u0442\u0440\u0430\u0433\u0435\u0434\u0456\u044f.<\/p>\n&nbsp;\n<p style=\"text-align: left\">\n\u041c\u0438 \u0443 KFE Holding \u0443\u0432\u0430\u0436\u043d\u043e \u0441\u0442\u0435\u0436\u0438\u043c\u043e \u0437\u0430 \u0441\u0438\u0442\u0443\u0430\u0446\u0456\u0454\u044e, \u0430 \u0447\u043b\u0435\u043d\u0430\u043c \u043d\u0430\u0448\u043e\u0457 \u0441\u043f\u0456\u043b\u044c\u043d\u043e\u0442\u0438 \u0456 \u043a\u043e\u043b\u0435\u0433\u0430\u043c, \u043d\u0430 \u044f\u043a\u0438\u0445 \u0432\u043f\u043b\u0438\u043d\u0443\u043b\u0438 \u0446\u0456 \u043f\u043e\u0434\u0456\u0457, \u043c\u0438 \u043d\u0430\u0434\u0430\u0454\u043c\u043e \u043f\u0456\u0434\u0442\u0440\u0438\u043c\u043a\u0443, \u044f\u043a\u0443 \u0432\u043e\u043d\u0438 \u043f\u043e\u0442\u0440\u0435\u0431\u0443\u044e\u0442\u044c \u0443 \u0446\u0435\u0439 \u0441\u043a\u043b\u0430\u0434\u043d\u0438\u0439 \u0447\u0430\u0441. <\/p>\n&nbsp;\n<p style=\"text-align: left\">\u041c\u0438 \u043f\u0440\u043e\u043f\u043e\u043d\u0443\u0454\u043c\u043e \u0440\u043e\u0431\u043e\u0442\u0443 \u0432 \u041f\u043e\u043b\u044c\u0449\u0456 \u0442\u0430 \u0432 \u0456\u043d\u0448\u0438\u0445 \u043a\u0440\u0430\u0457\u043d\u0430\u0445 \u0404\u0421 \u0434\u043b\u044f \u0442\u0430\u043a\u0438\u0445 \u0441\u043f\u0435\u0446\u0456\u0430\u043b\u0456\u0441\u0442\u0456\u0432 \u0443 \u0441\u0444\u0435\u0440\u0456 \u0431\u0443\u0434\u0456\u0432\u043d\u0438\u0446\u0442\u0432\u0430:<\/p>\n\n<ul>\n \t<li>\u043f\u043e\u043a\u0440\u0456\u0432\u0435\u043b\u044c\u043d\u0438\u043a\u0456\u0432,<\/li>\n \t<li>\u043c\u0443\u043b\u044f\u0440\u0456\u0432,<\/li>\n \t<li>\u0441\u0430\u043d\u0442\u0435\u0445\u043d\u0456\u043a\u0456\u0432,<\/li>\n \t<li>\u0435\u043b\u0435\u043a\u0442\u0440\u0438\u043a\u0456\u0432,<\/li>\n \t<li>\u043ca\u043b\u044f\u0440i\u0432,<\/li>\n<\/ul>\n<h4>\u042f\u043a\u0449\u043e \u0412\u0438 \u0431\u0443\u0434\u0456\u0432\u0435\u043b\u044c\u043d\u0438\u043a \u0456 \u0448\u0443\u043a\u0430\u0454\u0442\u0435 \u0440\u043e\u0431\u043e\u0442\u0443 \u0432 \u041f\u043e\u043b\u044c\u0449\u0456 \u0430\u0431\u043e \u0437\u0430\u043a\u043e\u0440\u0434\u043e\u043d\u043e\u043c, <\/h4>\n<h4><span style=\"font-weight: 400\">\u0437\u0432'\u044f\u0436\u0456\u0442\u044c\u0441\u044f \u0437 \u043d\u0430\u043c\u0438: <\/span>job@komfort.be<\/h4>\n<h4>\u041c\u0438 \u0434\u043e\u043f\u043e\u043c\u043e\u0436\u0435\u043c\u043e \u0412\u0430\u043c \u0437\u043d\u0430\u0439\u0442\u0438 \u0440\u043e\u0431\u043e\u0442\u0443 \u0432 \u0431\u0443\u0434\u0456\u0432\u0435\u043b\u044c\u043d\u0456\u0439 \u043a\u043e\u043c\u043f\u0430\u043d\u0456\u0457 \u0432 \u041f\u043e\u043b\u044c\u0449\u0456, \u0424\u0440\u0430\u043d\u0446\u0456\u0457, \u0411\u0435\u043b\u044c\u0433\u0456\u0457, \u041b\u044e\u043a\u0441\u0435\u043c\u0431\u0443\u0440\u0437\u0456 \u0430\u0431\u043e \u041d\u0456\u043c\u0435\u0447\u0447\u0438\u043d\u0456.<\/h4>\n<h3>\u0417\u0432\u0435\u0440\u043d\u0456\u0442\u044c\u0441\u044f \u0434\u043e \u043d\u0430\u0441!<\/h3>\n&nbsp;\n<div role=\"form\" class=\"wpcf7\" id=\"wpcf7-f2354-o1\" lang=\"pl-PL\" dir=\"ltr\">\n<div class=\"screen-reader-response\"><p role=\"status\" aria-live=\"polite\" aria-atomic=\"true\"><\/p> <ul><\/ul><\/div>\n<form action=\"\/pl\/wp-json\/wp\/v2\/pages\/2310#wpcf7-f2354-o1\" method=\"post\" class=\"wpcf7-form init\" novalidate=\"novalidate\" data-status=\"init\">\n<div style=\"display: none;\">\n<input type=\"hidden\" name=\"_wpcf7\" value=\"2354\" \/>\n<input type=\"hidden\" name=\"_wpcf7_version\" value=\"5.5.6\" \/>\n<input type=\"hidden\" name=\"_wpcf7_locale\" value=\"pl_PL\" \/>\n<input type=\"hidden\" name=\"_wpcf7_unit_tag\" value=\"wpcf7-f2354-o1\" \/>\n<input type=\"hidden\" name=\"_wpcf7_container_post\" value=\"0\" \/>\n<input type=\"hidden\" name=\"_wpcf7_posted_data_hash\" value=\"\" \/>\n<\/div>\n<div class=\"wrapper\">\n<div class=\"wrapper__item\">\n\t\t<label> \u0406\u043c\u2019\u044f<br \/>\n\t\t\t<span class=\"wpcf7-form-control-wrap your-name\"><input type=\"text\" name=\"your-name\" value=\"\" size=\"40\" class=\"wpcf7-form-control wpcf7-text wpcf7-validates-as-required\" aria-required=\"true\" aria-invalid=\"false\" \/><\/span> <\/label>\n\t<\/div>\n<div class=\"wrapper__item\">\n\t\t<label> \u041f\u0440\u0456\u0437\u0432\u0438\u0449\u0435<br \/>\n\t\t\t<span class=\"wpcf7-form-control-wrap your-surname\"><input type=\"text\" name=\"your-surname\" value=\"\" size=\"40\" class=\"wpcf7-form-control wpcf7-text wpcf7-validates-as-required\" aria-required=\"true\" aria-invalid=\"false\" \/><\/span> <\/label>\n\t<\/div class=\"wrapper__item\">\n<\/div>\n<div class=\"wrapper__item\">\n\t\t<label> E-mail<br \/>\n\t\t\t<span class=\"wpcf7-form-control-wrap your-email\"><input type=\"email\" name=\"your-email\" value=\"\" size=\"40\" class=\"wpcf7-form-control wpcf7-text wpcf7-email wpcf7-validates-as-required wpcf7-validates-as-email\" aria-required=\"true\" aria-invalid=\"false\" \/><\/span> <\/label>\n\t<\/div>\n<div class=\"wrapper\">\n<div class=\"wrapper__item\">\n\t\t<label> \u041d\u043e\u043c\u0435\u0440 \u0442\u0435\u043b\u0435\u0444\u043e\u043d\u0443<br \/>\n\t\t\t<span class=\"wpcf7-form-control-wrap your-phone\"><input type=\"tel\" name=\"your-phone\" value=\"\" size=\"40\" class=\"wpcf7-form-control wpcf7-text wpcf7-tel wpcf7-validates-as-required wpcf7-validates-as-tel\" aria-required=\"true\" aria-invalid=\"false\" \/><\/span> <\/label>\n\t<\/div>\n<div class=\"wrapper__item\">\n\t\t<label> \u0413\u0440\u043e\u043c\u0430\u0434\u044f\u043d\u0441\u0442\u0432\u043e<br \/>\n\t\t\t<span class=\"wpcf7-form-control-wrap your-citizenship\"><input type=\"text\" name=\"your-citizenship\" value=\"\" size=\"40\" class=\"wpcf7-form-control wpcf7-text wpcf7-validates-as-required\" aria-required=\"true\" aria-invalid=\"false\" \/><\/span> <\/label>\n\t<\/div>\n<\/div>\n<div class=\"wrapper__item\">\n\t<label> \u041f\u043e\u0432\u0456\u0434\u043e\u043c\u043b\u0435\u043d\u043d\u044f<br \/>\n\t\t<span class=\"wpcf7-form-control-wrap your-message\"><textarea name=\"your-message\" cols=\"40\" rows=\"10\" class=\"wpcf7-form-control wpcf7-textarea\" aria-invalid=\"false\"><\/textarea><\/span> <\/label>\n<\/div>\n<div class=\"wrapper__checkbox\">\n\t<span class=\"wpcf7-form-control-wrap acceptance-243\"><span class=\"wpcf7-form-control wpcf7-acceptance\"><span class=\"wpcf7-list-item\"><label><input type=\"checkbox\" name=\"acceptance-243\" value=\"1\" aria-invalid=\"false\" \/><span class=\"wpcf7-list-item-label\">\u0414\u0430\u044e \u0437\u0433\u043e\u0434\u0443 \u043d\u0430 \u043e\u0431\u0440\u043e\u0431\u043a\u0443 \u043c\u043e\u0457\u0445 \u0434\u0430\u043d\u0438\u0445<\/span><\/label><\/span><\/span><\/span>\n<\/div>\n<p>\t<input type=\"submit\" value=\"\u041d\u0430\u0434\u0456\u0448\u043b\u0456\u0442\u044c \u043f\u043e\u0432\u0456\u0434\u043e\u043c\u043b\u0435\u043d\u043d\u044f\" class=\"wpcf7-form-control has-spinner wpcf7-submit\" \/><\/p>\n<div class=\"wpcf7-response-output\" aria-hidden=\"true\"><\/div><\/form><\/div>\t\t<\/div>\n\t\t\t<\/div>\n\n\t<div class=\"about-company__slider\">\n\t\t<div class=\"advantages\">\n\n\t\t\t<agile :options=\"advantages\">\n                \n\t\t\t\t\t\t<div class=\"advantages__item\">\n                            <div class=\"advantages__icon\">\n\t\t\t\t\t\t\t\t<img src=\"\" alt=\"\">\n\t\t\t\t\t\t\t<\/div>\n\n\t\t\t\t\t\t\t<div class=\"advantages__content\">\n\t\t\t\t\t\t\t\t<div class=\"title-section \">\n\n\t\t\t\t\t\t\t\t\t<p>\u0428\u0443\u043a\u0430\u0454\u0442\u0435 \u0440\u043e\u0431\u043e\u0442\u0443?<\/p>\n\t\t\t\t\t\t\t\t\t<h4>\u0420\u041e\u0411\u041e\u0422\u0410 \u0412 \u0411\u0423\u0414\u0406\u0412\u0415\u041b\u042c\u041d\u0406\u0419 \u041a\u041e\u041c\u041f\u0410\u041d\u0406\u0407<\/h4>\n\n\t\t\t\t\t\t\t\t<\/div>\n\t\t\t\t\t\t\t<\/div>\n\t\t\t\t\t\t<\/div>\n                        \n\t\t\t\t\t\t<div class=\"advantages__item\">\n                            <div class=\"advantages__icon\">\n\t\t\t\t\t\t\t\t<img src=\"\" alt=\"\">\n\t\t\t\t\t\t\t<\/div>\n\n\t\t\t\t\t\t\t<div class=\"advantages__content\">\n\t\t\t\t\t\t\t\t<div class=\"title-section \">\n\n\t\t\t\t\t\t\t\t\t<p>\u0417\u0432'\u044f\u0436\u0456\u0442\u044c\u0441\u044f \u0437 \u043d\u0430\u043c\u0438!<\/p>\n\t\t\t\t\t\t\t\t\t<h4>\u0417\u0410\u041f\u041e\u0412\u041d\u0406\u0422\u042c \u0424\u041e\u0420\u041c\u0423 \u0412\u0416\u0415 \u0417\u0410\u0420\u0410\u0417<\/h4>\n\n\t\t\t\t\t\t\t\t<\/div>\n\t\t\t\t\t\t\t<\/div>\n\t\t\t\t\t\t<\/div>\n                        \n\t\t\t\t\t\t<div class=\"advantages__item\">\n                            <div class=\"advantages__icon\">\n\t\t\t\t\t\t\t\t<img src=\"\" alt=\"\">\n\t\t\t\t\t\t\t<\/div>\n\n\t\t\t\t\t\t\t<div class=\"advantages__content\">\n\t\t\t\t\t\t\t\t<div class=\"title-section \">\n\n\t\t\t\t\t\t\t\t\t<p>\u0420\u043e\u0431\u043e\u0442\u0430 \u0442\u0430 \u0434\u043e\u043f\u043e\u043c\u043e\u0433\u0430<\/p>\n\t\t\t\t\t\t\t\t\t<h4>\u0414\u041b\u042f \u0413\u0420\u041e\u041c\u0410\u0414\u042f\u041d \u0423\u041a\u0420\u0410\u0407\u041d\u0418<\/h4>\n\n\t\t\t\t\t\t\t\t<\/div>\n\t\t\t\t\t\t\t<\/div>\n\t\t\t\t\t\t<\/div>\n                        \t\t\t<\/agile>\n\t\t<\/div>\n\t<\/div>\n<\/div>\n<\/div><\/div><\/div><\/div><\/div><\/div>","protected":false},"excerpt":{"rendered":"<p>\u0417\u043d\u0430\u0439\u0434\u0456\u0442\u044c \u0440\u043e\u0431\u043e\u0442\u0443 \u0432 \u0404\u0421 \u041f\u0420\u041e\u041f\u041e\u0417\u0418\u0426\u0406\u0407 \u0420\u041e\u0411\u041e\u0422\u0418 \u0414\u041b\u042f \u0423\u041a\u0420\u0410\u0407\u041d\u0426\u0406\u0412 \u041c\u0438 \u0434\u043e\u043f\u043e\u043c\u043e\u0436\u0435\u043c\u043e \u0412\u0430\u043c \u0437\u043d\u0430\u0439\u0442\u0438 \u0440\u043e\u0431\u043e\u0442\u0443 \u0432 \u0431\u0443\u0434\u0456\u0432\u0435\u043b\u044c\u043d\u0456\u0439 \u043a\u043e\u043c\u043f\u0430\u043d\u0456\u0457! &nbsp; \u041a\u043e\u043d\u0444\u043b\u0456\u043a\u0442 \u0432 \u0423\u043a\u0440\u0430\u0457\u043d\u0456 \u0448\u043e\u043a\u0443\u0454. \u0426\u0435 \u043f\u0435\u0440\u0435\u0434\u0443\u0441\u0456\u043c \u043b\u044e\u0434\u0441\u044c\u043a\u0430 \u0442\u0440\u0430\u0433\u0435\u0434\u0456\u044f. &nbsp; \u041c\u0438 \u0443 KFE Holding \u0443\u0432\u0430\u0436\u043d\u043e \u0441\u0442\u0435\u0436\u0438\u043c\u043e \u0437\u0430 \u0441\u0438\u0442\u0443\u0430\u0446\u0456\u0454\u044e, \u0430 \u0447\u043b\u0435\u043d\u0430\u043c \u043d\u0430\u0448\u043e\u0457 \u0441\u043f\u0456\u043b\u044c\u043d\u043e\u0442\u0438 \u0456 \u043a\u043e\u043b\u0435\u0433\u0430\u043c, \u043d\u0430 \u044f\u043a\u0438\u0445 \u0432\u043f\u043b\u0438\u043d\u0443\u043b\u0438 \u0446\u0456 \u043f\u043e\u0434\u0456\u0457, \u043c\u0438 \u043d\u0430\u0434\u0430\u0454\u043c\u043e \u043f\u0456\u0434\u0442\u0440\u0438\u043c\u043a\u0443, \u044f\u043a\u0443 \u0432\u043e\u043d\u0438 \u043f\u043e\u0442\u0440\u0435\u0431\u0443\u044e\u0442\u044c \u0443 \u0446\u0435\u0439 \u0441\u043a\u043b\u0430\u0434\u043d\u0438\u0439 \u0447\u0430\u0441. [&hellip;]<\/p>\n","protected":false},"author":11,"featured_media":3285,"parent":0,"menu_order":0,"comment_status":"closed","ping_status":"closed","template":"","meta":[],"yoast_head":"<!-- This site is optimized with the Yoast SEO plugin v18.6 - https:\/\/yoast.com\/wordpress\/plugins\/seo\/ -->\n<title>\u0420\u043e\u0431\u043e\u0442\u0430 - KomFort Building in Europe<\/title>\n<meta name=\"robots\" content=\"index, follow, max-snippet:-1, max-image-preview:large, max-video-preview:-1\" \/>\n<link rel=\"canonical\" href=\"https:\/\/komfort.be\/pl\/robota\/\" \/>\n<meta property=\"og:locale\" content=\"pl_PL\" \/>\n<meta property=\"og:type\" content=\"article\" \/>\n<meta property=\"og:title\" content=\"\u0420\u043e\u0431\u043e\u0442\u0430 - KomFort Building in Europe\" \/>\n<meta property=\"og:description\" content=\"\u0417\u043d\u0430\u0439\u0434\u0456\u0442\u044c \u0440\u043e\u0431\u043e\u0442\u0443 \u0432 \u0404\u0421 \u041f\u0420\u041e\u041f\u041e\u0417\u0418\u0426\u0406\u0407 \u0420\u041e\u0411\u041e\u0422\u0418 \u0414\u041b\u042f \u0423\u041a\u0420\u0410\u0407\u041d\u0426\u0406\u0412 \u041c\u0438 \u0434\u043e\u043f\u043e\u043c\u043e\u0436\u0435\u043c\u043e \u0412\u0430\u043c \u0437\u043d\u0430\u0439\u0442\u0438 \u0440\u043e\u0431\u043e\u0442\u0443 \u0432 \u0431\u0443\u0434\u0456\u0432\u0435\u043b\u044c\u043d\u0456\u0439 \u043a\u043e\u043c\u043f\u0430\u043d\u0456\u0457! &nbsp; \u041a\u043e\u043d\u0444\u043b\u0456\u043a\u0442 \u0432 \u0423\u043a\u0440\u0430\u0457\u043d\u0456 \u0448\u043e\u043a\u0443\u0454. \u0426\u0435 \u043f\u0435\u0440\u0435\u0434\u0443\u0441\u0456\u043c \u043b\u044e\u0434\u0441\u044c\u043a\u0430 \u0442\u0440\u0430\u0433\u0435\u0434\u0456\u044f. &nbsp; \u041c\u0438 \u0443 KFE Holding \u0443\u0432\u0430\u0436\u043d\u043e \u0441\u0442\u0435\u0436\u0438\u043c\u043e \u0437\u0430 \u0441\u0438\u0442\u0443\u0430\u0446\u0456\u0454\u044e, \u0430 \u0447\u043b\u0435\u043d\u0430\u043c \u043d\u0430\u0448\u043e\u0457 \u0441\u043f\u0456\u043b\u044c\u043d\u043e\u0442\u0438 \u0456 \u043a\u043e\u043b\u0435\u0433\u0430\u043c, \u043d\u0430 \u044f\u043a\u0438\u0445 \u0432\u043f\u043b\u0438\u043d\u0443\u043b\u0438 \u0446\u0456 \u043f\u043e\u0434\u0456\u0457, \u043c\u0438 \u043d\u0430\u0434\u0430\u0454\u043c\u043e \u043f\u0456\u0434\u0442\u0440\u0438\u043c\u043a\u0443, \u044f\u043a\u0443 \u0432\u043e\u043d\u0438 \u043f\u043e\u0442\u0440\u0435\u0431\u0443\u044e\u0442\u044c \u0443 \u0446\u0435\u0439 \u0441\u043a\u043b\u0430\u0434\u043d\u0438\u0439 \u0447\u0430\u0441. [&hellip;]\" \/>\n<meta property=\"og:url\" content=\"https:\/\/komfort.be\/pl\/robota\/\" \/>\n<meta property=\"og:site_name\" content=\"KomFort PL\" \/>\n<meta property=\"article:modified_time\" content=\"2023-09-04T09:27:35+00:00\" \/>\n<meta name=\"twitter:card\" content=\"summary_large_image\" \/>\n<meta name=\"twitter:image\" content=\"https:\/\/komfort.be\/pl\/wp-content\/uploads\/sites\/6\/2023\/09\/Komfort_budowa-pusta_1000.webp\" \/>\n<script type=\"application\/ld+json\" class=\"yoast-schema-graph\">{\"@context\":\"https:\/\/schema.org\",\"@graph\":[{\"@type\":\"WebSite\",\"@id\":\"https:\/\/komfort.be\/pl\/#website\",\"url\":\"https:\/\/komfort.be\/pl\/\",\"name\":\"KomFort PL\",\"description\":\"Wspieramy Twoj\u0105 Budow\u0119 w Unii Europejskiej. Stawiamy na skuteczno\u015b\u0107 promocji firm budowlanych.\",\"potentialAction\":[{\"@type\":\"SearchAction\",\"target\":{\"@type\":\"EntryPoint\",\"urlTemplate\":\"https:\/\/komfort.be\/pl\/?s={search_term_string}\"},\"query-input\":\"required name=search_term_string\"}],\"inLanguage\":\"pl-PL\"},{\"@type\":\"ImageObject\",\"@id\":\"https:\/\/komfort.be\/pl\/robota\/#primaryimage\",\"inLanguage\":\"pl-PL\",\"url\":\"https:\/\/komfort.be\/pl\/wp-content\/uploads\/sites\/6\/2023\/09\/Komfort_budowa-pusta_1000.webp\",\"contentUrl\":\"https:\/\/komfort.be\/pl\/wp-content\/uploads\/sites\/6\/2023\/09\/Komfort_budowa-pusta_1000.webp\",\"width\":1000,\"height\":667},{\"@type\":\"WebPage\",\"@id\":\"https:\/\/komfort.be\/pl\/robota\/#webpage\",\"url\":\"https:\/\/komfort.be\/pl\/robota\/\",\"name\":\"\u0420\u043e\u0431\u043e\u0442\u0430 - KomFort Building in Europe\",\"isPartOf\":{\"@id\":\"https:\/\/komfort.be\/pl\/#website\"},\"primaryImageOfPage\":{\"@id\":\"https:\/\/komfort.be\/pl\/robota\/#primaryimage\"},\"datePublished\":\"2022-03-14T17:49:44+00:00\",\"dateModified\":\"2023-09-04T09:27:35+00:00\",\"breadcrumb\":{\"@id\":\"https:\/\/komfort.be\/pl\/robota\/#breadcrumb\"},\"inLanguage\":\"pl-PL\",\"potentialAction\":[{\"@type\":\"ReadAction\",\"target\":[\"https:\/\/komfort.be\/pl\/robota\/\"]}]},{\"@type\":\"BreadcrumbList\",\"@id\":\"https:\/\/komfort.be\/pl\/robota\/#breadcrumb\",\"itemListElement\":[{\"@type\":\"ListItem\",\"position\":1,\"name\":\"Strona g\u0142\u00f3wna\",\"item\":\"https:\/\/komfort.be\/pl\/\"},{\"@type\":\"ListItem\",\"position\":2,\"name\":\"\u0420\u043e\u0431\u043e\u0442\u0430\"}]}]}<\/script>\n<!-- \/ Yoast SEO plugin. -->","yoast_head_json":{"title":"\u0420\u043e\u0431\u043e\u0442\u0430 - KomFort Building in Europe","robots":{"index":"index","follow":"follow","max-snippet":"max-snippet:-1","max-image-preview":"max-image-preview:large","max-video-preview":"max-video-preview:-1"},"canonical":"https:\/\/komfort.be\/pl\/robota\/","og_locale":"pl_PL","og_type":"article","og_title":"\u0420\u043e\u0431\u043e\u0442\u0430 - KomFort Building in Europe","og_description":"\u0417\u043d\u0430\u0439\u0434\u0456\u0442\u044c \u0440\u043e\u0431\u043e\u0442\u0443 \u0432 \u0404\u0421 \u041f\u0420\u041e\u041f\u041e\u0417\u0418\u0426\u0406\u0407 \u0420\u041e\u0411\u041e\u0422\u0418 \u0414\u041b\u042f \u0423\u041a\u0420\u0410\u0407\u041d\u0426\u0406\u0412 \u041c\u0438 \u0434\u043e\u043f\u043e\u043c\u043e\u0436\u0435\u043c\u043e \u0412\u0430\u043c \u0437\u043d\u0430\u0439\u0442\u0438 \u0440\u043e\u0431\u043e\u0442\u0443 \u0432 \u0431\u0443\u0434\u0456\u0432\u0435\u043b\u044c\u043d\u0456\u0439 \u043a\u043e\u043c\u043f\u0430\u043d\u0456\u0457! &nbsp; \u041a\u043e\u043d\u0444\u043b\u0456\u043a\u0442 \u0432 \u0423\u043a\u0440\u0430\u0457\u043d\u0456 \u0448\u043e\u043a\u0443\u0454. \u0426\u0435 \u043f\u0435\u0440\u0435\u0434\u0443\u0441\u0456\u043c \u043b\u044e\u0434\u0441\u044c\u043a\u0430 \u0442\u0440\u0430\u0433\u0435\u0434\u0456\u044f. &nbsp; \u041c\u0438 \u0443 KFE Holding \u0443\u0432\u0430\u0436\u043d\u043e \u0441\u0442\u0435\u0436\u0438\u043c\u043e \u0437\u0430 \u0441\u0438\u0442\u0443\u0430\u0446\u0456\u0454\u044e, \u0430 \u0447\u043b\u0435\u043d\u0430\u043c \u043d\u0430\u0448\u043e\u0457 \u0441\u043f\u0456\u043b\u044c\u043d\u043e\u0442\u0438 \u0456 \u043a\u043e\u043b\u0435\u0433\u0430\u043c, \u043d\u0430 \u044f\u043a\u0438\u0445 \u0432\u043f\u043b\u0438\u043d\u0443\u043b\u0438 \u0446\u0456 \u043f\u043e\u0434\u0456\u0457, \u043c\u0438 \u043d\u0430\u0434\u0430\u0454\u043c\u043e \u043f\u0456\u0434\u0442\u0440\u0438\u043c\u043a\u0443, \u044f\u043a\u0443 \u0432\u043e\u043d\u0438 \u043f\u043e\u0442\u0440\u0435\u0431\u0443\u044e\u0442\u044c \u0443 \u0446\u0435\u0439 \u0441\u043a\u043b\u0430\u0434\u043d\u0438\u0439 \u0447\u0430\u0441. [&hellip;]","og_url":"https:\/\/komfort.be\/pl\/robota\/","og_site_name":"KomFort PL","article_modified_time":"2023-09-04T09:27:35+00:00","twitter_card":"summary_large_image","twitter_image":"https:\/\/komfort.be\/pl\/wp-content\/uploads\/sites\/6\/2023\/09\/Komfort_budowa-pusta_1000.webp","schema":{"@context":"https:\/\/schema.org","@graph":[{"@type":"WebSite","@id":"https:\/\/komfort.be\/pl\/#website","url":"https:\/\/komfort.be\/pl\/","name":"KomFort PL","description":"Wspieramy Twoj\u0105 Budow\u0119 w Unii Europejskiej. Stawiamy na skuteczno\u015b\u0107 promocji firm budowlanych.","potentialAction":[{"@type":"SearchAction","target":{"@type":"EntryPoint","urlTemplate":"https:\/\/komfort.be\/pl\/?s={search_term_string}"},"query-input":"required name=search_term_string"}],"inLanguage":"pl-PL"},{"@type":"ImageObject","@id":"https:\/\/komfort.be\/pl\/robota\/#primaryimage","inLanguage":"pl-PL","url":"https:\/\/komfort.be\/pl\/wp-content\/uploads\/sites\/6\/2023\/09\/Komfort_budowa-pusta_1000.webp","contentUrl":"https:\/\/komfort.be\/pl\/wp-content\/uploads\/sites\/6\/2023\/09\/Komfort_budowa-pusta_1000.webp","width":1000,"height":667},{"@type":"WebPage","@id":"https:\/\/komfort.be\/pl\/robota\/#webpage","url":"https:\/\/komfort.be\/pl\/robota\/","name":"\u0420\u043e\u0431\u043e\u0442\u0430 - KomFort Building in Europe","isPartOf":{"@id":"https:\/\/komfort.be\/pl\/#website"},"primaryImageOfPage":{"@id":"https:\/\/komfort.be\/pl\/robota\/#primaryimage"},"datePublished":"2022-03-14T17:49:44+00:00","dateModified":"2023-09-04T09:27:35+00:00","breadcrumb":{"@id":"https:\/\/komfort.be\/pl\/robota\/#breadcrumb"},"inLanguage":"pl-PL","potentialAction":[{"@type":"ReadAction","target":["https:\/\/komfort.be\/pl\/robota\/"]}]},{"@type":"BreadcrumbList","@id":"https:\/\/komfort.be\/pl\/robota\/#breadcrumb","itemListElement":[{"@type":"ListItem","position":1,"name":"Strona g\u0142\u00f3wna","item":"https:\/\/komfort.be\/pl\/"},{"@type":"ListItem","position":2,"name":"\u0420\u043e\u0431\u043e\u0442\u0430"}]}]}},"_links":{"self":[{"href":"https:\/\/komfort.be\/pl\/wp-json\/wp\/v2\/pages\/2310"}],"collection":[{"href":"https:\/\/komfort.be\/pl\/wp-json\/wp\/v2\/pages"}],"about":[{"href":"https:\/\/komfort.be\/pl\/wp-json\/wp\/v2\/types\/page"}],"author":[{"embeddable":true,"href":"https:\/\/komfort.be\/pl\/wp-json\/wp\/v2\/users\/11"}],"replies":[{"embeddable":true,"href":"https:\/\/komfort.be\/pl\/wp-json\/wp\/v2\/comments?post=2310"}],"version-history":[{"count":32,"href":"https:\/\/komfort.be\/pl\/wp-json\/wp\/v2\/pages\/2310\/revisions"}],"predecessor-version":[{"id":2312,"href":"https:\/\/komfort.be\/pl\/wp-json\/wp\/v2\/pages\/2310\/revisions\/2312"}],"wp:featuredmedia":[{"embeddable":true,"href":"https:\/\/komfort.be\/pl\/wp-json\/wp\/v2\/media\/3285"}],"wp:attachment":[{"href":"https:\/\/komfort.be\/pl\/wp-json\/wp\/v2\/media?parent=2310"}],"curies":[{"name":"wp","href":"https:\/\/api.w.org\/{rel}","templated":true}]}}