{"id":231,"date":"2018-08-29T15:33:36","date_gmt":"2018-08-29T13:33:36","guid":{"rendered":"https:\/\/komfort.be\/pl\/?page_id=231"},"modified":"2022-04-14T16:09:11","modified_gmt":"2022-04-14T14:09:11","slug":"praca","status":"publish","type":"page","link":"https:\/\/komfort.be\/pl\/praca\/","title":{"rendered":"Praca"},"content":{"rendered":"<div id=\"pl-231\"  class=\"panel-layout\" ><div id=\"pg-231-0\"  class=\"panel-grid panel-no-style\" ><div id=\"pgc-231-0-0\"  class=\"panel-grid-cell\" ><div id=\"panel-231-0-0-0\" class=\"so-panel widget widget_job-slider panel-first-child panel-last-child\" data-index=\"0\" ><div class=\"panel-widget-style panel-widget-style-for-231-0-0-0\" ><div class=\"so-widget-job-slider so-widget-job-slider-base\"><div class=\"job-agile\">\n    <agile :options=\"jobAgile\">\n        \n        <div class=\"job-agile__slide\">\n            <div class=\"job-slider\">\n                <div class=\"job-slider__content\">\n                    <div class=\"job-slider__image\">\n                        <img src=\"https:\/\/komfort.be\/pl\/wp-content\/uploads\/sites\/6\/2018\/11\/light-bulb.svg\" alt=\"Kreatywno\u015b\u0107\">\n                    <\/div>\n                    <div class=\"job-slider__title\">\n                        <span>Uwolnij swoj\u0105<\/span>\n                        <h2>Kreatywno\u015b\u0107<\/h2>\n                    <\/div>\n                <\/div>\n            <\/div>\n        <\/div>\n            \n        <div class=\"job-agile__slide\">\n            <div class=\"job-slider\">\n                <div class=\"job-slider__content\">\n                    <div class=\"job-slider__image\">\n                        <img src=\"https:\/\/komfort.be\/pl\/wp-content\/uploads\/sites\/6\/2018\/11\/building-plan.svg\" alt=\"Do\u015bwiadczenie\">\n                    <\/div>\n                    <div class=\"job-slider__title\">\n                        <span>Zdob\u0105d\u017a nowe<\/span>\n                        <h2>Do\u015bwiadczenie<\/h2>\n                    <\/div>\n                <\/div>\n            <\/div>\n        <\/div>\n            \n        <div class=\"job-agile__slide\">\n            <div class=\"job-slider\">\n                <div class=\"job-slider__content\">\n                    <div class=\"job-slider__image\">\n                        <img src=\"https:\/\/komfort.be\/pl\/wp-content\/uploads\/sites\/6\/2018\/10\/hand-shake.png\" alt=\"Zesp\u00f3\u0142\">\n                    <\/div>\n                    <div class=\"job-slider__title\">\n                        <span>Do\u0142aduj energi\u0105 nasz<\/span>\n                        <h2>Zesp\u00f3\u0142<\/h2>\n                    <\/div>\n                <\/div>\n            <\/div>\n        <\/div>\n                <\/agile>\n<\/div>\n<\/div><\/div><\/div><\/div><\/div><div id=\"pg-231-1\"  class=\"panel-grid panel-has-style\" ><div class=\"panel-row-style panel-row-style-for-231-1\" ><div id=\"pgc-231-1-0\"  class=\"panel-grid-cell\" ><div id=\"panel-231-1-0-0\" class=\"so-panel widget widget_banner panel-first-child panel-last-child\" data-index=\"1\" ><div class=\"so-widget-banner so-widget-banner-base\"><div class=\"job-add\">\n    <div class=\"job-add__title\">\n        <div class=\"title-section\">\n            <p>Chcia\u0142by\u015b zdoby\u0107 do\u015bwiadczenie? <\/p>\n            <h4>Praca w mi\u0119dzynarodowej firmie<\/h4>\n        <\/div>\n    <\/div>\n    <div class=\"job-add__image\">\n        <img alt=\"rzetelna-firma\" src=\"https:\/\/komfort.be\/pl\/wp-content\/uploads\/sites\/6\/2018\/10\/KomFort_011a.jpg\">\n    <\/div>\n\n    <div class=\"job-add__desc\">\n        <p><p class=\"p1\">Jeste\u015bmy otwarci na wsp\u00f3\u0142prac\u0119 z dynamicznymi i przedsi\u0119biorczymi lud\u017ami. By\u0107 mo\u017ce potrzebujemy w\u0142a\u015bnie Ciebie! Je\u015bli masz do\u015bwiadczenie w bran\u017cy i chcia\u0142by\u015b do\u0142\u0105czy\u0107 do naszego zespo\u0142u, wy\u015blij swoje CV. Nawet je\u015bli nie odpowiemy na aplikacje od razu, zachowamy Twoje dane w naszej bazie i skontaktujemy si\u0119 z Tob\u0105, gdy tylko pojawi si\u0119 okazja!.<\/p>\n<\/p>\n    <\/div>\n<\/div>\n<\/div><\/div><\/div><\/div><\/div><div id=\"pg-231-2\"  class=\"panel-grid panel-no-style\" ><div id=\"pgc-231-2-0\"  class=\"panel-grid-cell panel-grid-cell-mobile-last\" ><div id=\"panel-231-2-0-0\" class=\"widget_text so-panel widget widget_custom_html panel-first-child panel-last-child\" data-index=\"2\" ><div class=\"textwidget custom-html-widget\">\n<\/div><\/div><\/div><div id=\"pgc-231-2-1\"  class=\"panel-grid-cell panel-grid-cell-empty\" ><\/div><\/div><div id=\"pg-231-3\"  class=\"panel-grid panel-no-style\" ><div id=\"pgc-231-3-0\"  class=\"panel-grid-cell\" ><div id=\"panel-231-3-0-0\" class=\"so-panel widget widget_title panel-first-child\" data-index=\"3\" ><div class=\"so-widget-title so-widget-title-base\">\n<div class=\"title-section  \">\n\n\t<p><\/p>\n    <h4>Aktualne oferty<\/h4>\n\n<\/div>\n\n<\/div><\/div><div id=\"panel-231-3-0-1\" class=\"so-panel widget widget_job-offers panel-last-child\" data-index=\"4\" ><div class=\"so-widget-job-offers so-widget-job-offers-base\"><div class=\"job-offer\" @click='openOffer($event)' >\n        <div class=\"job-offer__item\"  v-for=\"offer in offers\">\n            <div class=\"job-offer__title\">\n                <span> Miejsce pracy: {{ offer.city }}, {{offer.country}}<\/span>\n                <h3>{{ offer.name }}<\/h3>\n                <span class=\"ref\">{{ offer.code }}<\/span>\n\n                <div class=\"job-content\">\n                    <div class=\"job-content__button\">\n                        <a :href=\"offer.url\" class=\"btn\" target=\"_blank\">\n                            Aplikuj                        <\/a>\n                        <img src=\"https:\/\/komfort.be\/wp-content\/themes\/komfort\/assets\/img\/KomFort-Praca.png\" alt=\"KFE Holding\">\n                    <\/div>\n                <\/div>\n            <\/div>\n        <\/div>\n\n    <\/div><\/div><\/div><\/div><\/div><\/div>","protected":false},"excerpt":{"rendered":"<p>Uwolnij swoj\u0105 Kreatywno\u015b\u0107 Zdob\u0105d\u017a nowe Do\u015bwiadczenie Do\u0142aduj energi\u0105 nasz Zesp\u00f3\u0142 Chcia\u0142by\u015b zdoby\u0107 do\u015bwiadczenie? Praca w mi\u0119dzynarodowej firmie Jeste\u015bmy otwarci na wsp\u00f3\u0142prac\u0119 z dynamicznymi i przedsi\u0119biorczymi lud\u017ami. By\u0107 mo\u017ce potrzebujemy w\u0142a\u015bnie Ciebie! Je\u015bli masz do\u015bwiadczenie w bran\u017cy i chcia\u0142by\u015b do\u0142\u0105czy\u0107 do naszego zespo\u0142u, wy\u015blij swoje CV. Nawet je\u015bli nie odpowiemy na aplikacje od razu, zachowamy Twoje [&hellip;]<\/p>\n","protected":false},"author":2,"featured_media":90,"parent":0,"menu_order":0,"comment_status":"closed","ping_status":"closed","template":"","meta":[],"yoast_head":"<!-- This site is optimized with the Yoast SEO plugin v18.6 - https:\/\/yoast.com\/wordpress\/plugins\/seo\/ -->\n<title>Praca - KomFort Building in Europe<\/title>\n<meta name=\"robots\" content=\"index, follow, max-snippet:-1, max-image-preview:large, max-video-preview:-1\" \/>\n<link rel=\"canonical\" href=\"https:\/\/komfort.be\/pl\/praca\/\" \/>\n<meta property=\"og:locale\" content=\"pl_PL\" \/>\n<meta property=\"og:type\" content=\"article\" \/>\n<meta property=\"og:title\" content=\"Praca - KomFort Building in Europe\" \/>\n<meta property=\"og:description\" content=\"Uwolnij swoj\u0105 Kreatywno\u015b\u0107 Zdob\u0105d\u017a nowe Do\u015bwiadczenie Do\u0142aduj energi\u0105 nasz Zesp\u00f3\u0142 Chcia\u0142by\u015b zdoby\u0107 do\u015bwiadczenie? Praca w mi\u0119dzynarodowej firmie Jeste\u015bmy otwarci na wsp\u00f3\u0142prac\u0119 z dynamicznymi i przedsi\u0119biorczymi lud\u017ami. By\u0107 mo\u017ce potrzebujemy w\u0142a\u015bnie Ciebie! Je\u015bli masz do\u015bwiadczenie w bran\u017cy i chcia\u0142by\u015b do\u0142\u0105czy\u0107 do naszego zespo\u0142u, wy\u015blij swoje CV. Nawet je\u015bli nie odpowiemy na aplikacje od razu, zachowamy Twoje [&hellip;]\" \/>\n<meta property=\"og:url\" content=\"https:\/\/komfort.be\/pl\/praca\/\" \/>\n<meta property=\"og:site_name\" content=\"KomFort PL\" \/>\n<meta property=\"article:modified_time\" content=\"2022-04-14T14:09:11+00:00\" \/>\n<meta property=\"og:image\" content=\"https:\/\/komfort.be\/pl\/wp-content\/uploads\/sites\/6\/2018\/08\/aspekty_prawne-e1693416376804.jpg\" \/>\n\t<meta property=\"og:image:width\" content=\"1809\" \/>\n\t<meta property=\"og:image:height\" content=\"700\" \/>\n\t<meta property=\"og:image:type\" content=\"image\/jpeg\" \/>\n<meta name=\"twitter:card\" content=\"summary_large_image\" \/>\n<script type=\"application\/ld+json\" class=\"yoast-schema-graph\">{\"@context\":\"https:\/\/schema.org\",\"@graph\":[{\"@type\":\"WebSite\",\"@id\":\"https:\/\/komfort.be\/pl\/#website\",\"url\":\"https:\/\/komfort.be\/pl\/\",\"name\":\"KomFort PL\",\"description\":\"Wspieramy Twoj\u0105 Budow\u0119 w Unii Europejskiej. Stawiamy na skuteczno\u015b\u0107 promocji firm budowlanych.\",\"potentialAction\":[{\"@type\":\"SearchAction\",\"target\":{\"@type\":\"EntryPoint\",\"urlTemplate\":\"https:\/\/komfort.be\/pl\/?s={search_term_string}\"},\"query-input\":\"required name=search_term_string\"}],\"inLanguage\":\"pl-PL\"},{\"@type\":\"ImageObject\",\"@id\":\"https:\/\/komfort.be\/pl\/praca\/#primaryimage\",\"inLanguage\":\"pl-PL\",\"url\":\"https:\/\/komfort.be\/pl\/wp-content\/uploads\/sites\/6\/2018\/08\/aspekty_prawne-e1693416376804.jpg\",\"contentUrl\":\"https:\/\/komfort.be\/pl\/wp-content\/uploads\/sites\/6\/2018\/08\/aspekty_prawne-e1693416376804.jpg\",\"width\":1809,\"height\":700},{\"@type\":\"WebPage\",\"@id\":\"https:\/\/komfort.be\/pl\/praca\/#webpage\",\"url\":\"https:\/\/komfort.be\/pl\/praca\/\",\"name\":\"Praca - KomFort Building in Europe\",\"isPartOf\":{\"@id\":\"https:\/\/komfort.be\/pl\/#website\"},\"primaryImageOfPage\":{\"@id\":\"https:\/\/komfort.be\/pl\/praca\/#primaryimage\"},\"datePublished\":\"2018-08-29T13:33:36+00:00\",\"dateModified\":\"2022-04-14T14:09:11+00:00\",\"breadcrumb\":{\"@id\":\"https:\/\/komfort.be\/pl\/praca\/#breadcrumb\"},\"inLanguage\":\"pl-PL\",\"potentialAction\":[{\"@type\":\"ReadAction\",\"target\":[\"https:\/\/komfort.be\/pl\/praca\/\"]}]},{\"@type\":\"BreadcrumbList\",\"@id\":\"https:\/\/komfort.be\/pl\/praca\/#breadcrumb\",\"itemListElement\":[{\"@type\":\"ListItem\",\"position\":1,\"name\":\"Strona g\u0142\u00f3wna\",\"item\":\"https:\/\/komfort.be\/pl\/\"},{\"@type\":\"ListItem\",\"position\":2,\"name\":\"Praca\"}]}]}<\/script>\n<!-- \/ Yoast SEO plugin. -->","yoast_head_json":{"title":"Praca - KomFort Building in Europe","robots":{"index":"index","follow":"follow","max-snippet":"max-snippet:-1","max-image-preview":"max-image-preview:large","max-video-preview":"max-video-preview:-1"},"canonical":"https:\/\/komfort.be\/pl\/praca\/","og_locale":"pl_PL","og_type":"article","og_title":"Praca - KomFort Building in Europe","og_description":"Uwolnij swoj\u0105 Kreatywno\u015b\u0107 Zdob\u0105d\u017a nowe Do\u015bwiadczenie Do\u0142aduj energi\u0105 nasz Zesp\u00f3\u0142 Chcia\u0142by\u015b zdoby\u0107 do\u015bwiadczenie? Praca w mi\u0119dzynarodowej firmie Jeste\u015bmy otwarci na wsp\u00f3\u0142prac\u0119 z dynamicznymi i przedsi\u0119biorczymi lud\u017ami. By\u0107 mo\u017ce potrzebujemy w\u0142a\u015bnie Ciebie! Je\u015bli masz do\u015bwiadczenie w bran\u017cy i chcia\u0142by\u015b do\u0142\u0105czy\u0107 do naszego zespo\u0142u, wy\u015blij swoje CV. Nawet je\u015bli nie odpowiemy na aplikacje od razu, zachowamy Twoje [&hellip;]","og_url":"https:\/\/komfort.be\/pl\/praca\/","og_site_name":"KomFort PL","article_modified_time":"2022-04-14T14:09:11+00:00","og_image":[{"width":1809,"height":700,"url":"https:\/\/komfort.be\/pl\/wp-content\/uploads\/sites\/6\/2018\/08\/aspekty_prawne-e1693416376804.jpg","type":"image\/jpeg"}],"twitter_card":"summary_large_image","schema":{"@context":"https:\/\/schema.org","@graph":[{"@type":"WebSite","@id":"https:\/\/komfort.be\/pl\/#website","url":"https:\/\/komfort.be\/pl\/","name":"KomFort PL","description":"Wspieramy Twoj\u0105 Budow\u0119 w Unii Europejskiej. Stawiamy na skuteczno\u015b\u0107 promocji firm budowlanych.","potentialAction":[{"@type":"SearchAction","target":{"@type":"EntryPoint","urlTemplate":"https:\/\/komfort.be\/pl\/?s={search_term_string}"},"query-input":"required name=search_term_string"}],"inLanguage":"pl-PL"},{"@type":"ImageObject","@id":"https:\/\/komfort.be\/pl\/praca\/#primaryimage","inLanguage":"pl-PL","url":"https:\/\/komfort.be\/pl\/wp-content\/uploads\/sites\/6\/2018\/08\/aspekty_prawne-e1693416376804.jpg","contentUrl":"https:\/\/komfort.be\/pl\/wp-content\/uploads\/sites\/6\/2018\/08\/aspekty_prawne-e1693416376804.jpg","width":1809,"height":700},{"@type":"WebPage","@id":"https:\/\/komfort.be\/pl\/praca\/#webpage","url":"https:\/\/komfort.be\/pl\/praca\/","name":"Praca - KomFort Building in Europe","isPartOf":{"@id":"https:\/\/komfort.be\/pl\/#website"},"primaryImageOfPage":{"@id":"https:\/\/komfort.be\/pl\/praca\/#primaryimage"},"datePublished":"2018-08-29T13:33:36+00:00","dateModified":"2022-04-14T14:09:11+00:00","breadcrumb":{"@id":"https:\/\/komfort.be\/pl\/praca\/#breadcrumb"},"inLanguage":"pl-PL","potentialAction":[{"@type":"ReadAction","target":["https:\/\/komfort.be\/pl\/praca\/"]}]},{"@type":"BreadcrumbList","@id":"https:\/\/komfort.be\/pl\/praca\/#breadcrumb","itemListElement":[{"@type":"ListItem","position":1,"name":"Strona g\u0142\u00f3wna","item":"https:\/\/komfort.be\/pl\/"},{"@type":"ListItem","position":2,"name":"Praca"}]}]}},"_links":{"self":[{"href":"https:\/\/komfort.be\/pl\/wp-json\/wp\/v2\/pages\/231"}],"collection":[{"href":"https:\/\/komfort.be\/pl\/wp-json\/wp\/v2\/pages"}],"about":[{"href":"https:\/\/komfort.be\/pl\/wp-json\/wp\/v2\/types\/page"}],"author":[{"embeddable":true,"href":"https:\/\/komfort.be\/pl\/wp-json\/wp\/v2\/users\/2"}],"replies":[{"embeddable":true,"href":"https:\/\/komfort.be\/pl\/wp-json\/wp\/v2\/comments?post=231"}],"version-history":[{"count":58,"href":"https:\/\/komfort.be\/pl\/wp-json\/wp\/v2\/pages\/231\/revisions"}],"predecessor-version":[{"id":2407,"href":"https:\/\/komfort.be\/pl\/wp-json\/wp\/v2\/pages\/231\/revisions\/2407"}],"wp:featuredmedia":[{"embeddable":true,"href":"https:\/\/komfort.be\/pl\/wp-json\/wp\/v2\/media\/90"}],"wp:attachment":[{"href":"https:\/\/komfort.be\/pl\/wp-json\/wp\/v2\/media?parent=231"}],"curies":[{"name":"wp","href":"https:\/\/api.w.org\/{rel}","templated":true}]}}