{"id":217,"date":"2018-08-28T16:54:39","date_gmt":"2018-08-28T14:54:39","guid":{"rendered":"https:\/\/komfort.be\/pl\/?page_id=217"},"modified":"2023-09-04T11:13:10","modified_gmt":"2023-09-04T09:13:10","slug":"kontakt","status":"publish","type":"page","link":"https:\/\/komfort.be\/pl\/kontakt\/","title":{"rendered":"Kontakt"},"content":{"rendered":"<div id=\"pl-217\"  class=\"panel-layout\" ><div id=\"pg-217-0\"  class=\"panel-grid panel-no-style\" ><div id=\"pgc-217-0-0\"  class=\"panel-grid-cell\" ><div id=\"panel-217-0-0-0\" class=\"so-panel widget widget_contact panel-first-child panel-last-child\" data-index=\"0\" ><div class=\"so-widget-contact so-widget-contact-base\">\n<div class=\"contact\" v-if=\"contacts && contacts.osoby\" v-cloak>\n    <div class=\"contact__item contacts__col--region\">\n        <div class=\"contacts__header\">\n            <h4>{{ contacts.tlumaczenia.region}}<\/h4>\n            <p>Jaki kraj Ci\u0119 interesuje?<\/p>\n        <\/div>\n\n        <!-- All contacts-->\n        <div class=\"contacts__content\">\n            <div class=\"select-country\" :class=\"{'is-active': contactMenuMobile}\">\n                <div class=\"select-country__selected\" @click=\"toggleActive\">\n<!--                    <p v-if=\"selectedRegion\"> {{ _.find(contacts.regiony, function(o) { return o.id === selectedRegion }).nazwa }} <\/p>-->\n                    <p v-if=\"selectedRegion\"> {{ contacts.regiony.filter(el => el.id === selectedRegion)[0].nazwa }}\n                        {{ contacts.tlumaczenia.europa}}\n                    <\/p>\n\n                <\/div>\n                <ul class=\"select-country__items\" >\n                    <li  v-for=\"region in contacts.regiony \"@click=\"selectRegionMobile(region.id) === activeItemId\">\n                        <img :src=\"region.flaga\" alt=\"Polska\"  >\n                        <span>{{region.nazwa}}<\/span>\n                    <\/li>\n                    <li  @click=\"selectEu(null)\">\n                        <img src=\"https:\/\/komfort.be\/wp-content\/uploads\/2018\/08\/eu.png\" alt=\"EU\">\n                        <span>{{contacts.tlumaczenia.europa}}<\/span>\n                    <\/li>\n                <\/ul>\n            <\/div>\n\n            <!--List of countries-->\n            <div class=\"countries\">\n                <ul class=\"countries__list\">\n                    <li class=\"countries__item\" :class=\"{'is-active': !activeItemId }\"  @click=\"selectRegion(null)\" >\n                        {{contacts.tlumaczenia.europa}}\n                    <\/li>\n                    <li class=\"countries__item\" :class=\"{'is-active': activeItemId === region.id }\" v-for=\"region in contacts.regiony\"  @click=\"selectRegion(region.id)\">\n                        {{ region.nazwa }}\n                    <\/li>\n                <\/ul>\n            <\/div>\n        <\/div>\n    <\/div>\n\n\n    <div class=\"contact__contacts contact__col--contact\">\n        <div class=\"contact__header\">\n            <h4>{{ contacts.tlumaczenia.kontakt}}<\/h4>\n            <p>Lista naszych specjalist\u00f3w<\/p>\n        <\/div>\n\n        <div class=\"contact__content p-0\">\n            <!-- Single contact -->\n            <div class=\"single-contact\" v-for=\"person in orderedCountries\" v-if=\"person && person.regiony && person.regiony.filter(el => el.id === selectedRegion).length || selectedRegion === null\">\n                <div class=\"single-contact__person\">\n                    <div  v-if=\"person.zdjecie === ''\">\n                        <div class=\"avatar\"  style=\"display: none\">\n                            <img :src=\"person.zdjecie\" alt=\"\">\n                        <\/div>\n                    <\/div>\n                    <div v-else>\n                        <div class=\"avatar\" :style=\"{ 'background-image': 'url(' + person.zdjecie + ')' }\"><\/div>\n                    <\/div>\n\n                    <div class=\"contact-data\">\n                        <div class=\"contact-data__nazwa\">\n                            <h4>{{person.nazwa}}<\/h4>\n                            <div class=\"flags\">\n                                <div class=\"flags__item\" v-for=\"lan in person.jezyki\">\n                                    <img :src=\"lan.flaga\" alt=\"Poland\">\n                                <\/div>\n                            <\/div>\n                        <\/div>\n                        <div class=\"contact-data__region\">\n                            <p class=\" contact-data__region contact-data__region--region\">Region: <\/p>\n                            <p v-for=\"region in person.regiony\">{{region.nazwa}}<\/p>\n                        <\/div>\n                    <\/div>\n                <\/div>\n\n                <div class=\"single-contact__phone\">\n                    <div class=\"contact-email\" >\n                        <a href=\"#envelope\" v-smooth-scroll=\"{ duration: 3000 }\" class=\"contact-email__mobile\" @click=\"serviceItem\">\n                        <img @click=\"selectedRecipient = person, contactForm.recipient = Object.keys(contacts.osoby).filter(el => contacts.osoby[el].email === person.email)[0]\" src=\"https:\/\/komfort.be\/pl\/wp-content\/themes\/komfort\/\/assets\/img\/icons\/envelope.png\" alt=\"email\">\n                        <\/a>\n                        <img class=\"contact-email__desktop\" @click=\"selectedRecipient = person, contactForm.recipient = Object.keys(contacts.osoby).filter(el => contacts.osoby[el].email === person.email)[0]\" src=\"https:\/\/komfort.be\/pl\/wp-content\/themes\/komfort\/\/assets\/img\/icons\/envelope.png\" alt=\"email\">\n                    <\/div>\n                    <div class=\"contact-phone\">\n                        <img src=\"https:\/\/komfort.be\/pl\/wp-content\/themes\/komfort\/\/assets\/img\/icons\/phone.png\" alt=\"email\">\n                        <span>{{person.tel}}<\/span>\n                    <\/div>\n                <\/div>\n            <\/div>\n        <\/div>\n    <\/div>\n\n    <!-- Contact form -->\n    <div class=\"contact__form contact__col--message\" id=\"envelope\">\n        <div class=\"contact__header\">\n            <h4>{{ contacts.tlumaczenia.tresc}}<\/h4>\n            <p>Formularz kontaktowy<\/p>\n        <\/div>\n\n        <div class=\"contact__content\">\n\n            <!--Formularz kontaktowy-->\n            <form @submit.prevent=\"sendForm()\" class=\"form\" id=\"contactForm\">\n                <div class=\"form-group\">\n                    <div class=\"recipient\" v-if=\"selectedRecipient\">\n                        <label>{{ contacts.tlumaczenia.odbiorca}}<\/label>\n                        <div class=\"recipient__select\" >\n                            {{ contacts.tlumaczenia.odbiorca}}: <strong> {{ selectedRecipient.nazwa }} <\/strong>\n                            <span @click=\"selectedRecipient = null, contactForm.recipient = null\">x<\/span>\n                            <input type=\"hidden\" name=\"odbiorca\" v-model.trim=\"contactForm.recipient\">\n                        <\/div>\n                    <\/div>\n                <\/div>\n\n                <div class=\"form-group md-6\" :class=\"{ 'form-group--error': $v.contactForm.name.$error }\">\n                    <label>{{ contacts.tlumaczenia.imie}}<\/label>\n\n                    <input type=\"text\" v-model.trim=\"contactForm.name\" @input=\"delayTouch($v.contactForm.name)\"  :disabled=\"disableInputBool\">\n\n                    <div class=\"error\" v-if=\"!$v.contactForm.name.minLength && $v.contactForm.name.$error\">\n                        <p> Min ilo\u015b\u0107 znak\u00f3w: {{ $v.contactForm.name.$params.minLength.min }}  <\/p>\n                    <\/div>\n                    <div class=\"error\" v-if=\"!$v.contactForm.name.maxLength && $v.contactForm.name.$error\">\n                        <p> Max ilo\u015b\u0107 znak\u00f3w: {{ $v.contactForm.name.$params.maxLength.max}}  <\/p>\n                    <\/div>\n                <\/div>\n\n\n                <div class=\"form-group md-6\" :class=\"{ 'form-group--error': $v.contactForm.surname.$error }\">\n                    <label>{{ contacts.tlumaczenia.nazwisko}}<\/label>\n                    <input type=\"text\" v-model.trim=\"contactForm.surname\" @input=\"delayTouch($v.contactForm.surname)\"  :disabled=\"disableInputBool\">\n                    <div class=\"error\" v-if=\"!$v.contactForm.surname.minLength && $v.contactForm.surname.$error\">\n                        <p> Min ilo\u015b\u0107 znak\u00f3w: {{ $v.contactForm.surname.$params.minLength.min }}  <\/p>\n                    <\/div>\n                    <div class=\"error\" v-if=\"!$v.contactForm.surname.maxLength && $v.contactForm.surname.$error\">\n                        <p> Max ilo\u015b\u0107 znak\u00f3w: {{ $v.contactForm.surname.$params.maxLength.max}} <\/p>\n                    <\/div>\n                <\/div>\n\n                <div class=\"form-group md-6\" :class=\"{ 'form-group--error': $v.contactForm.phone.$error }\">\n                    <label>{{ contacts.tlumaczenia.telefon}}<\/label>\n                    <input type=\"text\" v-model.trim=\"contactForm.phone\" @input=\"delayTouch($v.contactForm.phone)\"  :disabled=\"disableInputBool\">\n                    <div class=\"error\" v-if=\"!$v.contactForm.phone.integer && $v.contactForm.phone.$error\">\n                        <p> Wprowad\u017a numer telefonu <\/p>\n                    <\/div>\n                <\/div>\n\n                <div class=\"form-group md-6\" :class=\"{ 'form-group--error': $v.contactForm.company.$error }\">\n                    <label>{{ contacts.tlumaczenia.firma}}<\/label>\n                    <input type=\"text\" v-model.trim=\"contactForm.company\" @input=\"delayTouch($v.contactForm.company)\"  :disabled=\"disableInputBool\">\n                    <div class=\"error\" v-if=\"!$v.contactForm.company.minLength && $v.contactForm.company.$error\">\n                        <p> Min ilo\u015b\u0107 znak\u00f3w: {{ $v.contactForm.company.$params.minLength.min }} <\/p>\n                    <\/div>\n                    <div class=\"error\" v-if=\"!$v.contactForm.company.maxLength && $v.contactForm.company.$error\">\n                        <p>  Max ilo\u015b\u0107 znak\u00f3w: {{ $v.contactForm.company.$params.maxLength.max}} <\/p>\n                    <\/div>\n                <\/div>\n\n                <div class=\"form-group \" :class=\"{ 'form-group--error': $v.contactForm.email.$error }\">\n                    <label>{{ contacts.tlumaczenia.email}}<\/label>\n                    <input type=\"text\" v-model.trim=\"contactForm.email\" @input=\"delayTouch($v.contactForm.email)\" :disabled=\"disableInputBool\">\n                    <div class=\"error\" v-if=\"!$v.contactForm.email.email && $v.contactForm.email.$error\">\n                        <p>  E-mail jest nieprawid\u0142owy <\/p>\n                    <\/div>\n                <\/div>\n\n                <div class=\"form-group\" :class=\"{ 'form-group--error': $v.contactForm.message.$error }\">\n                    <label>{{ contacts.tlumaczenia.tresc}}<\/label>\n                    <textarea name=\"\" id=\"\" cols=\"30\" rows=\"5\" v-model.trim=\"contactForm.message\"  @input=\"delayTouch($v.contactForm.message)\"  :disabled=\"disableInputBool\"><\/textarea>\n                    <div class=\"error\" v-if=\"!$v.contactForm.message.minLength && $v.contactForm.message.$error\">\n                        <p>Min ilo\u015b\u0107 znak\u00f3w:{{ $v.contactForm.message.$params.minLength.min }}  <\/p>\n                    <\/div>\n                    <div class=\"error\" v-if=\"!$v.contactForm.message.maxLength && $v.contactForm.message.$error\">\n                        <p>  Max ilo\u015b\u0107 znak\u00f3w: {{ $v.contactForm.message.$params.maxLength.max}}  <\/p>\n                    <\/div>\n                <\/div>\n\n                <div class=\"form-group form-group--acceptance\" :class=\"{ 'form-group--error': $v.contactForm.acceptance.$error }\">\n                    <label>\n                        <input type=\"checkbox\" v-model.trim=\"contactForm.acceptance\">\n                        {{ contacts.tlumaczenia.zgoda}}\n                        <div class=\"error\" v-if=\"!$v.contactForm.acceptance && $v.contactForm.acceptance.$error\">\n                            <p>  <\/p>\n                        <\/div>\n                    <\/label>\n                <\/div>\n                <transition name=\"fadeMsg\">\n                <p v-if=\"msgStatus\" class=\"send-msg send-msg--success\">\n                    {{ contacts.tlumaczenia.podziekowanie}}\n                <\/p>\n                <\/transition>\n                <div class=\"form-group form-group--submit\">\n                    <button class=\"btn\" type=\"submit\" :disabled=\"disableInputBool\">{{ contacts.tlumaczenia.wyslij}}<\/button>\n                <\/div>\n\n            <\/form>\n        <\/div>\n    <\/div>\n<\/div>\n<\/div><\/div><\/div><\/div><div id=\"pg-217-1\"  class=\"panel-grid panel-has-style\" ><div class=\"siteorigin-panels-stretch panel-row-style panel-row-style-for-217-1\" data-stretch-type=\"full-stretched-padded\" ><div id=\"pgc-217-1-0\"  class=\"panel-grid-cell\" ><div id=\"panel-217-1-0-0\" class=\"so-panel widget widget_title panel-first-child\" data-index=\"1\" ><div class=\"so-widget-title so-widget-title-base\">\n<div class=\"title-section  title-section--center\">\n\n\t<p><p>Zapraszamy do kontaktu!<\/p>\n<\/p>\n    <h4>Oddzia\u0142y naszych plac\u00f3wek<\/h4>\n\n<\/div>\n\n<\/div><\/div><div id=\"panel-217-1-0-1\" class=\"so-panel widget widget_offices panel-last-child\" data-index=\"2\" ><div class=\"panel-widget-style panel-widget-style-for-217-1-0-1\" ><div class=\"so-widget-offices so-widget-offices-base\"><div class=\"container\">\n<div class=\"offices\">\n    <agile :options=\"offices\">\n        \n        <div class=\"offices__slide\">\n            <div class=\"offices__country\">\n                <span>Polska<\/span>\n            <\/div>\n            <h3>Siedziba firmy <\/h3>\n            <div class=\"offices__address\">\n                <span>ul. Czerniakowska 71<\/span>\n                <span>00-718 Warszawa<\/span>\n            <\/div>\n        <\/div>\n            \n        <div class=\"offices__slide\">\n            <div class=\"offices__country\">\n                <span>Polska<\/span>\n            <\/div>\n            <h3>Biuro w Rzeszowie<\/h3>\n            <div class=\"offices__address\">\n                <span>ul. Mochnackiego 25\/6<\/span>\n                <span>35-016 Rzesz\u00f3w<\/span>\n            <\/div>\n        <\/div>\n            \n        <div class=\"offices__slide\">\n            <div class=\"offices__country\">\n                <span>Francja<\/span>\n            <\/div>\n            <h3>Biuro w Pary\u017cu <\/h3>\n            <div class=\"offices__address\">\n                <span>42 rue Monge<\/span>\n                <span>75005 Pary\u017c<\/span>\n            <\/div>\n        <\/div>\n            \n        <div class=\"offices__slide\">\n            <div class=\"offices__country\">\n                <span>Belgia<\/span>\n            <\/div>\n            <h3>Biuro w Brukseli<\/h3>\n            <div class=\"offices__address\">\n                <span>Rdpt Robert Schuman 11<\/span>\n                <span>1040 Bruksela<\/span>\n            <\/div>\n        <\/div>\n            \n        <div class=\"offices__slide\">\n            <div class=\"offices__country\">\n                <span>Niemcy<\/span>\n            <\/div>\n            <h3>Biuro w Monachium<\/h3>\n            <div class=\"offices__address\">\n                <span>T\u00f6lzer Str. 1<\/span>\n                <span>82031 Gr\u00fcnwald, Landkreis M\u00fcnchen<\/span>\n            <\/div>\n        <\/div>\n            \n        <div class=\"offices__slide\">\n            <div class=\"offices__country\">\n                <span>Polska<\/span>\n            <\/div>\n            <h3>Biuro w Bi\u0142goraju<\/h3>\n            <div class=\"offices__address\">\n                <span>ul. Krzeszowska 55D<\/span>\n                <span>23-400 Bi\u0142goraj<\/span>\n            <\/div>\n        <\/div>\n                <\/agile>\n<\/div>\n<\/div><\/div><\/div><\/div><\/div><\/div><\/div><\/div>","protected":false},"excerpt":{"rendered":"<p>{{ contacts.tlumaczenia.region}} Jaki kraj Ci\u0119 interesuje? {{ contacts.regiony.filter(el => el.id === selectedRegion)[0].nazwa }} {{ contacts.tlumaczenia.europa}} {{region.nazwa}} {{contacts.tlumaczenia.europa}} {{contacts.tlumaczenia.europa}} {{ region.nazwa }} {{ contacts.tlumaczenia.kontakt}} Lista naszych specjalist\u00f3w {{person.nazwa}} Region: {{region.nazwa}} {{person.tel}} {{ contacts.tlumaczenia.tresc}} Formularz kontaktowy {{ contacts.tlumaczenia.odbiorca}} {{ contacts.tlumaczenia.odbiorca}}: {{ selectedRecipient.nazwa }} x {{ contacts.tlumaczenia.imie}} Min ilo\u015b\u0107 znak\u00f3w: {{ $v.contactForm.name.$params.minLength.min }} Max ilo\u015b\u0107 znak\u00f3w: {{ $v.contactForm.name.$params.maxLength.max}} [&hellip;]<\/p>\n","protected":false},"author":2,"featured_media":3284,"parent":0,"menu_order":0,"comment_status":"closed","ping_status":"closed","template":"","meta":[],"yoast_head":"<!-- This site is optimized with the Yoast SEO plugin v18.6 - https:\/\/yoast.com\/wordpress\/plugins\/seo\/ -->\n<title>Kontakt - KomFort Building in Europe<\/title>\n<meta name=\"robots\" content=\"index, follow, max-snippet:-1, max-image-preview:large, max-video-preview:-1\" \/>\n<link rel=\"canonical\" href=\"https:\/\/komfort.be\/pl\/kontakt\/\" \/>\n<meta property=\"og:locale\" content=\"pl_PL\" \/>\n<meta property=\"og:type\" content=\"article\" \/>\n<meta property=\"og:title\" content=\"Kontakt - KomFort Building in Europe\" \/>\n<meta property=\"og:description\" content=\"{{ contacts.tlumaczenia.region}} Jaki kraj Ci\u0119 interesuje? {{ contacts.regiony.filter(el =&gt; el.id === selectedRegion)[0].nazwa }} {{ contacts.tlumaczenia.europa}} {{region.nazwa}} {{contacts.tlumaczenia.europa}} {{contacts.tlumaczenia.europa}} {{ region.nazwa }} {{ contacts.tlumaczenia.kontakt}} Lista naszych specjalist\u00f3w {{person.nazwa}} Region: {{region.nazwa}} {{person.tel}} {{ contacts.tlumaczenia.tresc}} Formularz kontaktowy {{ contacts.tlumaczenia.odbiorca}} {{ contacts.tlumaczenia.odbiorca}}: {{ selectedRecipient.nazwa }} x {{ contacts.tlumaczenia.imie}} Min ilo\u015b\u0107 znak\u00f3w: {{ $v.contactForm.name.$params.minLength.min }} Max ilo\u015b\u0107 znak\u00f3w: {{ $v.contactForm.name.$params.maxLength.max}} [&hellip;]\" \/>\n<meta property=\"og:url\" content=\"https:\/\/komfort.be\/pl\/kontakt\/\" \/>\n<meta property=\"og:site_name\" content=\"KomFort PL\" \/>\n<meta property=\"article:modified_time\" content=\"2023-09-04T09:13:10+00:00\" \/>\n<meta name=\"twitter:card\" content=\"summary_large_image\" \/>\n<meta name=\"twitter:image\" content=\"https:\/\/komfort.be\/pl\/wp-content\/uploads\/sites\/6\/2023\/09\/background-kontakt.webp\" \/>\n<script type=\"application\/ld+json\" class=\"yoast-schema-graph\">{\"@context\":\"https:\/\/schema.org\",\"@graph\":[{\"@type\":\"WebSite\",\"@id\":\"https:\/\/komfort.be\/pl\/#website\",\"url\":\"https:\/\/komfort.be\/pl\/\",\"name\":\"KomFort PL\",\"description\":\"Wspieramy Twoj\u0105 Budow\u0119 w Unii Europejskiej. Stawiamy na skuteczno\u015b\u0107 promocji firm budowlanych.\",\"potentialAction\":[{\"@type\":\"SearchAction\",\"target\":{\"@type\":\"EntryPoint\",\"urlTemplate\":\"https:\/\/komfort.be\/pl\/?s={search_term_string}\"},\"query-input\":\"required name=search_term_string\"}],\"inLanguage\":\"pl-PL\"},{\"@type\":\"ImageObject\",\"@id\":\"https:\/\/komfort.be\/pl\/kontakt\/#primaryimage\",\"inLanguage\":\"pl-PL\",\"url\":\"https:\/\/komfort.be\/pl\/wp-content\/uploads\/sites\/6\/2023\/09\/background-kontakt.webp\",\"contentUrl\":\"https:\/\/komfort.be\/pl\/wp-content\/uploads\/sites\/6\/2023\/09\/background-kontakt.webp\",\"width\":1920,\"height\":500},{\"@type\":\"WebPage\",\"@id\":\"https:\/\/komfort.be\/pl\/kontakt\/#webpage\",\"url\":\"https:\/\/komfort.be\/pl\/kontakt\/\",\"name\":\"Kontakt - KomFort Building in Europe\",\"isPartOf\":{\"@id\":\"https:\/\/komfort.be\/pl\/#website\"},\"primaryImageOfPage\":{\"@id\":\"https:\/\/komfort.be\/pl\/kontakt\/#primaryimage\"},\"datePublished\":\"2018-08-28T14:54:39+00:00\",\"dateModified\":\"2023-09-04T09:13:10+00:00\",\"breadcrumb\":{\"@id\":\"https:\/\/komfort.be\/pl\/kontakt\/#breadcrumb\"},\"inLanguage\":\"pl-PL\",\"potentialAction\":[{\"@type\":\"ReadAction\",\"target\":[\"https:\/\/komfort.be\/pl\/kontakt\/\"]}]},{\"@type\":\"BreadcrumbList\",\"@id\":\"https:\/\/komfort.be\/pl\/kontakt\/#breadcrumb\",\"itemListElement\":[{\"@type\":\"ListItem\",\"position\":1,\"name\":\"Strona g\u0142\u00f3wna\",\"item\":\"https:\/\/komfort.be\/pl\/\"},{\"@type\":\"ListItem\",\"position\":2,\"name\":\"Kontakt\"}]}]}<\/script>\n<!-- \/ Yoast SEO plugin. -->","yoast_head_json":{"title":"Kontakt - KomFort Building in Europe","robots":{"index":"index","follow":"follow","max-snippet":"max-snippet:-1","max-image-preview":"max-image-preview:large","max-video-preview":"max-video-preview:-1"},"canonical":"https:\/\/komfort.be\/pl\/kontakt\/","og_locale":"pl_PL","og_type":"article","og_title":"Kontakt - KomFort Building in Europe","og_description":"{{ contacts.tlumaczenia.region}} Jaki kraj Ci\u0119 interesuje? {{ contacts.regiony.filter(el => el.id === selectedRegion)[0].nazwa }} {{ contacts.tlumaczenia.europa}} {{region.nazwa}} {{contacts.tlumaczenia.europa}} {{contacts.tlumaczenia.europa}} {{ region.nazwa }} {{ contacts.tlumaczenia.kontakt}} Lista naszych specjalist\u00f3w {{person.nazwa}} Region: {{region.nazwa}} {{person.tel}} {{ contacts.tlumaczenia.tresc}} Formularz kontaktowy {{ contacts.tlumaczenia.odbiorca}} {{ contacts.tlumaczenia.odbiorca}}: {{ selectedRecipient.nazwa }} x {{ contacts.tlumaczenia.imie}} Min ilo\u015b\u0107 znak\u00f3w: {{ $v.contactForm.name.$params.minLength.min }} Max ilo\u015b\u0107 znak\u00f3w: {{ $v.contactForm.name.$params.maxLength.max}} [&hellip;]","og_url":"https:\/\/komfort.be\/pl\/kontakt\/","og_site_name":"KomFort PL","article_modified_time":"2023-09-04T09:13:10+00:00","twitter_card":"summary_large_image","twitter_image":"https:\/\/komfort.be\/pl\/wp-content\/uploads\/sites\/6\/2023\/09\/background-kontakt.webp","schema":{"@context":"https:\/\/schema.org","@graph":[{"@type":"WebSite","@id":"https:\/\/komfort.be\/pl\/#website","url":"https:\/\/komfort.be\/pl\/","name":"KomFort PL","description":"Wspieramy Twoj\u0105 Budow\u0119 w Unii Europejskiej. Stawiamy na skuteczno\u015b\u0107 promocji firm budowlanych.","potentialAction":[{"@type":"SearchAction","target":{"@type":"EntryPoint","urlTemplate":"https:\/\/komfort.be\/pl\/?s={search_term_string}"},"query-input":"required name=search_term_string"}],"inLanguage":"pl-PL"},{"@type":"ImageObject","@id":"https:\/\/komfort.be\/pl\/kontakt\/#primaryimage","inLanguage":"pl-PL","url":"https:\/\/komfort.be\/pl\/wp-content\/uploads\/sites\/6\/2023\/09\/background-kontakt.webp","contentUrl":"https:\/\/komfort.be\/pl\/wp-content\/uploads\/sites\/6\/2023\/09\/background-kontakt.webp","width":1920,"height":500},{"@type":"WebPage","@id":"https:\/\/komfort.be\/pl\/kontakt\/#webpage","url":"https:\/\/komfort.be\/pl\/kontakt\/","name":"Kontakt - KomFort Building in Europe","isPartOf":{"@id":"https:\/\/komfort.be\/pl\/#website"},"primaryImageOfPage":{"@id":"https:\/\/komfort.be\/pl\/kontakt\/#primaryimage"},"datePublished":"2018-08-28T14:54:39+00:00","dateModified":"2023-09-04T09:13:10+00:00","breadcrumb":{"@id":"https:\/\/komfort.be\/pl\/kontakt\/#breadcrumb"},"inLanguage":"pl-PL","potentialAction":[{"@type":"ReadAction","target":["https:\/\/komfort.be\/pl\/kontakt\/"]}]},{"@type":"BreadcrumbList","@id":"https:\/\/komfort.be\/pl\/kontakt\/#breadcrumb","itemListElement":[{"@type":"ListItem","position":1,"name":"Strona g\u0142\u00f3wna","item":"https:\/\/komfort.be\/pl\/"},{"@type":"ListItem","position":2,"name":"Kontakt"}]}]}},"_links":{"self":[{"href":"https:\/\/komfort.be\/pl\/wp-json\/wp\/v2\/pages\/217"}],"collection":[{"href":"https:\/\/komfort.be\/pl\/wp-json\/wp\/v2\/pages"}],"about":[{"href":"https:\/\/komfort.be\/pl\/wp-json\/wp\/v2\/types\/page"}],"author":[{"embeddable":true,"href":"https:\/\/komfort.be\/pl\/wp-json\/wp\/v2\/users\/2"}],"replies":[{"embeddable":true,"href":"https:\/\/komfort.be\/pl\/wp-json\/wp\/v2\/comments?post=217"}],"version-history":[{"count":47,"href":"https:\/\/komfort.be\/pl\/wp-json\/wp\/v2\/pages\/217\/revisions"}],"predecessor-version":[{"id":2896,"href":"https:\/\/komfort.be\/pl\/wp-json\/wp\/v2\/pages\/217\/revisions\/2896"}],"wp:featuredmedia":[{"embeddable":true,"href":"https:\/\/komfort.be\/pl\/wp-json\/wp\/v2\/media\/3284"}],"wp:attachment":[{"href":"https:\/\/komfort.be\/pl\/wp-json\/wp\/v2\/media?parent=217"}],"curies":[{"name":"wp","href":"https:\/\/api.w.org\/{rel}","templated":true}]}}