{"id":1975,"date":"2024-11-14T08:26:58","date_gmt":"2024-11-14T07:26:58","guid":{"rendered":"https:\/\/komfort.be\/pl\/zlecenia_budowlane_francja-copy\/"},"modified":"2024-11-28T19:10:46","modified_gmt":"2024-11-28T18:10:46","slug":"zlecenia_budowlane_belgia","status":"publish","type":"page","link":"https:\/\/komfort.be\/pl\/zlecenia_budowlane_belgia\/","title":{"rendered":"Belgia zlecenia budowlane 2025"},"content":{"rendered":"<div id=\"pl-1975\"  class=\"panel-layout\" ><div id=\"pg-1975-0\"  class=\"panel-grid panel-no-style\" ><div id=\"pgc-1975-0-0\"  class=\"panel-grid-cell\" ><div id=\"panel-1975-0-0-0\" class=\"so-panel widget widget_about panel-first-child panel-last-child\" data-index=\"0\" ><div class=\"so-widget-about so-widget-about-base\"><div class=\"about-company\">\n\n\t<div class=\"ornament\"><\/div>\n\t<div class=\"about-company__content\">\n\t\t<div class=\"title-section\">\n\t\t\t<p>PRYWATNE, PUBLICZNE, PODWYKONAWCZE<\/p>\n\t\t\t<h4>Zlecenia i Oferty budowlane w Belgii<\/h4>\n\t\t<\/div>\n\n\t\t<div class=\"text-content\">\n            <p style=\"text-align: left\">Mamy najwi\u0119ksz\u0105 baz\u0119 <strong>zweryfikowanych zlece\u0144<\/strong> budowlanych i remontowych z Belgii!<\/p>\n<p style=\"text-align: left\">Oferujemy aktualne i dost\u0119pne zlecenia dla elektryk\u00f3w, murarzy, instalator\u00f3w i wykonawc\u00f3w elewacji, a tak\u017ce dla monter\u00f3w okien i drzwi oraz ekip og\u00f3lnobudowlanych.<\/p>\n<p>&nbsp;<\/p>\n<h3>Budowa w Belgii<\/h3>\n<p>&nbsp;<\/p>\n<p style=\"text-align: left\">W naszej Bazie znajduj\u0105 si\u0119 zlecenia budowlane i remontowe od sprawdzonych i pewnych zleceniodawc\u00f3w belgijskich. Zlecenia pochodz\u0105 od os\u00f3b prywatnych i\u00a0inwestor\u00f3w publicznych z obszaru ca\u0142ej Belgii.<\/p>\n<p>&nbsp;<\/p>\n<p style=\"text-align: left\">Polskim firmom, brygadom, grupom budowlanym i remontowym, a tak\u017ce jednoosobowym wykonawcom rob\u00f3t remontowych i budowlanych oferujemy zlecenia na prace budowlane, remonty i wyko\u0144czenia. Je\u015bli zastanawiasz si\u0119, czy nie warto zacz\u0105\u0107 dzia\u0142a\u0107 w Belgii, do\u0142\u0105cz do naszych Partner\u00f3w, a my umo\u017cliwimy Ci wej\u015bcie na rynek belgijski. W naszej bazie znajdziesz zlecenia remontowe i budowlane ze wszystkich obszar\u00f3w bran\u017cy. Ponadto nasi doradcy przeprowadz\u0105 Ci\u0119 przez ca\u0142y proces realizacji przedsi\u0119wzi\u0119cia budowlanego. A przede wszystkim zapewni\u0105 bezpiecze\u0144stwo techniczne, prawne i finansowe.<\/p>\n<h5><\/h5>\n<h5 style=\"text-align: left\">Zlecenia budowlane:<\/h5>\n<ul style=\"text-align: left\">\n<li>prace og\u00f3lnobudowlane<\/li>\n<li>dachy<\/li>\n<li>elewacje<\/li>\n<li>instalacje<\/li>\n<li>prace elektryczne<\/li>\n<li>prace wyko\u0144czeniowe<\/li>\n<\/ul>\n<p>&nbsp;<\/p>\n<p style=\"text-align: left\">KomFort wspiera polskiego zleceniobiorc\u0119 w ca\u0142ym procesie eksportu us\u0142ug budowlanych do Belgii, od wyboru zlecenia do zako\u0144czenia realizacji kontraktu budowlanego - finalnego <strong>odbioru rob\u00f3t budowlanych<\/strong> i pe\u0142nego rozliczenia finansowego.<\/p>\n<h5><\/h5>\n<h5 style=\"text-align: left\">Naszym Partnerom zapewniamy pe\u0142n\u0105 obs\u0142ug\u0119 prawn\u0105, administracyjn\u0105, doradztwo techniczne i finansowe, pomoc organizacyjn\u0105 oraz opiek\u0119 t\u0142umaczy w Polsce i w Belgii, czyli na miejscu realizacji zlecenia.<\/h5>\n\t\t<\/div>\n\t\t\t\t<a href=\"https:\/\/komfort.be\/pl\/szukasz-zlecen-budowlanych\/\" class=\"btn\" >Zlecenia budowlane<\/a>\n\t\t\t<\/div>\n\n\t<div class=\"about-company__slider\">\n\t\t<div class=\"advantages\">\n\n\t\t\t<agile :options=\"advantages\">\n                \n\t\t\t\t\t\t<div class=\"advantages__item\">\n                            <div class=\"advantages__icon\">\n\t\t\t\t\t\t\t\t<img src=\"https:\/\/komfort.be\/pl\/wp-content\/uploads\/sites\/6\/2018\/09\/dla-kogo.jpg\" alt=\"\">\n\t\t\t\t\t\t\t<\/div>\n\n\t\t\t\t\t\t\t<div class=\"advantages__content\">\n\t\t\t\t\t\t\t\t<div class=\"title-section \">\n\n\t\t\t\t\t\t\t\t\t<p><\/p>\n\t\t\t\t\t\t\t\t\t<h4>Inwestycje publiczne<\/h4>\n\n\t\t\t\t\t\t\t\t<\/div>\n\t\t\t\t\t\t\t<\/div>\n\t\t\t\t\t\t<\/div>\n                        \n\t\t\t\t\t\t<div class=\"advantages__item\">\n                            <div class=\"advantages__icon\">\n\t\t\t\t\t\t\t\t<img src=\"https:\/\/komfort.be\/pl\/wp-content\/uploads\/sites\/6\/2018\/10\/school.png\" alt=\"\">\n\t\t\t\t\t\t\t<\/div>\n\n\t\t\t\t\t\t\t<div class=\"advantages__content\">\n\t\t\t\t\t\t\t\t<div class=\"title-section \">\n\n\t\t\t\t\t\t\t\t\t<p>szko\u0142y, przedszkola i \u017c\u0142obki, urz\u0119dy i instytucje pa\u0144stwowe, instytucje medyczne, centra handlowo-us\u0142ugowe, muzea, o\u015brodki kultury<\/p>\n\t\t\t\t\t\t\t\t\t<h4><\/h4>\n\n\t\t\t\t\t\t\t\t<\/div>\n\t\t\t\t\t\t\t<\/div>\n\t\t\t\t\t\t<\/div>\n                        \n\t\t\t\t\t\t<div class=\"advantages__item\">\n                            <div class=\"advantages__icon\">\n\t\t\t\t\t\t\t\t<img src=\"https:\/\/komfort.be\/pl\/wp-content\/uploads\/sites\/6\/2018\/09\/dla-kogo.jpg\" alt=\"\">\n\t\t\t\t\t\t\t<\/div>\n\n\t\t\t\t\t\t\t<div class=\"advantages__content\">\n\t\t\t\t\t\t\t\t<div class=\"title-section \">\n\n\t\t\t\t\t\t\t\t\t<p><\/p>\n\t\t\t\t\t\t\t\t\t<h4>Inwestycje prywatne<\/h4>\n\n\t\t\t\t\t\t\t\t<\/div>\n\t\t\t\t\t\t\t<\/div>\n\t\t\t\t\t\t<\/div>\n                        \n\t\t\t\t\t\t<div class=\"advantages__item\">\n                            <div class=\"advantages__icon\">\n\t\t\t\t\t\t\t\t<img src=\"https:\/\/komfort.be\/pl\/wp-content\/uploads\/sites\/6\/2018\/10\/home.png\" alt=\"\">\n\t\t\t\t\t\t\t<\/div>\n\n\t\t\t\t\t\t\t<div class=\"advantages__content\">\n\t\t\t\t\t\t\t\t<div class=\"title-section \">\n\n\t\t\t\t\t\t\t\t\t<p>budynki jednorodzinne, budynki wielorodzinne, biurowce, hotele, hale produkcyjno-przemys\u0142owe<\/p>\n\t\t\t\t\t\t\t\t\t<h4><\/h4>\n\n\t\t\t\t\t\t\t\t<\/div>\n\t\t\t\t\t\t\t<\/div>\n\t\t\t\t\t\t<\/div>\n                        \t\t\t<\/agile>\n\t\t<\/div>\n\t<\/div>\n<\/div>\n<\/div><\/div><\/div><\/div><div id=\"pg-1975-1\"  class=\"panel-grid panel-has-style\" ><div class=\"panel-row-style panel-row-style-for-1975-1\" ><div id=\"pgc-1975-1-0\"  class=\"panel-grid-cell\" ><div id=\"panel-1975-1-0-0\" class=\"so-panel widget widget_banner panel-first-child panel-last-child\" data-index=\"1\" ><div class=\"so-widget-banner so-widget-banner-base\"><div class=\"job-add\">\n    <div class=\"job-add__title\">\n        <div class=\"title-section\">\n            <p>Zlecenie budowlane w Belgii 2025<\/p>\n            <h4>przyk\u0142adowa oferta <\/h4>\n        <\/div>\n    <\/div>\n    <div class=\"job-add__image\">\n        <img alt=\"rzetelna-firma\" src=\"https:\/\/komfort.be\/pl\/wp-content\/uploads\/sites\/6\/2021\/10\/zdjecie_oferty_z_bazy_prace_ogolnobudowlane.jpg\">\n    <\/div>\n\n    <div class=\"job-add__desc\">\n        <p><p style=\"text-align: left\">Sektor:<\/p>\n<h3 style=\"text-align: left\">Prace og\u00f3lnobudowlane<\/h3>\n<p style=\"text-align: left\">Podsektor:<\/p>\n<h3 style=\"text-align: left\">Elewacje<\/h3>\n<p style=\"text-align: left\">Zapytanie ofertowe na:<\/p>\n<h3 style=\"text-align: left\">wykonanie elewacji z ceg\u0142y<\/h3>\n<p style=\"text-align: left\">Gdzie:<\/p>\n<h3 style=\"text-align: left\">po\u0142udniowa Belgia<\/h3>\n<p style=\"text-align: left\">Monta\u017c izolacji i wykonanie elewacji z ceg\u0142y.<\/p>\n<p style=\"text-align: left\">Start prac: luty 2025.<\/p>\n<p style=\"text-align: left\">Rodzaj budynku: budynek mieszkalny wielorodzinny.<\/p>\n<p style=\"text-align: left\">Wielko\u015b\u0107 ekipy: 3-4 osoby.<\/p>\n<p style=\"text-align: left\">W ekipie konieczna jest znajomo\u015b\u0107 j\u0119zyka angielskiego.<\/p>\n<p style=\"text-align: left\">Podstawowe narz\u0119dzia oraz elektronarz\u0119dzia po stronie podwykonawcy.<\/p>\n<\/p>\n    <\/div>\n<\/div>\n<\/div><\/div><\/div><\/div><\/div><div id=\"pg-1975-2\"  class=\"panel-grid panel-no-style\" ><div id=\"pgc-1975-2-0\"  class=\"panel-grid-cell panel-grid-cell-empty\" ><\/div><div id=\"pgc-1975-2-1\"  class=\"panel-grid-cell\" ><div id=\"panel-1975-2-1-0\" class=\"so-panel widget widget_sow-button panel-first-child panel-last-child\" data-index=\"2\" ><div class=\"so-widget-sow-button so-widget-sow-button-wire-98c2db1efbc6-1975\"><div class=\"ow-button-base ow-button-align-left\">\n\t<a href=\"https:\/\/komfort.be\/pl\/kontakt\/\" class=\"ow-icon-placement-left ow-button-hover\" \t\t>\n\t\t<span>\n\t\t\t\n\t\t\tWyce\u0144 zlecenie\t\t<\/span>\n\t<\/a>\n<\/div>\n<\/div><\/div><\/div><\/div><div id=\"pg-1975-3\"  class=\"panel-grid panel-no-style\" ><div id=\"pgc-1975-3-0\"  class=\"panel-grid-cell\" ><div id=\"panel-1975-3-0-0\" class=\"so-panel widget widget_title panel-first-child\" data-index=\"3\" ><div class=\"panel-widget-style panel-widget-style-for-1975-3-0-0\" ><div class=\"so-widget-title so-widget-title-base\">\n<div class=\"title-section  \">\n\n\t<p><\/p>\n    <h4>Zlecenia budowlane<\/h4>\n\n<\/div>\n\n<\/div><\/div><\/div><div id=\"panel-1975-3-0-1\" class=\"so-panel widget widget_title\" data-index=\"4\" ><div class=\"panel-widget-style panel-widget-style-for-1975-3-0-1\" ><div class=\"so-widget-title so-widget-title-base\">\n<div class=\"title-section  \">\n\n\t<p><\/p>\n    <h4><\/h4>\n\n<\/div>\n\n<\/div><\/div><\/div><div id=\"panel-1975-3-0-2\" class=\"so-panel widget widget_feature-box panel-last-child\" data-index=\"5\" ><div class=\"panel-widget-style panel-widget-style-for-1975-3-0-2\" ><div class=\"so-widget-feature-box so-widget-feature-box-base\"><div class=\"home-boxes\">\n\t<agile :options=\"options\" >\n        \t\t\t\t<div class=\"slide\">\n\t\t\t\t\t<div class=\"slide__content\">\n\t\t\t\t\t\t<img src=\"https:\/\/komfort.be\/pl\/wp-content\/uploads\/sites\/6\/2024\/06\/Flag_of_Luxembourg_rounded.png\" alt=\"\" width=\"80\" height=\"80\" class=\"slide--front\">\n\t\t\t\t\t\t<img src=\"https:\/\/komfort.be\/pl\/wp-content\/uploads\/sites\/6\/2024\/06\/Flag_of_Luxembourg_rounded.png\" alt=\"\" width=\"200\" height=\"200\" class=\"slide--back\">\n\t\t\t\t\t\t<h2>Luksemburg\t\t\t\t\t\t\t<span class=\"incr\">\n                                       01                                    <\/span>\n\t\t\t\t\t\t<\/h2>\n                        <ul>\n \t<li>zlecenia, projekty, inwestycje,<\/li>\n \t<li>budowa, remont, modernizacja.<\/li>\n<\/ul>\t\t\t\t\t<\/div>\n\t\t\t\t\t<div class=\"slide__action\">\n\t\t\t\t\t\t<div class=\"subtitle\">\n                            \n\t\t\t\t\t\t\t<!--  Get previous & next slide index -->\n                                                        \n\t\t\t\t\t\t\t<div class=\"subtitle__left\"><span>Poprzednie<\/span>\n\t\t\t\t\t\t\t\t<h2>Holandia<\/h2>\n\t\t\t\t\t\t\t<\/div>\n\t\t\t\t\t\t\t<div class=\"subtitle__right\"><span>Nast\u0119pne<\/span>\n\t\t\t\t\t\t\t\t<h2>Francja<\/h2>\n\t\t\t\t\t\t\t<\/div>\n\t\t\t\t\t\t<\/div>\n\t\t\t\t\t\t<a  class=\"btn btn--purple\" href=\"https:\/\/komfort.be\/pl\/zlecenia_budowlane_luksemburg\/\">Zobacz<\/a>\n\t\t\t\t\t<\/div>\n\t\t\t\t<\/div>\n                \t\t\t\t<div class=\"slide\">\n\t\t\t\t\t<div class=\"slide__content\">\n\t\t\t\t\t\t<img src=\"https:\/\/komfort.be\/pl\/wp-content\/uploads\/sites\/6\/2021\/12\/francja-ikona.png\" alt=\"\" width=\"80\" height=\"80\" class=\"slide--front\">\n\t\t\t\t\t\t<img src=\"https:\/\/komfort.be\/pl\/wp-content\/uploads\/sites\/6\/2021\/12\/francja-ikona.png\" alt=\"\" width=\"200\" height=\"200\" class=\"slide--back\">\n\t\t\t\t\t\t<h2>Francja\t\t\t\t\t\t\t<span class=\"incr\">\n                                       02                                    <\/span>\n\t\t\t\t\t\t<\/h2>\n                        <ul>\n \t<li>zlecenia budowlane i remontowe,<\/li>\n \t<li>inwestycje prywatne i publiczne.<\/li>\n<\/ul>\t\t\t\t\t<\/div>\n\t\t\t\t\t<div class=\"slide__action\">\n\t\t\t\t\t\t<div class=\"subtitle\">\n                            \n\t\t\t\t\t\t\t<!--  Get previous & next slide index -->\n                                                        \n\t\t\t\t\t\t\t<div class=\"subtitle__left\"><span>Poprzednie<\/span>\n\t\t\t\t\t\t\t\t<h2>Luksemburg<\/h2>\n\t\t\t\t\t\t\t<\/div>\n\t\t\t\t\t\t\t<div class=\"subtitle__right\"><span>Nast\u0119pne<\/span>\n\t\t\t\t\t\t\t\t<h2>Belgia<\/h2>\n\t\t\t\t\t\t\t<\/div>\n\t\t\t\t\t\t<\/div>\n\t\t\t\t\t\t<a  class=\"btn btn--purple\" href=\"https:\/\/komfort.be\/pl\/zlecenia_budowlane_francja\/\">Zobacz<\/a>\n\t\t\t\t\t<\/div>\n\t\t\t\t<\/div>\n                \t\t\t\t<div class=\"slide\">\n\t\t\t\t\t<div class=\"slide__content\">\n\t\t\t\t\t\t<img src=\"https:\/\/komfort.be\/pl\/wp-content\/uploads\/sites\/6\/2021\/12\/belgia-ikona.png\" alt=\"\" width=\"80\" height=\"80\" class=\"slide--front\">\n\t\t\t\t\t\t<img src=\"https:\/\/komfort.be\/pl\/wp-content\/uploads\/sites\/6\/2021\/12\/belgia-ikona.png\" alt=\"\" width=\"200\" height=\"200\" class=\"slide--back\">\n\t\t\t\t\t\t<h2>Belgia\t\t\t\t\t\t\t<span class=\"incr\">\n                                       03                                    <\/span>\n\t\t\t\t\t\t<\/h2>\n                        <ul>\n \t<li>zlecenia, projekty, inwestycje,<\/li>\n \t<li>prywatne, publiczne, podwykonawcze.<\/li>\n<\/ul>\t\t\t\t\t<\/div>\n\t\t\t\t\t<div class=\"slide__action\">\n\t\t\t\t\t\t<div class=\"subtitle\">\n                            \n\t\t\t\t\t\t\t<!--  Get previous & next slide index -->\n                                                        \n\t\t\t\t\t\t\t<div class=\"subtitle__left\"><span>Poprzednie<\/span>\n\t\t\t\t\t\t\t\t<h2>Francja<\/h2>\n\t\t\t\t\t\t\t<\/div>\n\t\t\t\t\t\t\t<div class=\"subtitle__right\"><span>Nast\u0119pne<\/span>\n\t\t\t\t\t\t\t\t<h2>Holandia<\/h2>\n\t\t\t\t\t\t\t<\/div>\n\t\t\t\t\t\t<\/div>\n\t\t\t\t\t\t<a  class=\"btn btn--purple\" href=\"\">Zobacz<\/a>\n\t\t\t\t\t<\/div>\n\t\t\t\t<\/div>\n                \t\t\t\t<div class=\"slide\">\n\t\t\t\t\t<div class=\"slide__content\">\n\t\t\t\t\t\t<img src=\"https:\/\/komfort.be\/pl\/wp-content\/uploads\/sites\/6\/2021\/12\/nl-ikona.png\" alt=\"\" width=\"80\" height=\"80\" class=\"slide--front\">\n\t\t\t\t\t\t<img src=\"https:\/\/komfort.be\/pl\/wp-content\/uploads\/sites\/6\/2021\/12\/nl-ikona.png\" alt=\"\" width=\"200\" height=\"200\" class=\"slide--back\">\n\t\t\t\t\t\t<h2>Holandia\t\t\t\t\t\t\t<span class=\"incr\">\n                                       04                                    <\/span>\n\t\t\t\t\t\t<\/h2>\n                        <ul>\n \t<li>budowa, remont, modernizacja,<\/li>\n \t<li>zlecenia, projekty, inwestycje.<\/li>\n<\/ul>\t\t\t\t\t<\/div>\n\t\t\t\t\t<div class=\"slide__action\">\n\t\t\t\t\t\t<div class=\"subtitle\">\n                            \n\t\t\t\t\t\t\t<!--  Get previous & next slide index -->\n                                                        \n\t\t\t\t\t\t\t<div class=\"subtitle__left\"><span>Poprzednie<\/span>\n\t\t\t\t\t\t\t\t<h2>Belgia<\/h2>\n\t\t\t\t\t\t\t<\/div>\n\t\t\t\t\t\t\t<div class=\"subtitle__right\"><span>Nast\u0119pne<\/span>\n\t\t\t\t\t\t\t\t<h2>Luksemburg<\/h2>\n\t\t\t\t\t\t\t<\/div>\n\t\t\t\t\t\t<\/div>\n\t\t\t\t\t\t<a  class=\"btn btn--purple\" href=\"https:\/\/komfort.be\/pl\/zlecenia_budowlane_holandia\/\">Zobacz<\/a>\n\t\t\t\t\t<\/div>\n\t\t\t\t<\/div>\n                \t<\/agile>\n<\/div>\n<\/div><\/div><\/div><\/div><\/div><\/div>","protected":false},"excerpt":{"rendered":"<p>PRYWATNE, PUBLICZNE, PODWYKONAWCZE Zlecenia i Oferty budowlane w Belgii Mamy najwi\u0119ksz\u0105 baz\u0119 zweryfikowanych zlece\u0144 budowlanych i remontowych z Belgii! Oferujemy aktualne i dost\u0119pne zlecenia dla elektryk\u00f3w, murarzy, instalator\u00f3w i wykonawc\u00f3w elewacji, a tak\u017ce dla monter\u00f3w okien i drzwi oraz ekip og\u00f3lnobudowlanych. &nbsp; Budowa w Belgii &nbsp; W naszej Bazie znajduj\u0105 si\u0119 zlecenia budowlane i remontowe [&hellip;]<\/p>\n","protected":false},"author":11,"featured_media":90,"parent":0,"menu_order":0,"comment_status":"closed","ping_status":"closed","template":"","meta":[],"yoast_head":"<!-- This site is optimized with the Yoast SEO plugin v18.6 - https:\/\/yoast.com\/wordpress\/plugins\/seo\/ -->\n<title>Belgia zlecenia budowlane 2025 - KomFort Building in Europe -<\/title>\n<meta name=\"description\" content=\"Belgia - zweryfikowane i aktualne zlecenia budowlane i remontowe, bezpo\u015brednio od inwestor\u00f3w z Belgii, dla firm i wykonawc\u00f3w indywidualnych\" \/>\n<meta name=\"robots\" content=\"index, follow, max-snippet:-1, max-image-preview:large, max-video-preview:-1\" \/>\n<link rel=\"canonical\" href=\"https:\/\/komfort.be\/pl\/zlecenia_budowlane_belgia\/\" \/>\n<meta property=\"og:locale\" content=\"pl_PL\" \/>\n<meta property=\"og:type\" content=\"article\" \/>\n<meta property=\"og:title\" content=\"Belgia zlecenia budowlane 2025 - KomFort Building in Europe -\" \/>\n<meta property=\"og:description\" content=\"Belgia - zweryfikowane i aktualne zlecenia budowlane i remontowe, bezpo\u015brednio od inwestor\u00f3w z Belgii, dla firm i wykonawc\u00f3w indywidualnych\" \/>\n<meta property=\"og:url\" content=\"https:\/\/komfort.be\/pl\/zlecenia_budowlane_belgia\/\" \/>\n<meta property=\"og:site_name\" content=\"KomFort PL\" \/>\n<meta property=\"article:modified_time\" content=\"2024-11-28T18:10:46+00:00\" \/>\n<meta property=\"og:image\" content=\"https:\/\/komfort.be\/pl\/wp-content\/uploads\/sites\/6\/2018\/08\/aspekty_prawne-e1693416376804.jpg\" \/>\n\t<meta property=\"og:image:width\" content=\"1809\" \/>\n\t<meta property=\"og:image:height\" content=\"700\" \/>\n\t<meta property=\"og:image:type\" content=\"image\/jpeg\" \/>\n<meta name=\"twitter:card\" content=\"summary_large_image\" \/>\n<script type=\"application\/ld+json\" class=\"yoast-schema-graph\">{\"@context\":\"https:\/\/schema.org\",\"@graph\":[{\"@type\":\"WebSite\",\"@id\":\"https:\/\/komfort.be\/pl\/#website\",\"url\":\"https:\/\/komfort.be\/pl\/\",\"name\":\"KomFort PL\",\"description\":\"Wspieramy Twoj\u0105 Budow\u0119 w Unii Europejskiej. Stawiamy na skuteczno\u015b\u0107 promocji firm budowlanych.\",\"potentialAction\":[{\"@type\":\"SearchAction\",\"target\":{\"@type\":\"EntryPoint\",\"urlTemplate\":\"https:\/\/komfort.be\/pl\/?s={search_term_string}\"},\"query-input\":\"required name=search_term_string\"}],\"inLanguage\":\"pl-PL\"},{\"@type\":\"ImageObject\",\"@id\":\"https:\/\/komfort.be\/pl\/zlecenia_budowlane_belgia\/#primaryimage\",\"inLanguage\":\"pl-PL\",\"url\":\"https:\/\/komfort.be\/pl\/wp-content\/uploads\/sites\/6\/2018\/08\/aspekty_prawne-e1693416376804.jpg\",\"contentUrl\":\"https:\/\/komfort.be\/pl\/wp-content\/uploads\/sites\/6\/2018\/08\/aspekty_prawne-e1693416376804.jpg\",\"width\":1809,\"height\":700},{\"@type\":\"WebPage\",\"@id\":\"https:\/\/komfort.be\/pl\/zlecenia_budowlane_belgia\/#webpage\",\"url\":\"https:\/\/komfort.be\/pl\/zlecenia_budowlane_belgia\/\",\"name\":\"Belgia zlecenia budowlane 2025 - KomFort Building in Europe -\",\"isPartOf\":{\"@id\":\"https:\/\/komfort.be\/pl\/#website\"},\"primaryImageOfPage\":{\"@id\":\"https:\/\/komfort.be\/pl\/zlecenia_budowlane_belgia\/#primaryimage\"},\"datePublished\":\"2024-11-14T07:26:58+00:00\",\"dateModified\":\"2024-11-28T18:10:46+00:00\",\"description\":\"Belgia - zweryfikowane i aktualne zlecenia budowlane i remontowe, bezpo\u015brednio od inwestor\u00f3w z Belgii, dla firm i wykonawc\u00f3w indywidualnych\",\"breadcrumb\":{\"@id\":\"https:\/\/komfort.be\/pl\/zlecenia_budowlane_belgia\/#breadcrumb\"},\"inLanguage\":\"pl-PL\",\"potentialAction\":[{\"@type\":\"ReadAction\",\"target\":[\"https:\/\/komfort.be\/pl\/zlecenia_budowlane_belgia\/\"]}]},{\"@type\":\"BreadcrumbList\",\"@id\":\"https:\/\/komfort.be\/pl\/zlecenia_budowlane_belgia\/#breadcrumb\",\"itemListElement\":[{\"@type\":\"ListItem\",\"position\":1,\"name\":\"Strona g\u0142\u00f3wna\",\"item\":\"https:\/\/komfort.be\/pl\/\"},{\"@type\":\"ListItem\",\"position\":2,\"name\":\"Belgia zlecenia budowlane 2025\"}]}]}<\/script>\n<!-- \/ Yoast SEO plugin. -->","yoast_head_json":{"title":"Belgia zlecenia budowlane 2025 - KomFort Building in Europe -","description":"Belgia - zweryfikowane i aktualne zlecenia budowlane i remontowe, bezpo\u015brednio od inwestor\u00f3w z Belgii, dla firm i wykonawc\u00f3w indywidualnych","robots":{"index":"index","follow":"follow","max-snippet":"max-snippet:-1","max-image-preview":"max-image-preview:large","max-video-preview":"max-video-preview:-1"},"canonical":"https:\/\/komfort.be\/pl\/zlecenia_budowlane_belgia\/","og_locale":"pl_PL","og_type":"article","og_title":"Belgia zlecenia budowlane 2025 - KomFort Building in Europe -","og_description":"Belgia - zweryfikowane i aktualne zlecenia budowlane i remontowe, bezpo\u015brednio od inwestor\u00f3w z Belgii, dla firm i wykonawc\u00f3w indywidualnych","og_url":"https:\/\/komfort.be\/pl\/zlecenia_budowlane_belgia\/","og_site_name":"KomFort PL","article_modified_time":"2024-11-28T18:10:46+00:00","og_image":[{"width":1809,"height":700,"url":"https:\/\/komfort.be\/pl\/wp-content\/uploads\/sites\/6\/2018\/08\/aspekty_prawne-e1693416376804.jpg","type":"image\/jpeg"}],"twitter_card":"summary_large_image","schema":{"@context":"https:\/\/schema.org","@graph":[{"@type":"WebSite","@id":"https:\/\/komfort.be\/pl\/#website","url":"https:\/\/komfort.be\/pl\/","name":"KomFort PL","description":"Wspieramy Twoj\u0105 Budow\u0119 w Unii Europejskiej. Stawiamy na skuteczno\u015b\u0107 promocji firm budowlanych.","potentialAction":[{"@type":"SearchAction","target":{"@type":"EntryPoint","urlTemplate":"https:\/\/komfort.be\/pl\/?s={search_term_string}"},"query-input":"required name=search_term_string"}],"inLanguage":"pl-PL"},{"@type":"ImageObject","@id":"https:\/\/komfort.be\/pl\/zlecenia_budowlane_belgia\/#primaryimage","inLanguage":"pl-PL","url":"https:\/\/komfort.be\/pl\/wp-content\/uploads\/sites\/6\/2018\/08\/aspekty_prawne-e1693416376804.jpg","contentUrl":"https:\/\/komfort.be\/pl\/wp-content\/uploads\/sites\/6\/2018\/08\/aspekty_prawne-e1693416376804.jpg","width":1809,"height":700},{"@type":"WebPage","@id":"https:\/\/komfort.be\/pl\/zlecenia_budowlane_belgia\/#webpage","url":"https:\/\/komfort.be\/pl\/zlecenia_budowlane_belgia\/","name":"Belgia zlecenia budowlane 2025 - KomFort Building in Europe -","isPartOf":{"@id":"https:\/\/komfort.be\/pl\/#website"},"primaryImageOfPage":{"@id":"https:\/\/komfort.be\/pl\/zlecenia_budowlane_belgia\/#primaryimage"},"datePublished":"2024-11-14T07:26:58+00:00","dateModified":"2024-11-28T18:10:46+00:00","description":"Belgia - zweryfikowane i aktualne zlecenia budowlane i remontowe, bezpo\u015brednio od inwestor\u00f3w z Belgii, dla firm i wykonawc\u00f3w indywidualnych","breadcrumb":{"@id":"https:\/\/komfort.be\/pl\/zlecenia_budowlane_belgia\/#breadcrumb"},"inLanguage":"pl-PL","potentialAction":[{"@type":"ReadAction","target":["https:\/\/komfort.be\/pl\/zlecenia_budowlane_belgia\/"]}]},{"@type":"BreadcrumbList","@id":"https:\/\/komfort.be\/pl\/zlecenia_budowlane_belgia\/#breadcrumb","itemListElement":[{"@type":"ListItem","position":1,"name":"Strona g\u0142\u00f3wna","item":"https:\/\/komfort.be\/pl\/"},{"@type":"ListItem","position":2,"name":"Belgia zlecenia budowlane 2025"}]}]}},"_links":{"self":[{"href":"https:\/\/komfort.be\/pl\/wp-json\/wp\/v2\/pages\/1975"}],"collection":[{"href":"https:\/\/komfort.be\/pl\/wp-json\/wp\/v2\/pages"}],"about":[{"href":"https:\/\/komfort.be\/pl\/wp-json\/wp\/v2\/types\/page"}],"author":[{"embeddable":true,"href":"https:\/\/komfort.be\/pl\/wp-json\/wp\/v2\/users\/11"}],"replies":[{"embeddable":true,"href":"https:\/\/komfort.be\/pl\/wp-json\/wp\/v2\/comments?post=1975"}],"version-history":[{"count":21,"href":"https:\/\/komfort.be\/pl\/wp-json\/wp\/v2\/pages\/1975\/revisions"}],"predecessor-version":[{"id":3832,"href":"https:\/\/komfort.be\/pl\/wp-json\/wp\/v2\/pages\/1975\/revisions\/3832"}],"wp:featuredmedia":[{"embeddable":true,"href":"https:\/\/komfort.be\/pl\/wp-json\/wp\/v2\/media\/90"}],"wp:attachment":[{"href":"https:\/\/komfort.be\/pl\/wp-json\/wp\/v2\/media?parent=1975"}],"curies":[{"name":"wp","href":"https:\/\/api.w.org\/{rel}","templated":true}]}}