{"id":1969,"date":"2022-06-17T07:27:22","date_gmt":"2022-06-17T05:27:22","guid":{"rendered":"https:\/\/komfort.be\/pl\/zlecenia_budowlane_niemcy-copy\/"},"modified":"2024-06-23T22:59:46","modified_gmt":"2024-06-23T20:59:46","slug":"zlecenia_budowlane_francja","status":"publish","type":"page","link":"https:\/\/komfort.be\/pl\/zlecenia_budowlane_francja\/","title":{"rendered":"Zlecenia budowlane Francja"},"content":{"rendered":"<div id=\"pl-1969\"  class=\"panel-layout\" ><div id=\"pg-1969-0\"  class=\"panel-grid panel-no-style\" ><div id=\"pgc-1969-0-0\"  class=\"panel-grid-cell\" ><div id=\"panel-1969-0-0-0\" class=\"so-panel widget widget_about panel-first-child panel-last-child\" data-index=\"0\" ><div class=\"so-widget-about so-widget-about-base\"><div class=\"about-company\">\n\n\t<div class=\"ornament\"><\/div>\n\t<div class=\"about-company__content\">\n\t\t<div class=\"title-section\">\n\t\t\t<p>ZLECENIA PRYWATNE, PUBLICZNE, PODWYKONAWCZE<\/p>\n\t\t\t<h4>Francja: zlecenia budowlane, aktualne inwestycje i realizacje  <\/h4>\n\t\t<\/div>\n\n\t\t<div class=\"text-content\">\n            <p style=\"text-align: left\">Najwi\u0119ksza baza <strong>zweryfikowanych zlece\u0144<\/strong> budowlanych i remontowych <strong>z Francji<\/strong>!<\/p>\n<h5>Ju\u017c dzisiaj zacznij dzia\u0142a\u0107 na francuskim rynku budowlanym!<\/h5>\n<p>Mamy zlecenia budowlane i remontowe wy\u0142\u0105cznie od sprawdzonych i pewnych zleceniodawc\u00f3w francuskich. Oferujemy pewno\u015b\u0107 i bezpiecze\u0144stwo realizacji kontraktu budowlanego we Francji. Nasze zlecenia pochodz\u0105 od os\u00f3b prywatnych i inwestor\u00f3w publicznych z ca\u0142ej Francji.<\/p>\n<p>&nbsp;<\/p>\n<p>Oferujemy zlecenia na prace budowlane, remonty i wyko\u0144czenia dla polskich firm budowlanych, brygad i grup budowlanych i remontowych. Mamy te\u017c zlecenia dla jednoosobowych wykonawc\u00f3w rob\u00f3t remontowych i budowlanych - zlecenia dla fachowc\u00f3w budowlanych na terenie Francji.<\/p>\n<p>&nbsp;<\/p>\n<p>Obs\u0142ugujemy zlecenia budowlane od inwestor\u00f3w i zleceniodawc\u00f3w francuskich o r\u00f3\u017cnej skali i czasie realizacji.<\/p>\n<p>&nbsp;<\/p>\n<p><strong>W naszej bazie znajdziesz zlecenia na generalne wykonawstwo lub realizacja prac podwykonawczych we Francji<\/strong><\/p>\n<p>&nbsp;<\/p>\n<hr \/>\n<h5>Zlecenia budowlane z Francji:<\/h5>\n<ul>\n<li>prace og\u00f3lnobudowlane<\/li>\n<li>dachy<\/li>\n<li>elewacje<\/li>\n<li>instalacje<\/li>\n<li>prace elektryczne<\/li>\n<li>prace wyko\u0144czeniowe<\/li>\n<\/ul>\n<h3><\/h3>\n<hr \/>\n<h3>KomFort to pewno\u015b\u0107 i bezpiecze\u0144stwo realizacji zlece\u0144 budowlanych na rynku francuskim!<\/h3>\n<p>&nbsp;<\/p>\n<p style=\"text-align: left\">KomFort wspiera polskiego zleceniobiorc\u0119 w ca\u0142ym procesie eksportu us\u0142ug budowlanych do Francji, od wyboru zlecenia budowlanego do zako\u0144czenia jego realizacji - finalnego <strong>odbioru rob\u00f3t budowlanych<\/strong> i pe\u0142nego rozliczenia finansowego.<\/p>\n<p>&nbsp;<\/p>\n<h5>Zapewniamy pe\u0142n\u0105 obs\u0142ug\u0119 prawn\u0105, administracyjn\u0105, doradztwo techniczne i finansowe, pomoc organizacyjn\u0105 oraz opiek\u0119 t\u0142umaczy w Polsce i we Francji, na miejscu realizacji zlecenia.<\/h5>\n\t\t<\/div>\n\t\t\t\t<a href=\"https:\/\/komfort.be\/pl\/szukasz-zlecen-budowlanych\/\" class=\"btn\" >Zlecenia budowlane<\/a>\n\t\t\t<\/div>\n\n\t<div class=\"about-company__slider\">\n\t\t<div class=\"advantages\">\n\n\t\t\t<agile :options=\"advantages\">\n                \n\t\t\t\t\t\t<div class=\"advantages__item\">\n                            <div class=\"advantages__icon\">\n\t\t\t\t\t\t\t\t<img src=\"https:\/\/komfort.be\/pl\/wp-content\/uploads\/sites\/6\/2018\/09\/dla-kogo.jpg\" alt=\"\">\n\t\t\t\t\t\t\t<\/div>\n\n\t\t\t\t\t\t\t<div class=\"advantages__content\">\n\t\t\t\t\t\t\t\t<div class=\"title-section \">\n\n\t\t\t\t\t\t\t\t\t<p><\/p>\n\t\t\t\t\t\t\t\t\t<h4>Inwestycje publiczne<\/h4>\n\n\t\t\t\t\t\t\t\t<\/div>\n\t\t\t\t\t\t\t<\/div>\n\t\t\t\t\t\t<\/div>\n                        \n\t\t\t\t\t\t<div class=\"advantages__item\">\n                            <div class=\"advantages__icon\">\n\t\t\t\t\t\t\t\t<img src=\"https:\/\/komfort.be\/pl\/wp-content\/uploads\/sites\/6\/2018\/10\/school.png\" alt=\"\">\n\t\t\t\t\t\t\t<\/div>\n\n\t\t\t\t\t\t\t<div class=\"advantages__content\">\n\t\t\t\t\t\t\t\t<div class=\"title-section \">\n\n\t\t\t\t\t\t\t\t\t<p>szko\u0142y, przedszkola i \u017c\u0142obki, urz\u0119dy i instytucje pa\u0144stwowe, instytucje medyczne, centra handlowo-us\u0142ugowe, muzea, o\u015brodki kultury<\/p>\n\t\t\t\t\t\t\t\t\t<h4><\/h4>\n\n\t\t\t\t\t\t\t\t<\/div>\n\t\t\t\t\t\t\t<\/div>\n\t\t\t\t\t\t<\/div>\n                        \n\t\t\t\t\t\t<div class=\"advantages__item\">\n                            <div class=\"advantages__icon\">\n\t\t\t\t\t\t\t\t<img src=\"https:\/\/komfort.be\/pl\/wp-content\/uploads\/sites\/6\/2018\/09\/dla-kogo.jpg\" alt=\"\">\n\t\t\t\t\t\t\t<\/div>\n\n\t\t\t\t\t\t\t<div class=\"advantages__content\">\n\t\t\t\t\t\t\t\t<div class=\"title-section \">\n\n\t\t\t\t\t\t\t\t\t<p><\/p>\n\t\t\t\t\t\t\t\t\t<h4>Inwestycje prywatne<\/h4>\n\n\t\t\t\t\t\t\t\t<\/div>\n\t\t\t\t\t\t\t<\/div>\n\t\t\t\t\t\t<\/div>\n                        \n\t\t\t\t\t\t<div class=\"advantages__item\">\n                            <div class=\"advantages__icon\">\n\t\t\t\t\t\t\t\t<img src=\"https:\/\/komfort.be\/pl\/wp-content\/uploads\/sites\/6\/2018\/10\/home.png\" alt=\"\">\n\t\t\t\t\t\t\t<\/div>\n\n\t\t\t\t\t\t\t<div class=\"advantages__content\">\n\t\t\t\t\t\t\t\t<div class=\"title-section \">\n\n\t\t\t\t\t\t\t\t\t<p>budynki jednorodzinne, budynki wielorodzinne, biurowce, hotele, hale produkcyjno-przemys\u0142owe<\/p>\n\t\t\t\t\t\t\t\t\t<h4><\/h4>\n\n\t\t\t\t\t\t\t\t<\/div>\n\t\t\t\t\t\t\t<\/div>\n\t\t\t\t\t\t<\/div>\n                        \t\t\t<\/agile>\n\t\t<\/div>\n\t<\/div>\n<\/div>\n<\/div><\/div><\/div><\/div><div id=\"pg-1969-1\"  class=\"panel-grid panel-has-style\" ><div class=\"panel-row-style panel-row-style-for-1969-1\" ><div id=\"pgc-1969-1-0\"  class=\"panel-grid-cell\" ><div id=\"panel-1969-1-0-0\" class=\"so-panel widget widget_banner panel-first-child panel-last-child\" data-index=\"1\" ><div class=\"so-widget-banner so-widget-banner-base\"><div class=\"job-add\">\n    <div class=\"job-add__title\">\n        <div class=\"title-section\">\n            <p>Zlecenie budowlane we Francji (przyk\u0142ad)<\/p>\n            <h4>Francja: zlecenie budowlane <\/h4>\n        <\/div>\n    <\/div>\n    <div class=\"job-add__image\">\n        <img alt=\"rzetelna-firma\" src=\"https:\/\/komfort.be\/pl\/wp-content\/uploads\/sites\/6\/2021\/10\/zdjecie_oferty_z_bazy_dachplaski.jpg\">\n    <\/div>\n\n    <div class=\"job-add__desc\">\n        <p><p style=\"text-align: left\">Sektor:<\/p>\n\n<h3 style=\"text-align: left\">Prace dekarskie<\/h3>\n<p style=\"text-align: left\">Podsektor:<\/p>\n\n<h3 style=\"text-align: left\">Dachy p\u0142askie<\/h3>\n<p style=\"text-align: left\">Zapytanie ofertowe na:<\/p>\n\n<h3 style=\"text-align: left\">wykonanie dachu<\/h3>\n<p style=\"text-align: left\">Gdzie:<\/p>\n\n<h3 style=\"text-align: left\">region centralny<\/h3>\n<p style=\"text-align: left\">Wykonanie dachu p\u0142askiego +\/- 2000 m<sup>2<\/sup>.<\/p>\n<p style=\"text-align: left\">Start prac planowany jak najszybciej.<\/p>\n<p style=\"text-align: left\">Rodzaj budynku: wielorodzinny mieszkaniowy.<\/p>\n<p style=\"text-align: left\">Stan obiektu: renowacja.<\/p>\n<p style=\"text-align: left\">W ekipie obowi\u0105zkowa znajomo\u015b\u0107 j\u0119zyka francuskiego.<\/p>\n<p style=\"text-align: left\">Podstawowe narz\u0119dzia oraz elektronarz\u0119dzia po stronie podwykonawcy, materia\u0142, kontener na odpady i ich utylizacja po stronie zleceniodawcy.<\/p><\/p>\n    <\/div>\n<\/div>\n<\/div><\/div><\/div><\/div><\/div><div id=\"pg-1969-2\"  class=\"panel-grid panel-no-style\" ><div id=\"pgc-1969-2-0\"  class=\"panel-grid-cell panel-grid-cell-empty\" ><\/div><div id=\"pgc-1969-2-1\"  class=\"panel-grid-cell\" ><div id=\"panel-1969-2-1-0\" class=\"so-panel widget widget_sow-button panel-first-child panel-last-child\" data-index=\"2\" ><div class=\"so-widget-sow-button so-widget-sow-button-wire-98c2db1efbc6-1969\"><div class=\"ow-button-base ow-button-align-left\">\n\t<a href=\"https:\/\/komfort.be\/pl\/kontakt\/\" class=\"ow-icon-placement-left ow-button-hover\" \t\t>\n\t\t<span>\n\t\t\t\n\t\t\tWyce\u0144 zlecenie\t\t<\/span>\n\t<\/a>\n<\/div>\n<\/div><\/div><\/div><\/div><div id=\"pg-1969-3\"  class=\"panel-grid panel-no-style\" ><div id=\"pgc-1969-3-0\"  class=\"panel-grid-cell\" ><div id=\"panel-1969-3-0-0\" class=\"so-panel widget widget_title panel-first-child\" data-index=\"3\" ><div class=\"panel-widget-style panel-widget-style-for-1969-3-0-0\" ><div class=\"so-widget-title so-widget-title-base\">\n<div class=\"title-section  \">\n\n\t<p><\/p>\n    <h4>Zlecenia budowlane<\/h4>\n\n<\/div>\n\n<\/div><\/div><\/div><div id=\"panel-1969-3-0-1\" class=\"so-panel widget widget_title\" data-index=\"4\" ><div class=\"panel-widget-style panel-widget-style-for-1969-3-0-1\" ><div class=\"so-widget-title so-widget-title-base\">\n<div class=\"title-section  \">\n\n\t<p><\/p>\n    <h4><\/h4>\n\n<\/div>\n\n<\/div><\/div><\/div><div id=\"panel-1969-3-0-2\" class=\"so-panel widget widget_feature-box panel-last-child\" data-index=\"5\" ><div class=\"panel-widget-style panel-widget-style-for-1969-3-0-2\" ><div class=\"so-widget-feature-box so-widget-feature-box-base\"><div class=\"home-boxes\">\n\t<agile :options=\"options\" >\n        \t\t\t\t<div class=\"slide\">\n\t\t\t\t\t<div class=\"slide__content\">\n\t\t\t\t\t\t<img src=\"https:\/\/komfort.be\/pl\/wp-content\/uploads\/sites\/6\/2024\/06\/Flag_of_Luxembourg_rounded.png\" alt=\"\" width=\"80\" height=\"80\" class=\"slide--front\">\n\t\t\t\t\t\t<img src=\"https:\/\/komfort.be\/pl\/wp-content\/uploads\/sites\/6\/2024\/06\/Flag_of_Luxembourg_rounded.png\" alt=\"\" width=\"200\" height=\"200\" class=\"slide--back\">\n\t\t\t\t\t\t<h2>Luksemburg\t\t\t\t\t\t\t<span class=\"incr\">\n                                       01                                    <\/span>\n\t\t\t\t\t\t<\/h2>\n                        <ul>\n \t<li>zlecenia, oferty, inwestycje,<\/li>\n \t\n \t<li>budowa, remont, modernizacja.<\/li>\n<\/ul>\t\t\t\t\t<\/div>\n\t\t\t\t\t<div class=\"slide__action\">\n\t\t\t\t\t\t<div class=\"subtitle\">\n                            \n\t\t\t\t\t\t\t<!--  Get previous & next slide index -->\n                                                        \n\t\t\t\t\t\t\t<div class=\"subtitle__left\"><span>Poprzednie<\/span>\n\t\t\t\t\t\t\t\t<h2>Holandia<\/h2>\n\t\t\t\t\t\t\t<\/div>\n\t\t\t\t\t\t\t<div class=\"subtitle__right\"><span>Nast\u0119pne<\/span>\n\t\t\t\t\t\t\t\t<h2>Francja<\/h2>\n\t\t\t\t\t\t\t<\/div>\n\t\t\t\t\t\t<\/div>\n\t\t\t\t\t\t<a  class=\"btn btn--purple\" href=\"https:\/\/komfort.be\/pl\/zlecenia_budowlane_luksemburg\/\">Zobacz<\/a>\n\t\t\t\t\t<\/div>\n\t\t\t\t<\/div>\n                \t\t\t\t<div class=\"slide\">\n\t\t\t\t\t<div class=\"slide__content\">\n\t\t\t\t\t\t<img src=\"https:\/\/komfort.be\/pl\/wp-content\/uploads\/sites\/6\/2021\/12\/francja-ikona.png\" alt=\"\" width=\"80\" height=\"80\" class=\"slide--front\">\n\t\t\t\t\t\t<img src=\"https:\/\/komfort.be\/pl\/wp-content\/uploads\/sites\/6\/2021\/12\/francja-ikona.png\" alt=\"\" width=\"200\" height=\"200\" class=\"slide--back\">\n\t\t\t\t\t\t<h2>Francja\t\t\t\t\t\t\t<span class=\"incr\">\n                                       02                                    <\/span>\n\t\t\t\t\t\t<\/h2>\n                        <ul>\n \t<li>zlecenia budowlane i remontowe,<\/li>\n \t<li>inwestycje prywatne i publiczne.<\/li>\n<\/ul>\t\t\t\t\t<\/div>\n\t\t\t\t\t<div class=\"slide__action\">\n\t\t\t\t\t\t<div class=\"subtitle\">\n                            \n\t\t\t\t\t\t\t<!--  Get previous & next slide index -->\n                                                        \n\t\t\t\t\t\t\t<div class=\"subtitle__left\"><span>Poprzednie<\/span>\n\t\t\t\t\t\t\t\t<h2>Luksemburg<\/h2>\n\t\t\t\t\t\t\t<\/div>\n\t\t\t\t\t\t\t<div class=\"subtitle__right\"><span>Nast\u0119pne<\/span>\n\t\t\t\t\t\t\t\t<h2>Belgia<\/h2>\n\t\t\t\t\t\t\t<\/div>\n\t\t\t\t\t\t<\/div>\n\t\t\t\t\t\t<a  class=\"btn btn--purple\" href=\"#\">Zobacz<\/a>\n\t\t\t\t\t<\/div>\n\t\t\t\t<\/div>\n                \t\t\t\t<div class=\"slide\">\n\t\t\t\t\t<div class=\"slide__content\">\n\t\t\t\t\t\t<img src=\"https:\/\/komfort.be\/pl\/wp-content\/uploads\/sites\/6\/2021\/12\/belgia-ikona.png\" alt=\"\" width=\"80\" height=\"80\" class=\"slide--front\">\n\t\t\t\t\t\t<img src=\"https:\/\/komfort.be\/pl\/wp-content\/uploads\/sites\/6\/2021\/12\/belgia-ikona.png\" alt=\"\" width=\"200\" height=\"200\" class=\"slide--back\">\n\t\t\t\t\t\t<h2>Belgia\t\t\t\t\t\t\t<span class=\"incr\">\n                                       03                                    <\/span>\n\t\t\t\t\t\t<\/h2>\n                        <ul>\n \t<li>zlecenia, projekty, inwestycje,<\/li>\n \t<li>prywatne, publiczne, podwykonawcze.<\/li>\n<\/ul>\t\t\t\t\t<\/div>\n\t\t\t\t\t<div class=\"slide__action\">\n\t\t\t\t\t\t<div class=\"subtitle\">\n                            \n\t\t\t\t\t\t\t<!--  Get previous & next slide index -->\n                                                        \n\t\t\t\t\t\t\t<div class=\"subtitle__left\"><span>Poprzednie<\/span>\n\t\t\t\t\t\t\t\t<h2>Francja<\/h2>\n\t\t\t\t\t\t\t<\/div>\n\t\t\t\t\t\t\t<div class=\"subtitle__right\"><span>Nast\u0119pne<\/span>\n\t\t\t\t\t\t\t\t<h2>Holandia<\/h2>\n\t\t\t\t\t\t\t<\/div>\n\t\t\t\t\t\t<\/div>\n\t\t\t\t\t\t<a  class=\"btn btn--purple\" href=\"https:\/\/komfort.be\/pl\/zlecenia_budowlane_belgia\/\">Zobacz<\/a>\n\t\t\t\t\t<\/div>\n\t\t\t\t<\/div>\n                \t\t\t\t<div class=\"slide\">\n\t\t\t\t\t<div class=\"slide__content\">\n\t\t\t\t\t\t<img src=\"https:\/\/komfort.be\/pl\/wp-content\/uploads\/sites\/6\/2021\/12\/nl-ikona.png\" alt=\"\" width=\"80\" height=\"80\" class=\"slide--front\">\n\t\t\t\t\t\t<img src=\"https:\/\/komfort.be\/pl\/wp-content\/uploads\/sites\/6\/2021\/12\/nl-ikona.png\" alt=\"\" width=\"200\" height=\"200\" class=\"slide--back\">\n\t\t\t\t\t\t<h2>Holandia\t\t\t\t\t\t\t<span class=\"incr\">\n                                       04                                    <\/span>\n\t\t\t\t\t\t<\/h2>\n                        <ul>\n \t<li>budowa, remont, modernizacja,<\/li>\n \t<li>zlecenia, oferty, inwestycje.<\/li>\n<\/ul>\t\t\t\t\t<\/div>\n\t\t\t\t\t<div class=\"slide__action\">\n\t\t\t\t\t\t<div class=\"subtitle\">\n                            \n\t\t\t\t\t\t\t<!--  Get previous & next slide index -->\n                                                        \n\t\t\t\t\t\t\t<div class=\"subtitle__left\"><span>Poprzednie<\/span>\n\t\t\t\t\t\t\t\t<h2>Belgia<\/h2>\n\t\t\t\t\t\t\t<\/div>\n\t\t\t\t\t\t\t<div class=\"subtitle__right\"><span>Nast\u0119pne<\/span>\n\t\t\t\t\t\t\t\t<h2>Luksemburg<\/h2>\n\t\t\t\t\t\t\t<\/div>\n\t\t\t\t\t\t<\/div>\n\t\t\t\t\t\t<a  class=\"btn btn--purple\" href=\"https:\/\/komfort.be\/pl\/zlecenia_budowlane_holandia\/\">Zobacz<\/a>\n\t\t\t\t\t<\/div>\n\t\t\t\t<\/div>\n                \t<\/agile>\n<\/div>\n<\/div><\/div><\/div><\/div><\/div><\/div>","protected":false},"excerpt":{"rendered":"<p>ZLECENIA PRYWATNE, PUBLICZNE, PODWYKONAWCZE Francja: zlecenia budowlane, aktualne inwestycje i realizacje Najwi\u0119ksza baza zweryfikowanych zlece\u0144 budowlanych i remontowych z Francji! Ju\u017c dzisiaj zacznij dzia\u0142a\u0107 na francuskim rynku budowlanym! Mamy zlecenia budowlane i remontowe wy\u0142\u0105cznie od sprawdzonych i pewnych zleceniodawc\u00f3w francuskich. Oferujemy pewno\u015b\u0107 i bezpiecze\u0144stwo realizacji kontraktu budowlanego we Francji. Nasze zlecenia pochodz\u0105 od os\u00f3b prywatnych [&hellip;]<\/p>\n","protected":false},"author":11,"featured_media":90,"parent":0,"menu_order":0,"comment_status":"closed","ping_status":"closed","template":"","meta":[],"yoast_head":"<!-- This site is optimized with the Yoast SEO plugin v18.6 - https:\/\/yoast.com\/wordpress\/plugins\/seo\/ -->\n<title>Zlecenia budowlane Francja - KomFort Building in Europe<\/title>\n<meta name=\"robots\" content=\"index, follow, max-snippet:-1, max-image-preview:large, max-video-preview:-1\" \/>\n<link rel=\"canonical\" href=\"https:\/\/komfort.be\/pl\/zlecenia_budowlane_francja\/\" \/>\n<meta property=\"og:locale\" content=\"pl_PL\" \/>\n<meta property=\"og:type\" content=\"article\" \/>\n<meta property=\"og:title\" content=\"Zlecenia budowlane Francja - KomFort Building in Europe\" \/>\n<meta property=\"og:description\" content=\"ZLECENIA PRYWATNE, PUBLICZNE, PODWYKONAWCZE Francja: zlecenia budowlane, aktualne inwestycje i realizacje Najwi\u0119ksza baza zweryfikowanych zlece\u0144 budowlanych i remontowych z Francji! Ju\u017c dzisiaj zacznij dzia\u0142a\u0107 na francuskim rynku budowlanym! Mamy zlecenia budowlane i remontowe wy\u0142\u0105cznie od sprawdzonych i pewnych zleceniodawc\u00f3w francuskich. Oferujemy pewno\u015b\u0107 i bezpiecze\u0144stwo realizacji kontraktu budowlanego we Francji. Nasze zlecenia pochodz\u0105 od os\u00f3b prywatnych [&hellip;]\" \/>\n<meta property=\"og:url\" content=\"https:\/\/komfort.be\/pl\/zlecenia_budowlane_francja\/\" \/>\n<meta property=\"og:site_name\" content=\"KomFort PL\" \/>\n<meta property=\"article:modified_time\" content=\"2024-06-23T20:59:46+00:00\" \/>\n<meta property=\"og:image\" content=\"https:\/\/komfort.be\/pl\/wp-content\/uploads\/sites\/6\/2018\/08\/aspekty_prawne-e1693416376804.jpg\" \/>\n\t<meta property=\"og:image:width\" content=\"1809\" \/>\n\t<meta property=\"og:image:height\" content=\"700\" \/>\n\t<meta property=\"og:image:type\" content=\"image\/jpeg\" \/>\n<meta name=\"twitter:card\" content=\"summary_large_image\" \/>\n<script type=\"application\/ld+json\" class=\"yoast-schema-graph\">{\"@context\":\"https:\/\/schema.org\",\"@graph\":[{\"@type\":\"WebSite\",\"@id\":\"https:\/\/komfort.be\/pl\/#website\",\"url\":\"https:\/\/komfort.be\/pl\/\",\"name\":\"KomFort PL\",\"description\":\"Wspieramy Twoj\u0105 Budow\u0119 w Unii Europejskiej. Stawiamy na skuteczno\u015b\u0107 promocji firm budowlanych.\",\"potentialAction\":[{\"@type\":\"SearchAction\",\"target\":{\"@type\":\"EntryPoint\",\"urlTemplate\":\"https:\/\/komfort.be\/pl\/?s={search_term_string}\"},\"query-input\":\"required name=search_term_string\"}],\"inLanguage\":\"pl-PL\"},{\"@type\":\"ImageObject\",\"@id\":\"https:\/\/komfort.be\/pl\/zlecenia_budowlane_francja\/#primaryimage\",\"inLanguage\":\"pl-PL\",\"url\":\"https:\/\/komfort.be\/pl\/wp-content\/uploads\/sites\/6\/2018\/08\/aspekty_prawne-e1693416376804.jpg\",\"contentUrl\":\"https:\/\/komfort.be\/pl\/wp-content\/uploads\/sites\/6\/2018\/08\/aspekty_prawne-e1693416376804.jpg\",\"width\":1809,\"height\":700},{\"@type\":\"WebPage\",\"@id\":\"https:\/\/komfort.be\/pl\/zlecenia_budowlane_francja\/#webpage\",\"url\":\"https:\/\/komfort.be\/pl\/zlecenia_budowlane_francja\/\",\"name\":\"Zlecenia budowlane Francja - KomFort Building in Europe\",\"isPartOf\":{\"@id\":\"https:\/\/komfort.be\/pl\/#website\"},\"primaryImageOfPage\":{\"@id\":\"https:\/\/komfort.be\/pl\/zlecenia_budowlane_francja\/#primaryimage\"},\"datePublished\":\"2022-06-17T05:27:22+00:00\",\"dateModified\":\"2024-06-23T20:59:46+00:00\",\"breadcrumb\":{\"@id\":\"https:\/\/komfort.be\/pl\/zlecenia_budowlane_francja\/#breadcrumb\"},\"inLanguage\":\"pl-PL\",\"potentialAction\":[{\"@type\":\"ReadAction\",\"target\":[\"https:\/\/komfort.be\/pl\/zlecenia_budowlane_francja\/\"]}]},{\"@type\":\"BreadcrumbList\",\"@id\":\"https:\/\/komfort.be\/pl\/zlecenia_budowlane_francja\/#breadcrumb\",\"itemListElement\":[{\"@type\":\"ListItem\",\"position\":1,\"name\":\"Strona g\u0142\u00f3wna\",\"item\":\"https:\/\/komfort.be\/pl\/\"},{\"@type\":\"ListItem\",\"position\":2,\"name\":\"Zlecenia budowlane Francja\"}]}]}<\/script>\n<!-- \/ Yoast SEO plugin. -->","yoast_head_json":{"title":"Zlecenia budowlane Francja - KomFort Building in Europe","robots":{"index":"index","follow":"follow","max-snippet":"max-snippet:-1","max-image-preview":"max-image-preview:large","max-video-preview":"max-video-preview:-1"},"canonical":"https:\/\/komfort.be\/pl\/zlecenia_budowlane_francja\/","og_locale":"pl_PL","og_type":"article","og_title":"Zlecenia budowlane Francja - KomFort Building in Europe","og_description":"ZLECENIA PRYWATNE, PUBLICZNE, PODWYKONAWCZE Francja: zlecenia budowlane, aktualne inwestycje i realizacje Najwi\u0119ksza baza zweryfikowanych zlece\u0144 budowlanych i remontowych z Francji! Ju\u017c dzisiaj zacznij dzia\u0142a\u0107 na francuskim rynku budowlanym! Mamy zlecenia budowlane i remontowe wy\u0142\u0105cznie od sprawdzonych i pewnych zleceniodawc\u00f3w francuskich. Oferujemy pewno\u015b\u0107 i bezpiecze\u0144stwo realizacji kontraktu budowlanego we Francji. Nasze zlecenia pochodz\u0105 od os\u00f3b prywatnych [&hellip;]","og_url":"https:\/\/komfort.be\/pl\/zlecenia_budowlane_francja\/","og_site_name":"KomFort PL","article_modified_time":"2024-06-23T20:59:46+00:00","og_image":[{"width":1809,"height":700,"url":"https:\/\/komfort.be\/pl\/wp-content\/uploads\/sites\/6\/2018\/08\/aspekty_prawne-e1693416376804.jpg","type":"image\/jpeg"}],"twitter_card":"summary_large_image","schema":{"@context":"https:\/\/schema.org","@graph":[{"@type":"WebSite","@id":"https:\/\/komfort.be\/pl\/#website","url":"https:\/\/komfort.be\/pl\/","name":"KomFort PL","description":"Wspieramy Twoj\u0105 Budow\u0119 w Unii Europejskiej. Stawiamy na skuteczno\u015b\u0107 promocji firm budowlanych.","potentialAction":[{"@type":"SearchAction","target":{"@type":"EntryPoint","urlTemplate":"https:\/\/komfort.be\/pl\/?s={search_term_string}"},"query-input":"required name=search_term_string"}],"inLanguage":"pl-PL"},{"@type":"ImageObject","@id":"https:\/\/komfort.be\/pl\/zlecenia_budowlane_francja\/#primaryimage","inLanguage":"pl-PL","url":"https:\/\/komfort.be\/pl\/wp-content\/uploads\/sites\/6\/2018\/08\/aspekty_prawne-e1693416376804.jpg","contentUrl":"https:\/\/komfort.be\/pl\/wp-content\/uploads\/sites\/6\/2018\/08\/aspekty_prawne-e1693416376804.jpg","width":1809,"height":700},{"@type":"WebPage","@id":"https:\/\/komfort.be\/pl\/zlecenia_budowlane_francja\/#webpage","url":"https:\/\/komfort.be\/pl\/zlecenia_budowlane_francja\/","name":"Zlecenia budowlane Francja - KomFort Building in Europe","isPartOf":{"@id":"https:\/\/komfort.be\/pl\/#website"},"primaryImageOfPage":{"@id":"https:\/\/komfort.be\/pl\/zlecenia_budowlane_francja\/#primaryimage"},"datePublished":"2022-06-17T05:27:22+00:00","dateModified":"2024-06-23T20:59:46+00:00","breadcrumb":{"@id":"https:\/\/komfort.be\/pl\/zlecenia_budowlane_francja\/#breadcrumb"},"inLanguage":"pl-PL","potentialAction":[{"@type":"ReadAction","target":["https:\/\/komfort.be\/pl\/zlecenia_budowlane_francja\/"]}]},{"@type":"BreadcrumbList","@id":"https:\/\/komfort.be\/pl\/zlecenia_budowlane_francja\/#breadcrumb","itemListElement":[{"@type":"ListItem","position":1,"name":"Strona g\u0142\u00f3wna","item":"https:\/\/komfort.be\/pl\/"},{"@type":"ListItem","position":2,"name":"Zlecenia budowlane Francja"}]}]}},"_links":{"self":[{"href":"https:\/\/komfort.be\/pl\/wp-json\/wp\/v2\/pages\/1969"}],"collection":[{"href":"https:\/\/komfort.be\/pl\/wp-json\/wp\/v2\/pages"}],"about":[{"href":"https:\/\/komfort.be\/pl\/wp-json\/wp\/v2\/types\/page"}],"author":[{"embeddable":true,"href":"https:\/\/komfort.be\/pl\/wp-json\/wp\/v2\/users\/11"}],"replies":[{"embeddable":true,"href":"https:\/\/komfort.be\/pl\/wp-json\/wp\/v2\/comments?post=1969"}],"version-history":[{"count":28,"href":"https:\/\/komfort.be\/pl\/wp-json\/wp\/v2\/pages\/1969\/revisions"}],"predecessor-version":[{"id":3581,"href":"https:\/\/komfort.be\/pl\/wp-json\/wp\/v2\/pages\/1969\/revisions\/3581"}],"wp:featuredmedia":[{"embeddable":true,"href":"https:\/\/komfort.be\/pl\/wp-json\/wp\/v2\/media\/90"}],"wp:attachment":[{"href":"https:\/\/komfort.be\/pl\/wp-json\/wp\/v2\/media?parent=1969"}],"curies":[{"name":"wp","href":"https:\/\/api.w.org\/{rel}","templated":true}]}}