{"id":1603,"date":"2019-02-15T11:21:28","date_gmt":"2019-02-15T10:21:28","guid":{"rendered":"https:\/\/komfort.be\/pl\/dla-kogo-copy\/"},"modified":"2019-02-15T12:02:34","modified_gmt":"2019-02-15T11:02:34","slug":"rodo","status":"publish","type":"page","link":"https:\/\/komfort.be\/pl\/rodo\/","title":{"rendered":"RODO"},"content":{"rendered":"<div id=\"pl-1603\"  class=\"panel-layout\" ><div id=\"pg-1603-0\"  class=\"panel-grid panel-no-style\" ><div id=\"pgc-1603-0-0\"  class=\"panel-grid-cell\" ><div id=\"panel-1603-0-0-0\" class=\"so-panel widget widget_text panel-first-child panel-last-child\" data-index=\"0\" ><div class=\"so-widget-text so-widget-text-base\"><div class=\"text-content content-wrapper\">\n    <p>Ochrona danych osobowych jest jednym z kluczowych zada\u0144 realizowanych przez KFE Holding Sp. z o.o. z siedzib\u0105 w Warszawie ul. Czerniakowska 71, 00-718 Warszawa, numer KRS 0000255059. Na bie\u017c\u0105co b\u0119dziemy informowa\u0107 Pa\u0144stwa o wa\u017cnych zmianach w przepisach prawa, w tym o prawach os\u00f3b, kt\u00f3rych dane dotycz\u0105. Parlament Europejski opublikowa\u0142 w 2016 roku Rozporz\u0105dzenie 2016\/679 w sprawie ochrony danych osobowych, zwane RODO. Ma ono zastosowanie w Unii Europejskiej od 25 maja 2018 roku.<\/p>\n<p>&nbsp;<\/p>\n<p><strong>PRZETWARZANIE DANYCH OSOBOWYCH<\/strong><br \/>\nNajcz\u0119\u015bciej zadawane pytania wynikaj\u0105ce z tzw. obowi\u0105zku informacyjnego:<\/p>\n<p>&nbsp;<\/p>\n<p><strong>Co to jest RODO?<\/strong><\/p>\n<p>Jest to skr\u00f3t od Rozporz\u0105dzenia o Ochronie Danych Osobowych. RODO wprowadza m. in. nowe prawa dla os\u00f3b fizycznych, kt\u00f3rych dane s\u0105 przetwarzane. Jednym z obowi\u0105zk\u00f3w administrator\u00f3w, kt\u00f3rzy przetwarzaj\u0105 dane osobowe jest informowanie os\u00f3b o przetwarzaniu ich danych osobowych.<\/p>\n<p>&nbsp;<\/p>\n<p><strong>Czy mog\u0105 mie\u0107 Pa\u0144stwo dost\u0119p do swoich danych?<\/strong><\/p>\n<p>Tak. Mog\u0105 Pa\u0144stwo mie\u0107 pe\u0142en dost\u0119p do swoich danych osobowych. Mog\u0105 Pa\u0144stwo r\u00f3wnie\u017c zarz\u0105dza\u0107 swoimi zgodami na przetwarzanie danych w zakresie w jakim dane osobowe s\u0105 gromadzone na ich podstawie.<\/p>\n<p>&nbsp;<\/p>\n<p><strong>Kto jest administratorem Pa\u0144stwa danych osobowych?<\/strong><\/p>\n<p>Administratorem Pa\u0144stwa danych osobowych jest KFE Holding Sp. z o.o. z siedzib\u0105 w Warszawie ul. Czerniakowska 71, 00-718 Warszawa, numer KRS 0000255059. Mog\u0105 nas Pa\u0144stwo identyfikowa\u0107 z markami, kt\u00f3rych jeste\u015bmy w\u0142a\u015bcicielem, tj.: KomFort Builing in Europe, KomFort BASE, Legal Building, Mediren. W sprawach ochrony danych osobowych mog\u0105 Pa\u0144stwo skontaktowa\u0107 si\u0119 z Administratorem poprzez email: rodo@komfort.be oraz pod numerem telefonu: +48 22 465 90 09 lub z Inspektorem ochrony danych.<br \/>\nJak mog\u0105 Pa\u0144stwo skontaktowa\u0107 si\u0119 z Inspektorem ochrony danych?<br \/>\nZ Inspektorem ochrony danych powo\u0142anym przez Administratora mog\u0105 Pa\u0144stwo skontaktowa\u0107 si\u0119 pod adresem poczty elektronicznej: rodo@komfort.be<\/p>\n<p>&nbsp;<\/p>\n<p><strong>W jakim celu przetwarzamy Pa\u0144stwa dane osobowe?<\/strong><\/p>\n<p>Wszelkie dane osobowe przetwarzamy w celu zwi\u0105zanym z wsp\u00f3\u0142prac\u0105, podtrzymaniem wzajemnych relacji lub ch\u0119ci\u0105 nawi\u0105zania wsp\u00f3\u0142pracy w przysz\u0142o\u015bci. Dodatkowo mo\u017cemy przetwarza\u0107 dane w celach marketingowych oraz informacyjnych, np. o bie\u017c\u0105cej dzia\u0142alno\u015bci naszej firmy w ramach us\u0142ugi newsletter.<\/p>\n<p>Podstaw\u0119 prawn\u0105 dla przetwarzania Pa\u0144stwa danych stanowi:<\/p>\n<ul>\n<li>Zgoda (art. 6 ust. 1 lit. a RODO) \u2013 w sytuacji kiedy jeszcze nie nawi\u0105zali\u015bmy wsp\u00f3\u0142pracy biznesowej, a chcemy Pa\u0144stwa informowa\u0107 o naszej dzia\u0142alno\u015bci lub ofercie;<\/li>\n<li>Obowi\u0105zek wyra\u017cony w przepisie prawa (art. 6 ust. 1 lit. c RODO) \u2013 w sytuacji kiedy wnios\u0105 Pa\u0144stwo reklamacj\u0119 dotycz\u0105c\u0105 realizowanych przez nasz\u0105 firm\u0119 us\u0142ug lub kiedy przepisy (w szczeg\u00f3lno\u015bci) prawa podatkowego nak\u0142adaj\u0105 na nas obowi\u0105zki przechowywania informacji dla cel\u00f3w dowodowych;<\/li>\n<li>Zawarta umowa (art. 6 ust. 1 lit. b RODO) \u2013 w sytuacji kiedy nawi\u0105zali\u015bmy wsp\u00f3\u0142prac\u0119 oraz na podstawie umowy przetwarzania danych osobowych, np. przetwarzamy dane Pa\u0144stwa pracownik\u00f3w kiedy jest konieczne do prawid\u0142owej realizacji us\u0142ugi,<\/li>\n<li>Prawnie usprawiedliwiony interes jaki realizujemy (art. 6 ust. 1 lit. f RODO):<\/li>\n<li>w sytuacji kiedy zostali ju\u017c Pa\u0144stwo naszymi klientami i w ramach prowadzonej wsp\u00f3\u0142pracy dalej chcemy aby byli Pa\u0144stwo informowani o dzia\u0142alno\u015bci naszej firmy i ofercie (marketingu w\u0142asnych produkt\u00f3w lub us\u0142ug),<\/li>\n<li>w sytuacji kiedy zako\u0144czymy wsp\u00f3\u0142prac\u0119 pewne informacje b\u0119dziemy przechowywa\u0107 w dalszym ci\u0105gu w celu ewentualnego ustalenia, obrony, dochodzenia wzajemnych roszcze\u0144 (cele archiwalne).<\/li>\n<\/ul>\n<p>&nbsp;<\/p>\n<p>&nbsp;<\/p>\n<p><strong>Kto jest odbiorc\u0105 Pa\u0144stwa danych?<\/strong><\/p>\n<p>Pa\u0144stwa dane osobowe mog\u0105 by\u0107 przekazywane podmiotom, kt\u00f3rym powierzamy do przetwarzania dane osobowe na podstawie um\u00f3w oraz podmiotom uprawnionym do uzyskania danych osobowych na podstawie przepis\u00f3w prawa. Dane osobowe przetwarzane w ramach naszej strony internetowej powierzamy podmiotowi \u015bwiadcz\u0105cemu dla nas us\u0142ugi hostingowe. Pa\u0144stwa dane osobowe przekazywa\u0107 b\u0119dziemy r\u00f3wnie\u017c naszym upowa\u017cnionym pracownikom i wsp\u00f3\u0142pracownikom, w celu wykonywania przez nich swoich obowi\u0105zk\u00f3w.<\/p>\n<p>&nbsp;<\/p>\n<p><strong>Czy Pa\u0144stwa dane osobowe b\u0119d\u0105 przekazywane do pa\u0144stwa trzeciego lub organizacji mi\u0119dzynarodowej?<\/strong><\/p>\n<p>Obecnie nie planujemy przekazywa\u0107 Pa\u0144stwa danych osobowych poza Europejski Obszar Gospodarczy lub do organizacji mi\u0119dzynarodowej.<\/p>\n<p>&nbsp;<\/p>\n<p><strong>Jak d\u0142ugo Pa\u0144stwa dane osobowe b\u0119d\u0105 przez nas przechowywane?<\/strong><\/p>\n<p>B\u0119dziemy przechowywa\u0107 Pa\u0144stwa dane osobowe przez:<\/p>\n<ul>\n<li>okres czasu jaki okre\u015blaj\u0105 przepisy prawa podatkowego (tj. maksymalnie przez 5 lat od zako\u0144czenia roku, w kt\u00f3rym mia\u0142o miejsce zdarzenia gospodarcze);<\/li>\n<li>lub do momentu wniesienia przez Pa\u0144stwa \u017c\u0105dania usuni\u0119cia danych (w przypadkach kiedy mo\u017cna z tego uprawnienia skutecznie skorzysta\u0107).<\/li>\n<li>w innych sytuacjach nie d\u0142u\u017cej ni\u017c jest to niezb\u0119dne dla realizacji za\u0142o\u017conego celu.<\/li>\n<\/ul>\n<p>&nbsp;<\/p>\n<p><strong>Jakie uprawnienia Pa\u0144stwu przys\u0142uguj\u0105?<\/strong><\/p>\n<p>W zwi\u0105zku z przetwarzaniem przez nas danych osobowych przys\u0142uguje Pa\u0144stwu prawo do:<\/p>\n<ul>\n<li>dost\u0119pu do tre\u015bci swoich danych (art. 15 RODO),<\/li>\n<li>do sprostowania danych (art. 16. RODO),<\/li>\n<li>do usuni\u0119cia danych (art. 17 RODO),<\/li>\n<li>do ograniczenia przetwarzania danych (art. 18 RODO),<\/li>\n<li>do przenoszenia danych (art. 20 RODO),<\/li>\n<li>do wniesienia sprzeciwu wobec przetwarzania danych (art. 21 RODO),<\/li>\n<li>prawo do niepodlegania decyzjom podj\u0119tym w warunkach zautomatyzowanego przetwarzania danych, w tym profilowania (art. 22 RODO).<\/li>\n<\/ul>\n<p>&nbsp;<\/p>\n<p><strong>Do kogo mog\u0105 Pa\u0144stwo wnie\u015b\u0107 skarg\u0119?<\/strong><\/p>\n<p>W przypadkach uznania, i\u017c przetwarzanie Pa\u0144stwa danych przez Administratora narusza przepisy RODO przys\u0142uguje Pa\u0144stwu prawo wniesienia skargi do organu nadzorczego - Prezesa Urz\u0119du Ochrony Danych Osobowych.<\/p>\n<p>&nbsp;<\/p>\n<p><strong>Czy podanie danych osobowych jest dobrowolne czy obligatoryjne?<\/strong><\/p>\n<p>Podanie przez Pa\u0144stwa danych jest dobrowolne, jednak\u017ce w celu \u015bwiadczenia us\u0142ug niezb\u0119dne. Brak podania danych, niejednokrotnie mo\u017ce utrudni\u0107 lub ca\u0142kowicie uniemo\u017cliwi\u0107 za\u0142atwianie spraw w spos\u00f3b zgodny z Pa\u0144stwa oczekiwaniami. W sytuacji gdy przetwarzanie danych odbywa si\u0119 na podstawie art. 6 ust. 1 lit. c RODO tj. obowi\u0105zku wyra\u017conego w przepisach prawa podanie danych jest obligatoryjne.<\/p>\n<p>&nbsp;<\/p>\n<p><strong>Sk\u0105d mamy Pa\u0144stwa dane osobowe?<\/strong><\/p>\n<p>Pa\u0144stwa dane osobowe pozyskali\u015bmy bezpo\u015brednio od Pa\u0144stwa (przy okazji zawieranych um\u00f3w) lub z powszechnie dost\u0119pnych \u017ar\u00f3de\u0142 jak rejestry przedsi\u0119biorc\u00f3w: CEIDG lub KRS. Zakres danych jakie pozyskali\u015bmy w ten spos\u00f3b to: nazwa firmy, podstawowe dane adresowe i kontaktowe, przedmiot prowadzonej dzia\u0142alno\u015bci.<\/p>\n<p>&nbsp;<\/p>\n<p><strong>Czy Pa\u0144stwa dane osobowe b\u0119d\u0105 przetwarzane w spos\u00f3b zautomatyzowany?<\/strong><\/p>\n<p>Pa\u0144stwa dane osobowe nie b\u0119d\u0105 przedmiotem decyzji podj\u0119tych w spos\u00f3b zautomatyzowany, w tym nie b\u0119d\u0105 profilowane.<\/p>\n<p>&nbsp;<\/p>\n<p><strong>ZASADY ROZPATRYWANIA WNIOSK\u00d3W DOTYCZ\u0104CYCH OBS\u0141UGI PRAW KLIENTA W ZAKRESIE DANYCH OSOBOWYCH<\/strong><\/p>\n<p>Klient indywidualny i Klient instytucjonalny (osoba fizyczna prowadz\u0105ca dzia\u0142alno\u015b\u0107 gospodarcz\u0105, sp\u00f3\u0142ka cywilna, sp\u00f3\u0142ka partnerska, sp\u00f3\u0142ka jawna) jest uprawniony do z\u0142o\u017cenia wniosku w zakresie obs\u0142ugi jego praw wynikaj\u0105cych z RODO, a Administrator zobowi\u0105zany jest do jego rozpatrzenia wed\u0142ug poni\u017cszych zasad:<\/p>\n<p>Klient mo\u017ce zg\u0142osi\u0107 wniosek do Administratora w ka\u017cdej chwili, poczynaj\u0105c od 25 maja 2018 r.<\/p>\n<p>Administrator rozpatruje wniosek z\u0142o\u017cony przez Klienta lub osob\u0119 dzia\u0142aj\u0105c\u0105 w jego imieniu:<\/p>\n<ul>\n<li>w ci\u0105gu miesi\u0105ca, licz\u0105c od dnia otrzymania \u017c\u0105dania,<\/li>\n<li>w przypadku, gdy \u017c\u0105danie lub liczba \u017c\u0105da\u0144 Klienta ma skomplikowany charakter, termin udzielenia odpowiedzi mo\u017ce zosta\u0107 wyd\u0142u\u017cony o kolejne dwa miesi\u0105ce; w terminie miesi\u0105ca od otrzymania \u017c\u0105dania, Inspektor ochrony danych poinformuje Klienta listownie o przed\u0142u\u017ceniu terminu, z podaniem przyczyn op\u00f3\u017anienia,<\/li>\n<li>w przypadku niepodj\u0119cia dzia\u0142a\u0144 w zwi\u0105zku z \u017c\u0105daniem Klienta, Inspektor ochrony danych niezw\u0142ocznie \u2013 najp\u00f3\u017aniej w ci\u0105gu miesi\u0105ca od otrzymania \u017c\u0105dania, poinformuje Klient listownie o powodach nieodj\u0119cia dzia\u0142a\u0144 oraz mo\u017cliwo\u015bci wniesienia skargi do organu nadzorczego oraz skorzystania ze \u015brodk\u00f3w ochrony prawnej przed s\u0105dem.<\/li>\n<\/ul>\n<p>Klient mo\u017ce z\u0142o\u017cy\u0107 wniosek o realizacj\u0119 swoich praw i wolno\u015bci. Wniosek Klienta powinien zawiera\u0107 dane adresowe oraz rodzaj i szczeg\u00f3\u0142y \u017c\u0105dania.<\/p>\n<p>Klient mo\u017ce z\u0142o\u017cy\u0107 wype\u0142niony wniosek w siedzibie Administratora lub przes\u0142a\u0107 go za po\u015brednictwem poczty elektronicznej na adres: rodo@komfort.be<\/p>\n<p>Bieg terminu rozpatrywania wniosku rozpoczyna si\u0119 od dnia otrzymania przez Administratora \u017c\u0105dania Klienta.<\/p>\n<p>Klient uprawniony jest do z\u0142o\u017cenia skargi w przypadku niedotrzymania terminu udzielenia odpowiedzi przez Administratora.<\/p>\n<p>W imieniu Administratora Inspektor ochrony danych udziela Klientowi odpowiedzi na z\u0142o\u017cony wniosek na pi\u015bmie, listem poleconym za zwrotnym potwierdzeniem odbioru lub za po\u015brednictwem poczty elektronicznej je\u017celi jest to zgodne z \u017cyczeniem Klienta.<\/p>\n<p>Administrator nie pobiera \u017cadnych op\u0142at i prowizji za przyj\u0119cie i rozpatrzenie wniosku.<\/p>\n<p>W przypadku pyta\u0144 dotycz\u0105cych wniosku prosimy o kontakt z Inspektorem ochrony danych pod adresem e-mail: rodo@komfort.be<\/p>\n<p>Podstawa prawna: Rozporz\u0105dzenie Parlamentu Europejskiego i Rady (UE) 2016\/679 z dnia 27 kwietnia 2016 r. w sprawie ochrony os\u00f3b fizycznych w zwi\u0105zku z przetwarzaniem danych osobowych i w sprawie swobodnego przep\u0142ywu takich danych oraz uchylenia dyrektywy 95\/46\/WE (Dz. U. UE L 119 z dnia 4 maja 2016 r.)<\/p>\n<\/div>\n<\/div><\/div><\/div><\/div><\/div>","protected":false},"excerpt":{"rendered":"<p>Ochrona danych osobowych jest jednym z kluczowych zada\u0144 realizowanych przez KFE Holding Sp. z o.o. z siedzib\u0105 w Warszawie ul. Czerniakowska 71, 00-718 Warszawa, numer KRS 0000255059. Na bie\u017c\u0105co b\u0119dziemy informowa\u0107 Pa\u0144stwa o wa\u017cnych zmianach w przepisach prawa, w tym o prawach os\u00f3b, kt\u00f3rych dane dotycz\u0105. Parlament Europejski opublikowa\u0142 w 2016 roku Rozporz\u0105dzenie 2016\/679 w [&hellip;]<\/p>\n","protected":false},"author":2,"featured_media":1049,"parent":0,"menu_order":0,"comment_status":"closed","ping_status":"closed","template":"","meta":[],"yoast_head":"<!-- This site is optimized with the Yoast SEO plugin v18.6 - https:\/\/yoast.com\/wordpress\/plugins\/seo\/ -->\n<title>RODO - KomFort Building in Europe<\/title>\n<meta name=\"robots\" content=\"index, follow, max-snippet:-1, max-image-preview:large, max-video-preview:-1\" \/>\n<link rel=\"canonical\" href=\"https:\/\/komfort.be\/pl\/rodo\/\" \/>\n<meta property=\"og:locale\" content=\"pl_PL\" \/>\n<meta property=\"og:type\" content=\"article\" \/>\n<meta property=\"og:title\" content=\"RODO - KomFort Building in Europe\" \/>\n<meta property=\"og:description\" content=\"Ochrona danych osobowych jest jednym z kluczowych zada\u0144 realizowanych przez KFE Holding Sp. z o.o. z siedzib\u0105 w Warszawie ul. Czerniakowska 71, 00-718 Warszawa, numer KRS 0000255059. Na bie\u017c\u0105co b\u0119dziemy informowa\u0107 Pa\u0144stwa o wa\u017cnych zmianach w przepisach prawa, w tym o prawach os\u00f3b, kt\u00f3rych dane dotycz\u0105. Parlament Europejski opublikowa\u0142 w 2016 roku Rozporz\u0105dzenie 2016\/679 w [&hellip;]\" \/>\n<meta property=\"og:url\" content=\"https:\/\/komfort.be\/pl\/rodo\/\" \/>\n<meta property=\"og:site_name\" content=\"KomFort PL\" \/>\n<meta property=\"article:modified_time\" content=\"2019-02-15T11:02:34+00:00\" \/>\n<meta property=\"og:image\" content=\"https:\/\/komfort.be\/pl\/wp-content\/uploads\/sites\/6\/2018\/11\/background-dla-kogo.png\" \/>\n\t<meta property=\"og:image:width\" content=\"1920\" \/>\n\t<meta property=\"og:image:height\" content=\"500\" \/>\n\t<meta property=\"og:image:type\" content=\"image\/png\" \/>\n<meta name=\"twitter:card\" content=\"summary_large_image\" \/>\n<script type=\"application\/ld+json\" class=\"yoast-schema-graph\">{\"@context\":\"https:\/\/schema.org\",\"@graph\":[{\"@type\":\"WebSite\",\"@id\":\"https:\/\/komfort.be\/pl\/#website\",\"url\":\"https:\/\/komfort.be\/pl\/\",\"name\":\"KomFort PL\",\"description\":\"Wspieramy Twoj\u0105 Budow\u0119 w Unii Europejskiej. Stawiamy na skuteczno\u015b\u0107 promocji firm budowlanych.\",\"potentialAction\":[{\"@type\":\"SearchAction\",\"target\":{\"@type\":\"EntryPoint\",\"urlTemplate\":\"https:\/\/komfort.be\/pl\/?s={search_term_string}\"},\"query-input\":\"required name=search_term_string\"}],\"inLanguage\":\"pl-PL\"},{\"@type\":\"ImageObject\",\"@id\":\"https:\/\/komfort.be\/pl\/rodo\/#primaryimage\",\"inLanguage\":\"pl-PL\",\"url\":\"https:\/\/komfort.be\/pl\/wp-content\/uploads\/sites\/6\/2018\/11\/background-dla-kogo.png\",\"contentUrl\":\"https:\/\/komfort.be\/pl\/wp-content\/uploads\/sites\/6\/2018\/11\/background-dla-kogo.png\",\"width\":1920,\"height\":500},{\"@type\":\"WebPage\",\"@id\":\"https:\/\/komfort.be\/pl\/rodo\/#webpage\",\"url\":\"https:\/\/komfort.be\/pl\/rodo\/\",\"name\":\"RODO - KomFort Building in Europe\",\"isPartOf\":{\"@id\":\"https:\/\/komfort.be\/pl\/#website\"},\"primaryImageOfPage\":{\"@id\":\"https:\/\/komfort.be\/pl\/rodo\/#primaryimage\"},\"datePublished\":\"2019-02-15T10:21:28+00:00\",\"dateModified\":\"2019-02-15T11:02:34+00:00\",\"breadcrumb\":{\"@id\":\"https:\/\/komfort.be\/pl\/rodo\/#breadcrumb\"},\"inLanguage\":\"pl-PL\",\"potentialAction\":[{\"@type\":\"ReadAction\",\"target\":[\"https:\/\/komfort.be\/pl\/rodo\/\"]}]},{\"@type\":\"BreadcrumbList\",\"@id\":\"https:\/\/komfort.be\/pl\/rodo\/#breadcrumb\",\"itemListElement\":[{\"@type\":\"ListItem\",\"position\":1,\"name\":\"Strona g\u0142\u00f3wna\",\"item\":\"https:\/\/komfort.be\/pl\/\"},{\"@type\":\"ListItem\",\"position\":2,\"name\":\"RODO\"}]}]}<\/script>\n<!-- \/ Yoast SEO plugin. -->","yoast_head_json":{"title":"RODO - KomFort Building in Europe","robots":{"index":"index","follow":"follow","max-snippet":"max-snippet:-1","max-image-preview":"max-image-preview:large","max-video-preview":"max-video-preview:-1"},"canonical":"https:\/\/komfort.be\/pl\/rodo\/","og_locale":"pl_PL","og_type":"article","og_title":"RODO - KomFort Building in Europe","og_description":"Ochrona danych osobowych jest jednym z kluczowych zada\u0144 realizowanych przez KFE Holding Sp. z o.o. z siedzib\u0105 w Warszawie ul. Czerniakowska 71, 00-718 Warszawa, numer KRS 0000255059. Na bie\u017c\u0105co b\u0119dziemy informowa\u0107 Pa\u0144stwa o wa\u017cnych zmianach w przepisach prawa, w tym o prawach os\u00f3b, kt\u00f3rych dane dotycz\u0105. Parlament Europejski opublikowa\u0142 w 2016 roku Rozporz\u0105dzenie 2016\/679 w [&hellip;]","og_url":"https:\/\/komfort.be\/pl\/rodo\/","og_site_name":"KomFort PL","article_modified_time":"2019-02-15T11:02:34+00:00","og_image":[{"width":1920,"height":500,"url":"https:\/\/komfort.be\/pl\/wp-content\/uploads\/sites\/6\/2018\/11\/background-dla-kogo.png","type":"image\/png"}],"twitter_card":"summary_large_image","schema":{"@context":"https:\/\/schema.org","@graph":[{"@type":"WebSite","@id":"https:\/\/komfort.be\/pl\/#website","url":"https:\/\/komfort.be\/pl\/","name":"KomFort PL","description":"Wspieramy Twoj\u0105 Budow\u0119 w Unii Europejskiej. Stawiamy na skuteczno\u015b\u0107 promocji firm budowlanych.","potentialAction":[{"@type":"SearchAction","target":{"@type":"EntryPoint","urlTemplate":"https:\/\/komfort.be\/pl\/?s={search_term_string}"},"query-input":"required name=search_term_string"}],"inLanguage":"pl-PL"},{"@type":"ImageObject","@id":"https:\/\/komfort.be\/pl\/rodo\/#primaryimage","inLanguage":"pl-PL","url":"https:\/\/komfort.be\/pl\/wp-content\/uploads\/sites\/6\/2018\/11\/background-dla-kogo.png","contentUrl":"https:\/\/komfort.be\/pl\/wp-content\/uploads\/sites\/6\/2018\/11\/background-dla-kogo.png","width":1920,"height":500},{"@type":"WebPage","@id":"https:\/\/komfort.be\/pl\/rodo\/#webpage","url":"https:\/\/komfort.be\/pl\/rodo\/","name":"RODO - KomFort Building in Europe","isPartOf":{"@id":"https:\/\/komfort.be\/pl\/#website"},"primaryImageOfPage":{"@id":"https:\/\/komfort.be\/pl\/rodo\/#primaryimage"},"datePublished":"2019-02-15T10:21:28+00:00","dateModified":"2019-02-15T11:02:34+00:00","breadcrumb":{"@id":"https:\/\/komfort.be\/pl\/rodo\/#breadcrumb"},"inLanguage":"pl-PL","potentialAction":[{"@type":"ReadAction","target":["https:\/\/komfort.be\/pl\/rodo\/"]}]},{"@type":"BreadcrumbList","@id":"https:\/\/komfort.be\/pl\/rodo\/#breadcrumb","itemListElement":[{"@type":"ListItem","position":1,"name":"Strona g\u0142\u00f3wna","item":"https:\/\/komfort.be\/pl\/"},{"@type":"ListItem","position":2,"name":"RODO"}]}]}},"_links":{"self":[{"href":"https:\/\/komfort.be\/pl\/wp-json\/wp\/v2\/pages\/1603"}],"collection":[{"href":"https:\/\/komfort.be\/pl\/wp-json\/wp\/v2\/pages"}],"about":[{"href":"https:\/\/komfort.be\/pl\/wp-json\/wp\/v2\/types\/page"}],"author":[{"embeddable":true,"href":"https:\/\/komfort.be\/pl\/wp-json\/wp\/v2\/users\/2"}],"replies":[{"embeddable":true,"href":"https:\/\/komfort.be\/pl\/wp-json\/wp\/v2\/comments?post=1603"}],"version-history":[{"count":18,"href":"https:\/\/komfort.be\/pl\/wp-json\/wp\/v2\/pages\/1603\/revisions"}],"predecessor-version":[{"id":1621,"href":"https:\/\/komfort.be\/pl\/wp-json\/wp\/v2\/pages\/1603\/revisions\/1621"}],"wp:featuredmedia":[{"embeddable":true,"href":"https:\/\/komfort.be\/pl\/wp-json\/wp\/v2\/media\/1049"}],"wp:attachment":[{"href":"https:\/\/komfort.be\/pl\/wp-json\/wp\/v2\/media?parent=1603"}],"curies":[{"name":"wp","href":"https:\/\/api.w.org\/{rel}","templated":true}]}}