{"id":88,"date":"2018-08-25T16:40:22","date_gmt":"2018-08-25T14:40:22","guid":{"rendered":"https:\/\/komfort.be\/fr\/?page_id=88"},"modified":"2019-05-13T09:58:34","modified_gmt":"2019-05-13T07:58:34","slug":"aspect-legal","status":"publish","type":"page","link":"https:\/\/komfort.be\/fr\/aspect-legal\/","title":{"rendered":"Aspect L\u00e9gal"},"content":{"rendered":"<div id=\"pl-88\"  class=\"panel-layout\" ><div id=\"pg-88-0\"  class=\"panel-grid panel-has-style\" ><div class=\"siteorigin-panels-stretch panel-row-style panel-row-style-for-88-0\" data-stretch-type=\"full\" ><div id=\"pgc-88-0-0\"  class=\"panel-grid-cell\" ><div id=\"panel-88-0-0-0\" class=\"so-panel widget widget_legal-aspects panel-first-child panel-last-child\" data-index=\"0\" ><div class=\"so-widget-legal-aspects so-widget-legal-aspects-base\"><div class=\"legal-aspects\">\n\t<div class=\"knowledge__element knowledge__element--hide\">\n\t\t<div class=\"country\">\n\n            \n            \t\t\t\t<div class=\"country__item\"><a href=\"https:\/\/komfort.be\/fr\/c\/allemagne\/\">\n\t\t\t\t\t\t<img src=\"https:\/\/komfort.be\/fr\/wp-content\/uploads\/sites\/7\/2018\/08\/niemcy.png\">\n\t\t\t\t\t\t<span>\n\t\t\t\t\t\t\tAllemagne\t\t\t\t\t\t<\/span>\n\t\t\t\t\t<\/a>\n\t\t\t\t<\/div>\n            \t\t\t\t<div class=\"country__item\"><a href=\"https:\/\/komfort.be\/fr\/c\/belgique\/\">\n\t\t\t\t\t\t<img src=\"https:\/\/komfort.be\/fr\/wp-content\/uploads\/sites\/7\/2018\/08\/belgia.png\">\n\t\t\t\t\t\t<span>\n\t\t\t\t\t\t\tBelgique\t\t\t\t\t\t<\/span>\n\t\t\t\t\t<\/a>\n\t\t\t\t<\/div>\n            \t\t\t\t<div class=\"country__item\"><a href=\"https:\/\/komfort.be\/fr\/c\/france\/\">\n\t\t\t\t\t\t<img src=\"https:\/\/komfort.be\/fr\/wp-content\/uploads\/sites\/7\/2018\/08\/francja.png\">\n\t\t\t\t\t\t<span>\n\t\t\t\t\t\t\tFrance\t\t\t\t\t\t<\/span>\n\t\t\t\t\t<\/a>\n\t\t\t\t<\/div>\n            \t\t\t\t<div class=\"country__item\"><a href=\"https:\/\/komfort.be\/fr\/c\/luxembourg\/\">\n\t\t\t\t\t\t<img src=\"https:\/\/komfort.be\/fr\/wp-content\/uploads\/sites\/7\/2018\/08\/luksemburg.png\">\n\t\t\t\t\t\t<span>\n\t\t\t\t\t\t\tLuxembourg\t\t\t\t\t\t<\/span>\n\t\t\t\t\t<\/a>\n\t\t\t\t<\/div>\n            \t\t\t\t<div class=\"country__item\"><a href=\"https:\/\/komfort.be\/fr\/c\/pologne\/\">\n\t\t\t\t\t\t<img src=\"https:\/\/komfort.be\/fr\/wp-content\/uploads\/sites\/7\/2018\/08\/polska.png\">\n\t\t\t\t\t\t<span>\n\t\t\t\t\t\t\tPologne\t\t\t\t\t\t<\/span>\n\t\t\t\t\t<\/a>\n\t\t\t\t<\/div>\n            \t\t\t\t<div class=\"country__item\"><a href=\"https:\/\/komfort.be\/fr\/c\/union-europeenne\/\">\n\t\t\t\t\t\t<img src=\"https:\/\/komfort.be\/fr\/wp-content\/uploads\/sites\/7\/2018\/08\/EU.png\">\n\t\t\t\t\t\t<span>\n\t\t\t\t\t\t\tUE\t\t\t\t\t\t<\/span>\n\t\t\t\t\t<\/a>\n\t\t\t\t<\/div>\n            \n\n\t\t<\/div>\n\t<\/div>\n<!-- \n\t<agile :options=\"aspects\" class=\"aspects-list\">\n\n        \t\t\t\t<div class=\"aspects-list__item\">\n\t\t\t\t\t<p><a href=\"https:\/\/komfort.be\/fr\/a\/limosa\/\">Limosa<\/a><\/p>\n\t\t\t\t<\/div>\n\n            \t\t\t\t<div class=\"aspects-list__item\">\n\t\t\t\t\t<p><a href=\"https:\/\/komfort.be\/fr\/a\/opoc-pdok\/\">OPOC \/ PDOK<\/a><\/p>\n\t\t\t\t<\/div>\n\n            \t\t\t\t<div class=\"aspects-list__item\">\n\t\t\t\t\t<p><a href=\"https:\/\/komfort.be\/fr\/a\/salaire-minimum-2\/\">Salaire minimum<\/a><\/p>\n\t\t\t\t<\/div>\n\n            \t\t\t\t<div class=\"aspects-list__item\">\n\t\t\t\t\t<p><a href=\"https:\/\/komfort.be\/fr\/a\/responsabilite-solidaire\/\">Responsabilit\u00e9 solidaire<\/a><\/p>\n\t\t\t\t<\/div>\n\n            \t\t\t\t<div class=\"aspects-list__item\">\n\t\t\t\t\t<p><a href=\"https:\/\/komfort.be\/fr\/a\/droit-du-travail\/\">Droit du travail<\/a><\/p>\n\t\t\t\t<\/div>\n\n            \t\t\t\t<div class=\"aspects-list__item\">\n\t\t\t\t\t<p><a href=\"https:\/\/komfort.be\/fr\/a\/attestation-cee\/\">Attestation CEE<\/a><\/p>\n\t\t\t\t<\/div>\n\n            \n\n\t<\/agile> -->\n<\/div>\n<\/div><\/div><\/div><\/div><\/div><div id=\"pg-88-1\"  class=\"panel-grid panel-has-style\" ><div class=\"panel-row-style panel-row-style-for-88-1\" ><div id=\"pgc-88-1-0\"  class=\"panel-grid-cell\" ><div id=\"panel-88-1-0-0\" class=\"so-panel widget widget_text panel-first-child panel-last-child\" data-index=\"1\" ><div class=\"so-widget-text so-widget-text-base\"><div class=\"text-content content-wrapper\">\n    <p>Dans l'onglet de chaque pays, nous signalons des questions importantes pour les entreprises exportatrices o\u00f9 nous pr\u00e9voyons d'exporter nos services. Les th\u00e8mes pr\u00e9sent\u00e9s seront \u00e9tendus et discut\u00e9s en d\u00e9tail lors des discussions avec les partenaires de KFE Holding SP. z o.o. dans le cadre des obligations d\u00e9coulant de l'accord de coop\u00e9ration.<\/p>\n<p>&nbsp;<\/p>\n<p>Veuillez lire les informations sur cette page avant de commencer votre activit\u00e9 \u00e0 l'\u00e9tranger et suivez les mises \u00e0 jour. Si vous avez des questions, veuillez contacter notre repr\u00e9sentant commercial pour clarifier l'importance des dossiers ou des documents pr\u00e9sent\u00e9s.<\/p>\n<p>&nbsp;<\/p>\n<p>En raison de la complexit\u00e9 des probl\u00e8mes juridiques et administratifs li\u00e9s \u00e0 l\u2019exportation de services de construction, le contenu pr\u00e9sent\u00e9 sur le site www.komfortgroup.eu ne peut pas \u00eatre trait\u00e9 comme une base de connaissances exhaustives sur ce sujet et ne constitue en aucun cas un conseil juridique ou une expertise. Le contenu relatif aux aspects juridiques figurant sur le site www.komfortgroup.eu ne constitue pas une offre commerciale.<\/p>\n<\/div>\n<\/div><\/div><\/div><div id=\"pgc-88-1-1\"  class=\"panel-grid-cell\" ><div id=\"panel-88-1-1-0\" class=\"so-panel widget widget_box panel-first-child panel-last-child\" data-index=\"2\" ><div class=\"panel-widget-style panel-widget-style-for-88-1-1-0\" ><div class=\"so-widget-box so-widget-box-base\">\n<div class=\"blueBox \">\n\t<div class=\"blueBox__mask\"\n\t\t style=\"background-image: url('https:\/\/komfort.be\/fr\/wp-content\/uploads\/sites\/7\/2018\/09\/jacek.png')\"><\/div>\n\n\n\t<div class=\"blueBox__title\">\n        <h2>A LA RECHERCHE DE<\/h2>\n\t\t<span>sous traitants?<\/span>\n\n<!--        <p class=\"blueBoxTxt\">-->\n<!--            <strong>--><!--<\/strong>-->\n<!--            <span>--><!--<\/span>-->\n<!--        <\/p>-->\n\t<\/div>\n\n\t<div class=\"blueBox__button\">\n\t\t<a href=\"https:\/\/base.komfort.be\/\" class=\"btn\" >\n            D\u00e9couvrez-le \t\t<\/a>\n\t<\/div>\n<\/div>\n<\/div><\/div><\/div><\/div><\/div><\/div><\/div>","protected":false},"excerpt":{"rendered":"","protected":false},"author":2,"featured_media":1264,"parent":0,"menu_order":0,"comment_status":"closed","ping_status":"closed","template":"","meta":[],"_links":{"self":[{"href":"https:\/\/komfort.be\/fr\/wp-json\/wp\/v2\/pages\/88"}],"collection":[{"href":"https:\/\/komfort.be\/fr\/wp-json\/wp\/v2\/pages"}],"about":[{"href":"https:\/\/komfort.be\/fr\/wp-json\/wp\/v2\/types\/page"}],"author":[{"embeddable":true,"href":"https:\/\/komfort.be\/fr\/wp-json\/wp\/v2\/users\/2"}],"replies":[{"embeddable":true,"href":"https:\/\/komfort.be\/fr\/wp-json\/wp\/v2\/comments?post=88"}],"version-history":[{"count":52,"href":"https:\/\/komfort.be\/fr\/wp-json\/wp\/v2\/pages\/88\/revisions"}],"predecessor-version":[{"id":1768,"href":"https:\/\/komfort.be\/fr\/wp-json\/wp\/v2\/pages\/88\/revisions\/1768"}],"wp:featuredmedia":[{"embeddable":true,"href":"https:\/\/komfort.be\/fr\/wp-json\/wp\/v2\/media\/1264"}],"wp:attachment":[{"href":"https:\/\/komfort.be\/fr\/wp-json\/wp\/v2\/media?parent=88"}],"curies":[{"name":"wp","href":"https:\/\/api.w.org\/{rel}","templated":true}]}}