{"id":3,"date":"2018-08-21T09:31:45","date_gmt":"2018-08-21T07:31:45","guid":{"rendered":"http:\/\/komfort.dev\/?page_id=3"},"modified":"2019-02-15T14:52:16","modified_gmt":"2019-02-15T13:52:16","slug":"politique-de-confidentialite","status":"publish","type":"page","link":"https:\/\/komfort.be\/fr\/politique-de-confidentialite\/","title":{"rendered":"Politique de confidentialit\u00e9"},"content":{"rendered":"<div id=\"pl-3\"  class=\"panel-layout\" ><div id=\"pg-3-0\"  class=\"panel-grid panel-no-style\" ><div id=\"pgc-3-0-0\"  class=\"panel-grid-cell\" ><div id=\"panel-3-0-0-0\" class=\"so-panel widget widget_text panel-first-child panel-last-child\" data-index=\"0\" ><div class=\"so-widget-text so-widget-text-base\"><div class=\"text-content content-wrapper\">\n    <p><b>Cher utilisateur !<\/b><\/p>\n<p><span style=\"font-weight: 400;\">La politique de confidentialit\u00e9 est con\u00e7ue pour vous fournir des informations sur l\u2019utilisation des donn\u00e9es collect\u00e9es durant vos visites sur notre site internet. Elle sert \u00e0 vous fournir des informations vis\u00e9es dans l\u2019art. 13 du r\u00e8glement (EU) 2016\/679 du Parlement Europ\u00e9en et du Conseil du 27 avril 2016 sur la protection individuelle et \u00e0 l\u2019\u00e9gard du traitement des donn\u00e9es \u00e0 caract\u00e8re personnel et sur la libre circulation de ces donn\u00e9es selon la directive 95\/46\/EC (r\u00e8glement g\u00e9n\u00e9ral sur la protection des donn\u00e9es), vis\u00e9e ci-apr\u00e8s comme \u201cGDPR\u201d, qui est en vigueur depuis le 25 mai 2018.<\/span><\/p>\n<p>&nbsp;<\/p>\n<p><b>Qui est l\u2019administrateur de vos donn\u00e9es personnelles ?<\/b><\/p>\n<p>&nbsp;<\/p>\n<p><span style=\"font-weight: 400;\">L\u2019administrateur de vos donn\u00e9es personnelles est : KFE Holding Sp. z o.o. avec le si\u00e8ge social \u00e0 Varsovie, st. Czerniakowska 71, le num\u00e9ro de KRS est 0000255059. Vous pouvez nous identifier avec les marques que nous poss\u00e9dons : KomFort Builing in Europe, KomFort BASE, Legal Building, Mediren.<\/span><span style=\"font-weight: 400;\"><br \/>\n<\/span><span style=\"font-weight: 400;\">Pour tout ce qui rel\u00e8ve de la protection de vos donn\u00e9es personnelles, vous pouvez nous contacter \u00e0 l\u2019adresse mail : <\/span><a href=\"mailto:rodo@komfort.be\"><span style=\"font-weight: 400;\">rodo@komfort.be<\/span><\/a><\/p>\n<p>&nbsp;<\/p>\n<p>&nbsp;<\/p>\n<p><b>Dans quel but acqu\u00e9rons-nous vos donn\u00e9es et \u00a0sur quelle base les utilisons-nous ?<br \/>\n<\/b><span style=\"font-weight: 400;\">Nous avons vos informations personnelles et nous les traitons pour : <\/span><\/p>\n<ul>\n<li style=\"font-weight: 400;\"><span style=\"font-weight: 400;\">Quand le traitement est n\u00e9cessaire pour ex\u00e9cuter le contrat conclu avec vous ou pour donner suite \u00e0 votre demande avant la conclusion du contrat - art. 6 par. 1 b r\u00e8glement (EU) 2016\/679 du Parlement europ\u00e9en et du Conseil du 27 avril 2016 sur la protection individuelle et \u00e0 l\u2019\u00e9gard du traitement des donn\u00e9es \u00e0 caract\u00e8re personnel et sur la libre circulation de ces donn\u00e9es selon la directive 95\/46\/EC (GDPR),<\/span><\/li>\n<li style=\"font-weight: 400;\"><span style=\"font-weight: 400;\">Quand vous \u00eates demand\u00e9 de consentir au traitement des donn\u00e9es pour un but d\u00e9sign\u00e9 -art. 6 par. 1 a GDPR,<\/span><\/li>\n<li style=\"font-weight: 400;\"><span style=\"font-weight: 400;\">Quand nous avons le soi-disant int\u00e9r\u00eat l\u00e9gitime, comme acceptation et r\u00e9pliquant \u00e0 votre demande, r\u00e9solvant un litige, maintenant les contrats d\u2019affaires, identifiant les repr\u00e9sentants, personnes de contact ou autres employ\u00e9s ou coll\u00e8gues de nos clients agissant pour le compte de ceux de nos clients - art. 6 par. 1 f GDPR,<\/span><\/li>\n<li style=\"font-weight: 400;\"><span style=\"font-weight: 400;\">Quand le traitement est n\u00e9cessaire pour remplir l\u2019obligation l\u00e9gale qui nous est impos\u00e9e, par exemple dans un \u00e9v\u00e9nement qui n\u00e9cessite de divulguer des donn\u00e9es personnelles aux autorit\u00e9s de l\u2019Etat - art. 6 par. 1 c GDPR.<\/span><\/li>\n<\/ul>\n<p><span style=\"font-weight: 400;\">Autres exemples d\u2019int\u00e9r\u00eats l\u00e9gitimes vis\u00e9es au dessus comprenant : <\/span><\/p>\n<ul>\n<li style=\"font-weight: 400;\"><span style=\"font-weight: 400;\">La personnalisation de l'exp\u00e9rience de l\u2019utilisateur en ligne et am\u00e9lioration de l'efficacit\u00e9, de l\u2019utilit\u00e9 et de l'efficacit\u00e9 de la pr\u00e9sence de l'administrateur sur Internet,<\/span><\/li>\n<li style=\"font-weight: 400;\"><span style=\"font-weight: 400;\">L'ex\u00e9cution et l\u2019analyse nos activit\u00e9s de marketing, seulement en correspondance avec la loi qui exige le consentement s\u00e9par\u00e9, <\/span><\/li>\n<li style=\"font-weight: 400;\"><span style=\"font-weight: 400;\">La pr\u00e9venance des fraudes, les activit\u00e9s criminelles et agir pour prot\u00e9ger nos syst\u00e8mes informatiques<\/span><\/li>\n<\/ul>\n<p>&nbsp;<\/p>\n<p>&nbsp;<\/p>\n<p><b>Quelles donn\u00e9es personnelles traitons-nous ?<br \/>\n<\/b><span style=\"font-weight: 400;\">Durant votre visite sur nous site internet nous traitons les donn\u00e9es personnelles suivantes : <\/span><\/p>\n<ul>\n<li style=\"font-weight: 400;\"><span style=\"font-weight: 400;\">Les donn\u00e9es fournies volontairement<\/span><\/li>\n<\/ul>\n<p><span style=\"font-weight: 400;\">Dans le cadre de notre site internet, nous fournissons un formulaire de contact qui vous permet de nous envoyer des messages. En connection avec le message, nous traitons votre nom, le nom de l\u2019entreprise et l\u2019adresse mail<\/span><\/p>\n<ul>\n<li style=\"font-weight: 400;\"><span style=\"font-weight: 400;\">Les donn\u00e9es collect\u00e9es automatiquement<\/span><\/li>\n<\/ul>\n<p><span style=\"font-weight: 400;\">Quand vous utilisez notre site internet, nous collectons des informations telles que : votre adresse IP, demande URL, votre appareil ID, la quantit\u00e9 de temps pass\u00e9e sur des pages individuelles, le type de navigateur, le navigateur linguistique, la date et l\u2019heure de l\u2019utilisation du site internet, la r\u00e9solution d\u2019\u00e9cran, le type et la version du syst\u00e8me op\u00e9rateur, ainsi que pleins d\u2019autres informations.<\/span><\/p>\n<p>&nbsp;<\/p>\n<p><b>Mes donn\u00e9es personnelles \u201csensibles\u201d sont-elles trait\u00e9es ?<br \/>\n<\/b><span style=\"font-weight: 400;\">L\u2019administrateur ne collecte pas d\u00e9lib\u00e9r\u00e9ment les donn\u00e9es personnelles \u201csensibles\u201d, sauf si une obligation r\u00e9sulte des dispositions de la loi applicable, par exemple \u00e0 des fins de recrutement. Les donn\u00e9es sensibles inclus les donn\u00e9es personnelles concernent la race ou l\u2019origine ethnique, les opinions politique, l\u2019affiliation syndicale, les croyances religieuses \/ religion ou croyance, la sant\u00e9, la sexualit\u00e9, l\u2019orientation sexuelle ou la criminalit\u00e9 de l\u2019utilisateur, ainsi que des donn\u00e9es g\u00e9n\u00e9tiques ou biom\u00e9triques. <\/span><span style=\"font-weight: 400;\"><br \/>\n<\/span><span style=\"font-weight: 400;\">Nous invitons les utilisateurs \u00e0 faire preuve de prudence en nous fournissant des informations sensibles et dans aucun cas nous fournir des informations sensibles sauf si ils expriment leur consentement \u00e0 l\u2019utilisation de l\u2019administrateur de telles informations pour mener nos activit\u00e9s l\u00e9gales et pour confier le traitement et le stockage de ces donn\u00e9es dans nos bases de donn\u00e9es. Si vous avez des questions sur les informations sensibles qui peuvent ou ne peuvent pas \u00eatre requises dans un cas particulier, s\u2019il vous pla\u00eet contactez-nous \u00e0 l\u2019adresse mail suivante : GDPR@komfort.be<\/span><\/p>\n<p>&nbsp;<\/p>\n<p><b>La fourniture des donn\u00e9es \u00e9tait-elle obligatoire ?<br \/>\n<\/b><span style=\"font-weight: 400;\">La fourniture de donn\u00e9es personnelles est compl\u00e8tement volontaire. Cependant, si le traitement de donn\u00e9es personnelles est bas\u00e9 sur le consentement, son absence pourra nous emp\u00eacher de prendre des mesures qui concerne ce consentement. Le consentement peut \u00eatre r\u00e9voqu\u00e9 \u00e0 tout moment, cependant, \u00e7a n\u2019affectera pas la l\u00e9galit\u00e9 du traitement de vos donn\u00e9es personnelles que nous avons effectu\u00e9 sur la base du consentement avant son retrait. <\/span><\/p>\n<p><span style=\"font-weight: 400;\">Pendant le visite sur notre site internet, les donn\u00e9es personnelles ne sont pas n\u00e9cessaires, cependant, l\u2019administrateur peut vous demander d\u2019envoyer certaines donn\u00e9es si vous voulez obtenir plusieurs informations \u00e0 propos de nos services ou \u00e9v\u00e9nements. L\u2019administrateur peut aussi demand\u00e9 \u00e0 l\u2019utilisateur d\u2019accepter le traitement de ses donn\u00e9es personnelles de mani\u00e8re sp\u00e9cifique, auquel l\u2019utilisateur peut consentir ou refuser. Un utilisateur recevant certaines informations ou services, tel que la newsletter, peut \u00e0 tout moment se d\u00e9sabonner de son abonnement en suivant les instructions de chaque document envoy\u00e9. Dans l\u2019\u00e9v\u00e9nement de fermeture de l\u2019abonnement, l\u2019administrateur essaie de supprimer les informations de l\u2019utilisateur imm\u00e9diatement, cependant, il peut \u00eatre n\u00e9cessaire de fournir plusieurs donn\u00e9es pour r\u00e9pondre \u00e0 \u00a0la demande de l\u2019utilisateur.<\/span><\/p>\n<p>&nbsp;<\/p>\n<p><span style=\"font-weight: 400;\">Dans le point 7, c\u2019est indiqu\u00e9 que les utilisateurs ont l\u2019option de configurer leur navigateur internet de fa\u00e7on \u00e0 ce qu\u2019il rejette tous les cookies et les informe de leurs installation. Cependant, il faut se rappeler qu\u2019apr\u00e8s avoir rejet\u00e9 tous les cookies, certaines \u00e9l\u00e9ments de notre site internet peut ne pas fonctionner correctement.<\/span><\/p>\n<p>&nbsp;<\/p>\n<p><b>Combien de temps allons-nous stocker vos donn\u00e9es ?<br \/>\n<\/b><span style=\"font-weight: 400;\">Nous allons traiter vos donn\u00e9es personnelles jusqu\u2019\u00e0 ce que votre consentement soit rejet\u00e9, votre objection soit \u00e9lev\u00e9e ou jusqu\u2019\u00e0 ce que vous demandiez la suppression des donn\u00e9es, mais pas plus que pour une p\u00e9riode de \u2026\u2026 mois depuis votre derni\u00e8re activit\u00e9 sur notre site internet.<\/span><\/p>\n<p>&nbsp;<\/p>\n<p><b>Qu\u2019est ce que sont les cookies ?<br \/>\n<\/b><span style=\"font-weight: 400;\">Les fichiers cookies sont des donn\u00e9es informatiques, en particulier des fichiers textes, qui sont stock\u00e9s dans votre \u00e9quipement terminal et sont con\u00e7us pour utiliser les sites internet. Les cookies contiennent le nom du site internet dont ils proviennent, leur temps de stockage sur l\u2019appareil de fin et un num\u00e9ro unique.<\/span><span style=\"font-weight: 400;\"><br \/>\n<\/span><span style=\"font-weight: 400;\">Les cookies sont utilis\u00e9s pour les buts suivants : <\/span><\/p>\n<ul>\n<li><span style=\"font-weight: 400;\">Identifier les besoins et int\u00e9r\u00eats de l\u2019utilisateur<\/span><\/li>\n<li><span style=\"font-weight: 400;\">Cr\u00e9er des statistiques qui aide \u00e0 comprendre comment les utilisateurs utilisent les sites internet, ce qui permet d\u2019am\u00e9liorer leur structure et contenu <\/span><\/li>\n<li><span style=\"font-weight: 400;\">Maintenir la session de l\u2019utilisateur du site internet (apr\u00e8s la connexion) <\/span><\/li>\n<li><span style=\"font-weight: 400;\">Reconna\u00eetre l\u2019appareil utilis\u00e9 pour afficher le contenu de la page<\/span><\/li>\n<li><span style=\"font-weight: 400;\">Mettre en place des enqu\u00eates et formulaires<\/span><\/li>\n<li><span style=\"font-weight: 400;\">Ajuster le contenu et le fonctionnement du site internet, en faisant correspondre un identifiant de suivi anonyme, g\u00e9n\u00e9r\u00e9 al\u00e9atoirement, gr\u00e2ce auquel il est possible, entre autres, de v\u00e9rifier l'origine de l'utilisateur, le type de moteur de recherche utilis\u00e9, le lien sur lequel il a cliqu\u00e9 , quels mots cl\u00e9s il a saisis et \u00e0 quel moment il a cess\u00e9 d'utiliser le site Web,<br \/>\n<\/span><\/li>\n<\/ul>\n<p><span style=\"font-weight: 400;\">D\u2019habitude, le navigateur web \u00a0autorise les cookies pour \u00eatre stock\u00e9 par d\u00e9faut dans l\u2019appareil de l\u2019utilisateur. Vous pouvez changez les param\u00e8tres dans cette zone. Le navigateur web vous autorise de supprimer les cookies stock\u00e9s aussi bien que de les bloquer automatiquement. L\u2019information d\u00e9taill\u00e9 sur ce sujet peut \u00eatre trouv\u00e9 avec l\u2019aide ou la documentation du navigateur web. <\/span><\/p>\n<p><span style=\"font-weight: 400;\">L\u2019information collect\u00e9e automatiquement pendant votre visite sur notre site internet est analys\u00e9e avec l\u2019outil \u00a0Google Analitycs. L\u2019outil Goole Analitycs est fourni par Google LLC, 1600 Amphitheater Parkway, Mountain View, CA 94043, USA. Google Analytics collecte les informations concernant les sites internet visit\u00e9s dans le cadre de notre site internet. L\u2019information collect\u00e9e de mani\u00e8re \u00e0 \u00eatre transf\u00e9r\u00e9e et stock\u00e9e par Google LLC sur les serveurs des Etats-Unis. Les r\u00e8gles d\u00e9taill\u00e9es concernant la politique de confidentialit\u00e9 de Google Analytics (incluant l\u2019information sur comment vous pouvez bloquer la collection des donn\u00e9es) peut \u00eatre trouver sur : <\/span><a href=\"https:\/\/www.google.com\/analytics\"><span style=\"font-weight: 400;\">https:\/\/www.google.com\/analytics<\/span><\/a><\/p>\n<p>&nbsp;<\/p>\n<p><b>Acc\u00e8s aux donn\u00e9es et autorisations<\/b><\/p>\n<ul>\n<li><span style=\"font-weight: 400;\">D\u00fb au traitement de vos donn\u00e9es personnelles par nous, vous avez un nombre de droits. Pour les mettre en oeuvre, veuillez nous contacter via l\u2019adresse mail : GDPR@komfort.be<\/span><\/li>\n<li><span style=\"font-weight: 400;\">Le droit de demander l\u2019acc\u00e8s \u00e0 vos propres donn\u00e9es personnelles (incluant l\u2019obtention de confirmation du traitement et l\u2019obtention d\u2019information, par exemple \u00e0 propos des buts, des sources, les cat\u00e9gories de donn\u00e9es en cours de traitement ou la dur\u00e9e de leur stockage), incluant le droit de recevoir des copies de leur propres donn\u00e9es gratuitement (pour d\u2019avantage demande de copies au sujet des donn\u00e9es, nous pouvons facturer des frais raisonnables r\u00e9sultant de co\u00fbts administratifs),<\/span><\/li>\n<li><span style=\"font-weight: 400;\">Le droit de rectifier les donn\u00e9es personnelles (si elles sont incorrectes), qui peut aussi inclure de compl\u00e9ter des donn\u00e9es personnelles incompl\u00e8tes, mais pour ce but nous pouvons vous demander de fournir des d\u00e9clarations suppl\u00e9mentaires,<\/span><\/li>\n<li><span style=\"font-weight: 400;\">Le droit de supprimer des donn\u00e9es personnelles (aussi appel\u00e9 \u201cdroit d\u2019\u00eatre oubli\u00e9\u201d) quand, par exemple, ils ne sont pas n\u00e9cessaires pour atteindre le but pour lesquelles elles ont \u00e9t\u00e9 collect\u00e9es, le consentement pour leur traitement a \u00e9t\u00e9 r\u00e9voqu\u00e9, ou qu\u2019il n\u2019y a pas d\u2019autres raisons pour leur traitement.<\/span><\/li>\n<li><span style=\"font-weight: 400;\">The droit de limiter le traitement des donn\u00e9es, par exemple quand vous vous interrogez sur l'exactitude des donn\u00e9es personnelles - pour une p\u00e9riode nous autorisant \u00e0 v\u00e9rifier l\u2019exactitude de ces donn\u00e9es,<\/span><\/li>\n<li><span style=\"font-weight: 400;\">Le droit de transf\u00e9rer des donn\u00e9es, incluant de recevoir de nous dans un format structur\u00e9, commun\u00e9ment utilis\u00e9, \u00a0les donn\u00e9es personnelles que vous nous avez fournies,<\/span><\/li>\n<li><span style=\"font-weight: 400;\">Le droit de vous opposer au traitement <\/span><\/li>\n<li><span style=\"font-weight: 400;\">Le droit de de retirer le consentement du traitement des donn\u00e9es (cependant, le retrait du consentement n\u2019affecte pas la l\u00e9galit\u00e9 du traitement, qui a \u00e9t\u00e9 r\u00e9alis\u00e9 sur la base du consentement exprim\u00e9 avant son retrait),<\/span><\/li>\n<li>Le droit de d\u00e9poser une plainte aupr\u00e8s du pr\u00e9sident du bureau pour la protection des donn\u00e9es personnelles, quand vous consid\u00e9rez que le traitement des donn\u00e9es personnelles a enfreint les dispositions du GDPR<\/li>\n<\/ul>\n<p>&nbsp;<\/p>\n<p><b>Avec qui pouvons-nous partager vos informations personnelles?<br \/>\n<\/b><span style=\"font-weight: 400;\">Vos donn\u00e9es personnelles peuvent \u00eatre transmises aux entit\u00e9s confi\u00e9es avec le traitement des donn\u00e9es personnelles sur la base des contrats et \u00e0 des entit\u00e9s autoris\u00e9es pour obtenir les donn\u00e9es personnelles sur la base des dispositions l\u00e9gales. Les donn\u00e9es personnelles trait\u00e9es dans le cadre de notre site internet sont confi\u00e9es \u00e0 notre fournisseur de services. Nous allons aussi transf\u00e9rer vos donn\u00e9es personnelles \u00e0 nos employ\u00e9s et associ\u00e9s autoris\u00e9s pour qu\u2019ils ex\u00e9cutent leurs t\u00e2ches.<\/span><\/p>\n<p>&nbsp;<\/p>\n<p><b>Est-ce que vos donn\u00e9es sont profil\u00e9es?<br \/>\n<\/b><span style=\"font-weight: 400;\">Vos donn\u00e9es personnelles ne seront pas soumises \u00e0 des processus qui conduiraient \u00e0 une prise de d\u00e9cision automatis\u00e9e, y compris au profilage.<\/span><\/p>\n<\/div>\n<\/div><\/div><\/div><\/div><\/div>","protected":false},"excerpt":{"rendered":"<p>Cher utilisateur ! La politique de confidentialit\u00e9 est con\u00e7ue pour vous fournir des informations sur l\u2019utilisation des donn\u00e9es collect\u00e9es durant vos visites sur notre site internet. Elle sert \u00e0 vous fournir des informations vis\u00e9es dans l\u2019art. 13 du r\u00e8glement (EU) 2016\/679 du Parlement Europ\u00e9en et du Conseil du 27 avril 2016 sur la protection individuelle [&hellip;]<\/p>\n","protected":false},"author":1,"featured_media":0,"parent":0,"menu_order":0,"comment_status":"closed","ping_status":"open","template":"","meta":[],"_links":{"self":[{"href":"https:\/\/komfort.be\/fr\/wp-json\/wp\/v2\/pages\/3"}],"collection":[{"href":"https:\/\/komfort.be\/fr\/wp-json\/wp\/v2\/pages"}],"about":[{"href":"https:\/\/komfort.be\/fr\/wp-json\/wp\/v2\/types\/page"}],"author":[{"embeddable":true,"href":"https:\/\/komfort.be\/fr\/wp-json\/wp\/v2\/users\/1"}],"replies":[{"embeddable":true,"href":"https:\/\/komfort.be\/fr\/wp-json\/wp\/v2\/comments?post=3"}],"version-history":[{"count":5,"href":"https:\/\/komfort.be\/fr\/wp-json\/wp\/v2\/pages\/3\/revisions"}],"predecessor-version":[{"id":1745,"href":"https:\/\/komfort.be\/fr\/wp-json\/wp\/v2\/pages\/3\/revisions\/1745"}],"wp:attachment":[{"href":"https:\/\/komfort.be\/fr\/wp-json\/wp\/v2\/media?parent=3"}],"curies":[{"name":"wp","href":"https:\/\/api.w.org\/{rel}","templated":true}]}}