{"id":237,"date":"2018-08-30T11:19:21","date_gmt":"2018-08-30T09:19:21","guid":{"rendered":"https:\/\/komfort.be\/fr\/?page_id=237"},"modified":"2023-09-05T10:55:29","modified_gmt":"2023-09-05T08:55:29","slug":"pour-qui","status":"publish","type":"page","link":"https:\/\/komfort.be\/fr\/pour-qui\/","title":{"rendered":"Pour qui"},"content":{"rendered":"<div id=\"pl-237\"  class=\"panel-layout\" ><div id=\"pg-237-0\"  class=\"panel-grid panel-has-style\" ><div class=\"siteorigin-panels-stretch panel-row-style panel-row-style-for-237-0\" data-stretch-type=\"full\" ><div id=\"pgc-237-0-0\"  class=\"panel-grid-cell\" ><div id=\"panel-237-0-0-0\" class=\"so-panel widget widget_for-who panel-first-child panel-last-child\" data-index=\"0\" ><div class=\"so-widget-for-who so-widget-for-who-base\"><div class=\"for-who\">\n\t<div class=\"single-new__item main-new main-new--for-who\">\n\t\t<div class=\"main-new__title\">\n\t\t\t<span>KomFort Building in Europe<\/span>\n\t\t\t<h2>POUR LES ENTREPRISES DE CONSTRUCTION QUI<\/h2>\n\t\t<\/div>\n\n\t\t<div class=\"text-content text-content--style2\">\n            <ul>\n<li>Recherchent des sous-traitants de construction v\u00e9rifi\u00e9s dans l'Union Europ\u00e9enne<\/li>\n<li>Planifient la cr\u00e9ation d'un r\u00e9seau de soci\u00e9t\u00e9s de construction \u00e9trang\u00e8res<\/li>\n<li>Coop\u00e8rent l\u00e9galement avec des entreprises de construction \u00e9trang\u00e8res<\/li>\n<li>Ont besoin d'un support d'expert \u00e0 chaque \u00e9tape de leur commande<\/li>\n<li>Sont conscients des directives actuelles dans l'UE<\/li>\n<\/ul>\n<p>KomFort-Building en Europe, est un partenaire professionnel, offrant une coop\u00e9ration rentable et \u00e0 long terme avec les entreprises de construction, visant \u00e0 d\u00e9velopper les services sur le march\u00e9 \u00e9tranger. Plus de 10 ans d'exp\u00e9rience, nous permettent de v\u00e9rifier les commandes disponibles, de pr\u00e9senter efficacement les offres des entreprises int\u00e9ress\u00e9es et de les soutenir de mani\u00e8re compl\u00e8te dans le processus de mise en \u0153uvre des contrats de construction.<\/p>\n\n\t\t<\/div>\n\n\t<\/div>\n\t<div class=\"single-new__item sub-new\">\n\t\t<div class=\"sub-new__item\"><div class=\"so-widget-box so-widget-box-base\">\n<div class=\"blueBox \">\n\t<div class=\"blueBox__mask\"\n\t\t style=\"background-image: url('https:\/\/komfort.be\/fr\/wp-content\/uploads\/sites\/7\/2023\/09\/background-firma.webp')\"><\/div>\n\n\n\t<div class=\"blueBox__title\">\n        <h2>DES SOUS-TRAITANTS<\/h2>\n\t\t<span>pour vos chantiers<\/span>\n\n<!--        <p class=\"blueBoxTxt\">-->\n<!--            <strong>--><!--<\/strong>-->\n<!--            <span>--><!--<\/span>-->\n<!--        <\/p>-->\n\t<\/div>\n\n\t<div class=\"blueBox__button\">\n\t\t<a href=\"https:\/\/komfort.be\/fr\/contact\/\" class=\"btn\"  onclick=\"https:\/\/batieu.com\/app\/fr\/realizations\/1\" >\n            D\u00e9couvrez-les\t\t<\/a>\n\t<\/div>\n<\/div>\n<\/div>\t\t<\/div>\n\t<\/div>\n<\/div><\/div><\/div><\/div><\/div><\/div><div id=\"pg-237-1\"  class=\"panel-grid panel-has-style\" ><div class=\"siteorigin-panels-stretch panel-row-style panel-row-style-for-237-1\" data-stretch-type=\"full\" ><div id=\"pgc-237-1-0\"  class=\"panel-grid-cell\" ><div id=\"panel-237-1-0-0\" class=\"so-panel widget widget_title panel-first-child panel-last-child\" data-index=\"1\" ><div class=\"so-widget-title so-widget-title-base\">\n<div class=\"title-section  \">\n\n\t<p><\/p>\n    <h4>Investissement<\/h4>\n\n<\/div>\n\n<\/div><\/div><\/div><\/div><\/div><div id=\"pg-237-2\"  class=\"panel-grid panel-has-style\" ><div class=\"siteorigin-panels-stretch panel-row-style panel-row-style-for-237-2\" data-stretch-type=\"full\" ><div id=\"pgc-237-2-0\"  class=\"panel-grid-cell\" ><div id=\"panel-237-2-0-0\" class=\"so-panel widget widget_investments panel-first-child panel-last-child\" data-index=\"2\" ><div class=\"so-widget-investments so-widget-investments-base\">\t<div class=\"investition\">\n\t\t<div class=\"investition__top\">\n\t\t\t<div class=\"investition__title\"><h3>Public<\/h3>\n\t\t\t\t<div class=\"investition__images\">\n\t\t\t\t\t<img src=\"https:\/\/komfort.be\/fr\/wp-content\/uploads\/sites\/7\/2018\/10\/school.png\" alt=\"\">\n                    <span><\/span>\n                    <span><\/span>\n                    <span><\/span>\n                    <span><\/span>\n\t\t\t\t<\/div>\n\t\t\t<\/div>\n\t\t<\/div>\n\t\t<div class=\"investition__list\">\n            <ul>\n<li><span style=\"font-weight: 400\">Mus\u00e9es et b\u00e2timents historiques<\/span><\/li>\n<li><span style=\"font-weight: 400\">Institutions de l\u2019Etat <\/span><\/li>\n<li><span style=\"font-weight: 400\">Logements sociaux <\/span><\/li>\n<li><span style=\"font-weight: 400\">Ecoles et jardins d'enfants<\/span><\/li>\n<\/ul>\n\t\t<\/div>\n\t<\/div>\n<\/div><\/div><\/div><div id=\"pgc-237-2-1\"  class=\"panel-grid-cell\" ><div id=\"panel-237-2-1-0\" class=\"so-panel widget widget_investments panel-first-child panel-last-child\" data-index=\"3\" ><div class=\"panel-widget-style panel-widget-style-for-237-2-1-0\" ><div class=\"so-widget-investments so-widget-investments-base\">\t<div class=\"investition\">\n\t\t<div class=\"investition__top\">\n\t\t\t<div class=\"investition__title\"><h3>Priv\u00e9<\/h3>\n\t\t\t\t<div class=\"investition__images\">\n\t\t\t\t\t<img src=\"https:\/\/komfort.be\/fr\/wp-content\/uploads\/sites\/7\/2018\/10\/home.png\" alt=\"\">\n                    <span><\/span>\n                    <span><\/span>\n                    <span><\/span>\n                    <span><\/span>\n\t\t\t\t<\/div>\n\t\t\t<\/div>\n\t\t<\/div>\n\t\t<div class=\"investition__list\">\n            <ul>\n<li><span style=\"font-weight: 400\">Centres commerciaux<\/span><\/li>\n<li><span style=\"font-weight: 400\">Immeubles multi-familiaux<\/span><\/li>\n<li><span style=\"font-weight: 400\">Bureaux<\/span><\/li>\n<li>H\u00f4tels<\/li>\n<li>Usines de production et halls industriels<\/li>\n<\/ul>\n\t\t<\/div>\n\t<\/div>\n<\/div><\/div><\/div><\/div><\/div><\/div><div id=\"pg-237-3\"  class=\"panel-grid panel-has-style\" ><div class=\"siteorigin-panels-stretch panel-row-style panel-row-style-for-237-3\" data-stretch-type=\"full\" ><div id=\"pgc-237-3-0\"  class=\"panel-grid-cell\" ><div id=\"panel-237-3-0-0\" class=\"so-panel widget widget_title panel-first-child panel-last-child\" data-index=\"4\" ><div class=\"so-widget-title so-widget-title-base\">\n<div class=\"title-section  \">\n\n\t<p><p>Nos principaux domaines d'activit\u00e9s<\/p>\n<\/p>\n    <h4>SECTEURS DE LA CONSTRUCTION<\/h4>\n\n<\/div>\n\n<\/div><\/div><\/div><\/div><\/div><div id=\"pg-237-4\"  class=\"panel-grid panel-has-style\" ><div class=\"sektory siteorigin-panels-stretch panel-row-style panel-row-style-for-237-4\" data-stretch-type=\"full\" ><div id=\"pgc-237-4-0\"  class=\"panel-grid-cell\" ><div id=\"panel-237-4-0-0\" class=\"so-panel widget widget_sector panel-first-child\" data-index=\"5\" ><div class=\"so-widget-sector so-widget-sector-base\">\n<div class=\"sector\" @click='openSec($event)'>\n\t<div class=\"sector__item\">\n\t\t<div class=\"sector__title\"><h3>Toits plats<\/h3>\n\t\t\t<p>\n\t\t\t\t<div class=\"sector-moree\">\n                \t<p><p><span style=\"font-weight: 400\">Constructions<\/span><\/p>\n<p>Joints, membranes de toiture<\/p>\n<p>Resitrix, EPDM, PVC<\/p>\n<p>Toits verts<\/p>\n<\/p>\n\n\n\t\t\t\t<\/div>\n\n\t\t\t\t<button>\n                    D\u00e9velopper                <\/button>\n\n<!--\t\t\t\t<div class=\"sector-more\">-->\n<!--\t\t\t\t\t--><!--\t\t\t\t<\/div>-->\n\t\t\t<\/p>\n\t\t<\/div>\n\t\t<div class=\"sector__image\">\n\t\t\t<img src=\"https:\/\/komfort.be\/fr\/wp-content\/uploads\/sites\/7\/2018\/10\/ro.png\" alt=\"\">\n\t\t<\/div>\n\t<\/div>\n<\/div><\/div><\/div><div id=\"panel-237-4-0-1\" class=\"so-panel widget widget_sector\" data-index=\"6\" ><div class=\"so-widget-sector so-widget-sector-base\">\n<div class=\"sector\" @click='openSec($event)'>\n\t<div class=\"sector__item\">\n\t\t<div class=\"sector__title\"><h3>Fa\u00e7ades<\/h3>\n\t\t\t<p>\n\t\t\t\t<div class=\"sector-moree\">\n                \t<p><p>Fa\u00e7ades ventil\u00e9es<\/p>\n<p>Panneaux de fa\u00e7ade<\/p>\n<p>Fa\u00e7ades en bois<\/p>\n<p>Fa\u00e7ades en ardoise<\/p>\n<p>Fa\u00e7ades vitr\u00e9es<\/p>\n<p>Isolation en pl\u00e2tres<\/p>\n<p>Fa\u00e7ade de clinker<\/p>\n<p>Carreaux de clinker<\/p>\n<\/p>\n\n\n\t\t\t\t<\/div>\n\n\t\t\t\t<button>\n                    D\u00e9velopper                <\/button>\n\n<!--\t\t\t\t<div class=\"sector-more\">-->\n<!--\t\t\t\t\t--><!--\t\t\t\t<\/div>-->\n\t\t\t<\/p>\n\t\t<\/div>\n\t\t<div class=\"sector__image\">\n\t\t\t<img src=\"https:\/\/komfort.be\/fr\/wp-content\/uploads\/sites\/7\/2018\/10\/is.svg\" alt=\"\">\n\t\t<\/div>\n\t<\/div>\n<\/div><\/div><\/div><div id=\"panel-237-4-0-2\" class=\"so-panel widget widget_sector panel-last-child\" data-index=\"7\" ><div class=\"so-widget-sector so-widget-sector-base\">\n<div class=\"sector\" @click='openSec($event)'>\n\t<div class=\"sector__item\">\n\t\t<div class=\"sector__title\"><h3>Travaux de finition<\/h3>\n\t\t\t<p>\n\t\t\t\t<div class=\"sector-moree\">\n                \t<p><p>Murs et plafonds<\/p>\n<p>Pl\u00e2trage, garniture<\/p>\n<p>Peinture, papier peint<\/p>\n<p>Syst\u00e8mes de plancher<\/p>\n<p>Montage de porte<\/p>\n<p>Cloisons en verre<\/p>\n<p>Design d'int\u00e9rieur<\/p>\n<p>Assemblage de meubles<\/p>\n<\/p>\n\n\n\t\t\t\t<\/div>\n\n\t\t\t\t<button>\n                    D\u00e9velopper                <\/button>\n\n<!--\t\t\t\t<div class=\"sector-more\">-->\n<!--\t\t\t\t\t--><!--\t\t\t\t<\/div>-->\n\t\t\t<\/p>\n\t\t<\/div>\n\t\t<div class=\"sector__image\">\n\t\t\t<img src=\"https:\/\/komfort.be\/fr\/wp-content\/uploads\/sites\/7\/2018\/10\/fw.svg\" alt=\"\">\n\t\t<\/div>\n\t<\/div>\n<\/div><\/div><\/div><\/div><div id=\"pgc-237-4-1\"  class=\"panel-grid-cell\" ><div id=\"panel-237-4-1-0\" class=\"so-panel widget widget_sector panel-first-child\" data-index=\"8\" ><div class=\"so-widget-sector so-widget-sector-base\">\n<div class=\"sector\" @click='openSec($event)'>\n\t<div class=\"sector__item\">\n\t\t<div class=\"sector__title\"><h3>Toits en pente<\/h3>\n\t\t\t<p>\n\t\t\t\t<div class=\"sector-moree\">\n                \t<p><p>Poutres de toit<\/p>\n<p>Tuile<\/p>\n<p>Toitures en t\u00f4le<\/p>\n<p>Ardoise naturelle<\/p>\n<p>Ardoise artificielle<\/p>\n<p>Feuille de couture debout<\/p>\n<p>Bardeau<\/p>\n<\/p>\n\n\n\t\t\t\t<\/div>\n\n\t\t\t\t<button>\n                    D\u00e9velopper                <\/button>\n\n<!--\t\t\t\t<div class=\"sector-more\">-->\n<!--\t\t\t\t\t--><!--\t\t\t\t<\/div>-->\n\t\t\t<\/p>\n\t\t<\/div>\n\t\t<div class=\"sector__image\">\n\t\t\t<img src=\"https:\/\/komfort.be\/fr\/wp-content\/uploads\/sites\/7\/2018\/10\/rf.svg\" alt=\"\">\n\t\t<\/div>\n\t<\/div>\n<\/div><\/div><\/div><div id=\"panel-237-4-1-1\" class=\"so-panel widget widget_sector\" data-index=\"9\" ><div class=\"so-widget-sector so-widget-sector-base\">\n<div class=\"sector\" @click='openSec($event)'>\n\t<div class=\"sector__item\">\n\t\t<div class=\"sector__title\"><h3>Travaux \u00e9lectriques<\/h3>\n\t\t\t<p>\n\t\t\t\t<div class=\"sector-moree\">\n                \t<p><p>C\u00e2blage et routage des c\u00e2bles<\/p>\n<p>Installation des luminaires<\/p>\n<p>D\u00e9tecteurs et contr\u00f4le d'acc\u00e8s<\/p>\n<p>Tableaux \u00e9lectriques<\/p>\n<p>Foudre et mise \u00e0 la terre<\/p>\n<p>Chauffage par le sol<\/p>\n<p>Panneaux solaire<\/p>\n<p>Panneaux photovolta\u00efques<\/p>\n<\/p>\n\n\n\t\t\t\t<\/div>\n\n\t\t\t\t<button>\n                    D\u00e9velopper                <\/button>\n\n<!--\t\t\t\t<div class=\"sector-more\">-->\n<!--\t\t\t\t\t--><!--\t\t\t\t<\/div>-->\n\t\t\t<\/p>\n\t\t<\/div>\n\t\t<div class=\"sector__image\">\n\t\t\t<img src=\"https:\/\/komfort.be\/fr\/wp-content\/uploads\/sites\/7\/2018\/10\/el.svg\" alt=\"\">\n\t\t<\/div>\n\t<\/div>\n<\/div><\/div><\/div><div id=\"panel-237-4-1-2\" class=\"so-panel widget widget_sector panel-last-child\" data-index=\"10\" ><div class=\"so-widget-sector so-widget-sector-base\">\n<div class=\"sector\" @click='openSec($event)'>\n\t<div class=\"sector__item\">\n\t\t<div class=\"sector__title\"><h3>Fen\u00eatre et porte menuiserie<\/h3>\n\t\t\t<p>\n\t\t\t\t<div class=\"sector-moree\">\n                \t<p><p>Portes et fen\u00eatres en aluminium<br \/>\nFen\u00eatres et portes en PVC<br \/>\nFen\u00eatres et portes en bois<br \/>\nBalustrades, escaliers, rampes<br \/>\nEnl\u00e8vement et installation de fen\u00eatres<br \/>\nEnl\u00e8vement et installation de\u00a0fen\u00eatres<\/p>\n<\/p>\n\n\n\t\t\t\t<\/div>\n\n\t\t\t\t<button>\n                    D\u00e9velopper                <\/button>\n\n<!--\t\t\t\t<div class=\"sector-more\">-->\n<!--\t\t\t\t\t--><!--\t\t\t\t<\/div>-->\n\t\t\t<\/p>\n\t\t<\/div>\n\t\t<div class=\"sector__image\">\n\t\t\t<img src=\"https:\/\/komfort.be\/fr\/wp-content\/uploads\/sites\/7\/2018\/10\/wi.svg\" alt=\"\">\n\t\t<\/div>\n\t<\/div>\n<\/div><\/div><\/div><\/div><div id=\"pgc-237-4-2\"  class=\"panel-grid-cell\" ><div id=\"panel-237-4-2-0\" class=\"so-panel widget widget_sector panel-first-child\" data-index=\"11\" ><div class=\"so-widget-sector so-widget-sector-base\">\n<div class=\"sector\" @click='openSec($event)'>\n\t<div class=\"sector__item\">\n\t\t<div class=\"sector__title\"><h3>Installations<\/h3>\n\t\t\t<p>\n\t\t\t\t<div class=\"sector-moree\">\n                \t<p><p>Installations sanitaires<\/p>\n<p>Syst\u00e8mes de chauffage<\/p>\n<p>Ventilation<\/p>\n<p>Nettoyage de l'installation<\/p>\n<p>Installation de raccords sanitaires<\/p>\n<\/p>\n\n\n\t\t\t\t<\/div>\n\n\t\t\t\t<button>\n                    D\u00e9velopper                <\/button>\n\n<!--\t\t\t\t<div class=\"sector-more\">-->\n<!--\t\t\t\t\t--><!--\t\t\t\t<\/div>-->\n\t\t\t<\/p>\n\t\t<\/div>\n\t\t<div class=\"sector__image\">\n\t\t\t<img src=\"https:\/\/komfort.be\/fr\/wp-content\/uploads\/sites\/7\/2018\/10\/in.svg\" alt=\"\">\n\t\t<\/div>\n\t<\/div>\n<\/div><\/div><\/div><div id=\"panel-237-4-2-1\" class=\"so-panel widget widget_sector panel-last-child\" data-index=\"12\" ><div class=\"so-widget-sector so-widget-sector-base\">\n<div class=\"sector\" @click='openSec($event)'>\n\t<div class=\"sector__item\">\n\t\t<div class=\"sector__title\"><h3>Travaux de construction<\/h3>\n\t\t\t<p>\n\t\t\t\t<div class=\"sector-moree\">\n                \t<p><p>Travaux de terrassement<\/p>\n<p>Travaux de Fondation<\/p>\n<p>Travaux de RC<\/p>\n<p>Travaux de ma\u00e7onnerie<\/p>\n<p>Travaux de renfort<\/p>\n<p>Travaux de coffrage<\/p>\n<p>Halls en acier<\/p>\n<\/p>\n\n\n\t\t\t\t<\/div>\n\n\t\t\t\t<button>\n                    D\u00e9velopper                <\/button>\n\n<!--\t\t\t\t<div class=\"sector-more\">-->\n<!--\t\t\t\t\t--><!--\t\t\t\t<\/div>-->\n\t\t\t<\/p>\n\t\t<\/div>\n\t\t<div class=\"sector__image\">\n\t\t\t<img src=\"https:\/\/komfort.be\/fr\/wp-content\/uploads\/sites\/7\/2018\/10\/gc.svg\" alt=\"\">\n\t\t<\/div>\n\t<\/div>\n<\/div><\/div><\/div><\/div><\/div><\/div><\/div>","protected":false},"excerpt":{"rendered":"<p>KomFort Building in Europe POUR LES ENTREPRISES DE CONSTRUCTION QUI Recherchent des sous-traitants de construction v\u00e9rifi\u00e9s dans l&rsquo;Union Europ\u00e9enne Planifient la cr\u00e9ation d&rsquo;un r\u00e9seau de soci\u00e9t\u00e9s de construction \u00e9trang\u00e8res Coop\u00e8rent l\u00e9galement avec des entreprises de construction \u00e9trang\u00e8res Ont besoin d&rsquo;un support d&rsquo;expert \u00e0 chaque \u00e9tape de leur commande Sont conscients des directives actuelles dans l&rsquo;UE [&hellip;]<\/p>\n","protected":false},"author":2,"featured_media":1921,"parent":0,"menu_order":0,"comment_status":"closed","ping_status":"closed","template":"","meta":[],"_links":{"self":[{"href":"https:\/\/komfort.be\/fr\/wp-json\/wp\/v2\/pages\/237"}],"collection":[{"href":"https:\/\/komfort.be\/fr\/wp-json\/wp\/v2\/pages"}],"about":[{"href":"https:\/\/komfort.be\/fr\/wp-json\/wp\/v2\/types\/page"}],"author":[{"embeddable":true,"href":"https:\/\/komfort.be\/fr\/wp-json\/wp\/v2\/users\/2"}],"replies":[{"embeddable":true,"href":"https:\/\/komfort.be\/fr\/wp-json\/wp\/v2\/comments?post=237"}],"version-history":[{"count":93,"href":"https:\/\/komfort.be\/fr\/wp-json\/wp\/v2\/pages\/237\/revisions"}],"predecessor-version":[{"id":1941,"href":"https:\/\/komfort.be\/fr\/wp-json\/wp\/v2\/pages\/237\/revisions\/1941"}],"wp:featuredmedia":[{"embeddable":true,"href":"https:\/\/komfort.be\/fr\/wp-json\/wp\/v2\/media\/1921"}],"wp:attachment":[{"href":"https:\/\/komfort.be\/fr\/wp-json\/wp\/v2\/media?parent=237"}],"curies":[{"name":"wp","href":"https:\/\/api.w.org\/{rel}","templated":true}]}}