{"id":231,"date":"2018-08-29T15:33:36","date_gmt":"2018-08-29T13:33:36","guid":{"rendered":"https:\/\/komfort.be\/fr\/?page_id=231"},"modified":"2019-02-14T12:40:40","modified_gmt":"2019-02-14T11:40:40","slug":"carrieres","status":"publish","type":"page","link":"https:\/\/komfort.be\/fr\/carrieres\/","title":{"rendered":"Carri\u00e8res"},"content":{"rendered":"<div id=\"pl-231\"  class=\"panel-layout\" ><div id=\"pg-231-0\"  class=\"panel-grid panel-no-style\" ><div id=\"pgc-231-0-0\"  class=\"panel-grid-cell\" ><div id=\"panel-231-0-0-0\" class=\"so-panel widget widget_job-slider panel-first-child panel-last-child\" data-index=\"0\" ><div class=\"panel-widget-style panel-widget-style-for-231-0-0-0\" ><div class=\"so-widget-job-slider so-widget-job-slider-base\"><div class=\"job-agile\">\n    <agile :options=\"jobAgile\">\n        \n        <div class=\"job-agile__slide\">\n            <div class=\"job-slider\">\n                <div class=\"job-slider__content\">\n                    <div class=\"job-slider__image\">\n                        <img src=\"https:\/\/komfort.be\/fr\/wp-content\/uploads\/sites\/7\/2018\/11\/light-bulb.svg\" alt=\"cr\u00e9ativit\u00e9\">\n                    <\/div>\n                    <div class=\"job-slider__title\">\n                        <span>Lib\u00e9rez votre <\/span>\n                        <h2>cr\u00e9ativit\u00e9<\/h2>\n                    <\/div>\n                <\/div>\n            <\/div>\n        <\/div>\n            \n        <div class=\"job-agile__slide\">\n            <div class=\"job-slider\">\n                <div class=\"job-slider__content\">\n                    <div class=\"job-slider__image\">\n                        <img src=\"https:\/\/komfort.be\/fr\/wp-content\/uploads\/sites\/7\/2018\/11\/building-plan.svg\" alt=\"exp\u00e9rience\">\n                    <\/div>\n                    <div class=\"job-slider__title\">\n                        <span>Obtenez une nouvelle <\/span>\n                        <h2>exp\u00e9rience<\/h2>\n                    <\/div>\n                <\/div>\n            <\/div>\n        <\/div>\n            \n        <div class=\"job-agile__slide\">\n            <div class=\"job-slider\">\n                <div class=\"job-slider__content\">\n                    <div class=\"job-slider__image\">\n                        <img src=\"https:\/\/komfort.be\/fr\/wp-content\/uploads\/sites\/7\/2018\/10\/hand-shake.png\" alt=\"\u00e9quipe\">\n                    <\/div>\n                    <div class=\"job-slider__title\">\n                        <span>Faites partie de notre<\/span>\n                        <h2>\u00e9quipe<\/h2>\n                    <\/div>\n                <\/div>\n            <\/div>\n        <\/div>\n                <\/agile>\n<\/div>\n<\/div><\/div><\/div><\/div><\/div><div id=\"pg-231-1\"  class=\"panel-grid panel-has-style\" ><div class=\"panel-row-style panel-row-style-for-231-1\" ><div id=\"pgc-231-1-0\"  class=\"panel-grid-cell\" ><div id=\"panel-231-1-0-0\" class=\"so-panel widget widget_banner panel-first-child panel-last-child\" data-index=\"1\" ><div class=\"so-widget-banner so-widget-banner-base\"><div class=\"job-add\">\n    <div class=\"job-add__title\">\n        <div class=\"title-section\">\n            <p>Aimeriez-vous acqu\u00e9rir une exp\u00e9rience internationale?<\/p>\n            <h4>TRAVAILLER AVEC UNE ENTREPRISE INTERNATIONALE<\/h4>\n        <\/div>\n    <\/div>\n    <div class=\"job-add__image\">\n        <img alt=\"rzetelna-firma\" src=\"https:\/\/komfort.be\/fr\/wp-content\/uploads\/sites\/7\/2018\/10\/KomFort_011a.jpg\">\n    <\/div>\n\n    <div class=\"job-add__desc\">\n        <p><p>Nous sommes ouvert \u00e0 coop\u00e9rer avec des personnes dynamiques et entreprenantes. Vous \u00eates probablement celui dont nous avons besoin! Si vous avez de l'exp\u00e9rience dans l'industrie et que vous souhaitez rejoindre notre \u00e9quipe, envoyez votre CV.<\/p>\n<p>La proc\u00e9dure peut prendre 2 \u00e0 3 semaines, parfois pour r\u00e9pondre aux demandes, mais nous garderons votre CV dans notre base de donn\u00e9es pour vous contacter d\u00e8s que l'occasion se pr\u00e9sente!<\/p>\n<\/p>\n    <\/div>\n<\/div>\n<\/div><\/div><\/div><\/div><\/div><div id=\"pg-231-2\"  class=\"panel-grid panel-has-style\" ><div class=\"siteorigin-panels-stretch panel-row-style panel-row-style-for-231-2\" data-stretch-type=\"full\" ><div id=\"pgc-231-2-0\"  class=\"panel-grid-cell\" ><div id=\"panel-231-2-0-0\" class=\"so-panel widget widget_title panel-first-child\" data-index=\"2\" ><div class=\"panel-widget-style panel-widget-style-for-231-2-0-0\" ><div class=\"so-widget-title so-widget-title-base\">\n<div class=\"title-section  \">\n\n\t<p><\/p>\n    <h4>Offres actuelles<\/h4>\n\n<\/div>\n\n<\/div><\/div><\/div><div id=\"panel-231-2-0-1\" class=\"so-panel widget widget_job-offers panel-last-child\" data-index=\"3\" ><div class=\"so-widget-job-offers so-widget-job-offers-base\"><div class=\"job-offer\" @click='openOffer($event)' >\n        <div class=\"job-offer__item\"  v-for=\"offer in offers\">\n            <div class=\"job-offer__title\">\n                <span> Lieu de travail: {{ offer.city }}, {{offer.country}}<\/span>\n                <h3>{{ offer.name }}<\/h3>\n                <span class=\"ref\">{{ offer.code }}<\/span>\n\n                <div class=\"job-content\">\n                    <div class=\"job-content__button\">\n                        <a :href=\"offer.url\" class=\"btn\" target=\"_blank\">\n                            Postuler                        <\/a>\n                        <img src=\"https:\/\/komfort.be\/wp-content\/themes\/komfort\/assets\/img\/KomFort-Praca.png\" alt=\"KFE Holding\">\n                    <\/div>\n                <\/div>\n            <\/div>\n        <\/div>\n\n    <\/div><\/div><\/div><\/div><\/div><\/div><\/div>","protected":false},"excerpt":{"rendered":"<p>Lib\u00e9rez votre cr\u00e9ativit\u00e9 Obtenez une nouvelle exp\u00e9rience Faites partie de notre \u00e9quipe Aimeriez-vous acqu\u00e9rir une exp\u00e9rience internationale? TRAVAILLER AVEC UNE ENTREPRISE INTERNATIONALE Nous sommes ouvert \u00e0 coop\u00e9rer avec des personnes dynamiques et entreprenantes. Vous \u00eates probablement celui dont nous avons besoin! Si vous avez de l&rsquo;exp\u00e9rience dans l&rsquo;industrie et que vous souhaitez rejoindre notre \u00e9quipe, [&hellip;]<\/p>\n","protected":false},"author":2,"featured_media":90,"parent":0,"menu_order":0,"comment_status":"closed","ping_status":"closed","template":"","meta":[],"_links":{"self":[{"href":"https:\/\/komfort.be\/fr\/wp-json\/wp\/v2\/pages\/231"}],"collection":[{"href":"https:\/\/komfort.be\/fr\/wp-json\/wp\/v2\/pages"}],"about":[{"href":"https:\/\/komfort.be\/fr\/wp-json\/wp\/v2\/types\/page"}],"author":[{"embeddable":true,"href":"https:\/\/komfort.be\/fr\/wp-json\/wp\/v2\/users\/2"}],"replies":[{"embeddable":true,"href":"https:\/\/komfort.be\/fr\/wp-json\/wp\/v2\/comments?post=231"}],"version-history":[{"count":60,"href":"https:\/\/komfort.be\/fr\/wp-json\/wp\/v2\/pages\/231\/revisions"}],"predecessor-version":[{"id":1732,"href":"https:\/\/komfort.be\/fr\/wp-json\/wp\/v2\/pages\/231\/revisions\/1732"}],"wp:featuredmedia":[{"embeddable":true,"href":"https:\/\/komfort.be\/fr\/wp-json\/wp\/v2\/media\/90"}],"wp:attachment":[{"href":"https:\/\/komfort.be\/fr\/wp-json\/wp\/v2\/media?parent=231"}],"curies":[{"name":"wp","href":"https:\/\/api.w.org\/{rel}","templated":true}]}}