{"id":237,"date":"2018-08-30T11:19:21","date_gmt":"2018-08-30T09:19:21","guid":{"rendered":"https:\/\/komfort.be\/de\/?page_id=237"},"modified":"2023-09-05T13:16:13","modified_gmt":"2023-09-05T11:16:13","slug":"fur-wen","status":"publish","type":"page","link":"https:\/\/komfort.be\/de\/fur-wen\/","title":{"rendered":"F\u00fcr wen"},"content":{"rendered":"<div id=\"pl-237\"  class=\"panel-layout\" ><div id=\"pg-237-0\"  class=\"panel-grid panel-has-style\" ><div class=\"siteorigin-panels-stretch panel-row-style panel-row-style-for-237-0\" data-stretch-type=\"full\" ><div id=\"pgc-237-0-0\"  class=\"panel-grid-cell\" ><div id=\"panel-237-0-0-0\" class=\"so-panel widget widget_for-who panel-first-child panel-last-child\" data-index=\"0\" ><div class=\"so-widget-for-who so-widget-for-who-base\"><div class=\"for-who\">\n\t<div class=\"single-new__item main-new main-new--for-who\">\n\t\t<div class=\"main-new__title\">\n\t\t\t<span>KomFort - Building in Europe<\/span>\n\t\t\t<h2>F\u00fcr Bauunternehmen<\/h2>\n\t\t<\/div>\n\n\t\t<div class=\"text-content text-content--style2\">\n            <ul>\n \t<li>St\u00e4ndig auf der Suche nach gepr\u00fcften Bauunternehmern in der Europ\u00e4ischen Union<\/li>\n \t<li>Planung des Aufbaus eines Netzwerks ausl\u00e4ndischer Bauunternehmen<\/li>\n \t<li>Rechtsverbindliche Zusammenarbeit mit fremdem Bauunternehmen<\/li>\n \t<li>Kompetente Unterst\u00fctzung in jeder Phase Ihrer Bestellung<\/li>\n \t<li>Ber\u00fccksichtigung der aktuellen Richtlinien in der EU<\/li>\n<\/ul>\nKomFort-Building in Europe ist ein professioneller Gesch\u00e4ftspartner, der eine profitable, langfristige Zusammenarbeit mit Bauunternehmen bietet und auf den Ausbau der Dienstleistungen auf dem Auslandsmarkt abzielt. \u00dcber 10 Jahre Erfahrung erm\u00f6glichen uns, die verf\u00fcgbaren Auftr\u00e4ge zu \u00fcberpr\u00fcfen, die Angebote der interessierten Unternehmen effektiv zu pr\u00e4sentieren und Ihr Unternehmen umfassend bei der Umsetzung der Bauvertr\u00e4ge zu unterst\u00fctzen.\n\t\t<\/div>\n\n\t<\/div>\n\t<div class=\"single-new__item sub-new\">\n\t\t<div class=\"sub-new__item\"><div class=\"so-widget-box so-widget-box-base\">\n<div class=\"blueBox \">\n\t<div class=\"blueBox__mask\"\n\t\t style=\"background-image: url('https:\/\/komfort.be\/de\/wp-content\/uploads\/sites\/8\/2023\/09\/background-firma.webp')\"><\/div>\n\n\n\t<div class=\"blueBox__title\">\n        <h2>SUCHEN SIE NACH<\/h2>\n\t\t<span>Subunternehmen?<\/span>\n\n<!--        <p class=\"blueBoxTxt\">-->\n<!--            <strong>--><!--<\/strong>-->\n<!--            <span>--><!--<\/span>-->\n<!--        <\/p>-->\n\t<\/div>\n\n\t<div class=\"blueBox__button\">\n\t\t<a href=\"https:\/\/komfort.be\/de\/kontakt\/\" class=\"btn\"  onclick=\"https:\/\/batieu.com\/app\/en\/realizations\/1\" >\n            ENTDECKEN SIE DAS JETZT\t\t<\/a>\n\t<\/div>\n<\/div>\n<\/div>\t\t<\/div>\n\t<\/div>\n<\/div><\/div><\/div><\/div><\/div><\/div><div id=\"pg-237-1\"  class=\"panel-grid panel-has-style\" ><div class=\"siteorigin-panels-stretch panel-row-style panel-row-style-for-237-1\" data-stretch-type=\"full\" ><div id=\"pgc-237-1-0\"  class=\"panel-grid-cell\" ><div id=\"panel-237-1-0-0\" class=\"so-panel widget widget_title panel-first-child panel-last-child\" data-index=\"1\" ><div class=\"so-widget-title so-widget-title-base\">\n<div class=\"title-section  \">\n\n\t<p><\/p>\n    <h4>Investitionen<\/h4>\n\n<\/div>\n\n<\/div><\/div><\/div><\/div><\/div><div id=\"pg-237-2\"  class=\"panel-grid panel-has-style\" ><div class=\"siteorigin-panels-stretch panel-row-style panel-row-style-for-237-2\" data-stretch-type=\"full\" ><div id=\"pgc-237-2-0\"  class=\"panel-grid-cell\" ><div id=\"panel-237-2-0-0\" class=\"so-panel widget widget_investments panel-first-child panel-last-child\" data-index=\"2\" ><div class=\"so-widget-investments so-widget-investments-base\">\t<div class=\"investition\">\n\t\t<div class=\"investition__top\">\n\t\t\t<div class=\"investition__title\"><h3>\u00d6ffentlicher Bereich<\/h3>\n\t\t\t\t<div class=\"investition__images\">\n\t\t\t\t\t<img src=\"https:\/\/komfort.be\/de\/wp-content\/uploads\/sites\/8\/2018\/10\/school.png\" alt=\"\">\n                    <span><\/span>\n                    <span><\/span>\n                    <span><\/span>\n                    <span><\/span>\n\t\t\t\t<\/div>\n\t\t\t<\/div>\n\t\t<\/div>\n\t\t<div class=\"investition__list\">\n            <ul>\n<li style=\"font-weight: 400\"><span style=\"font-weight: 400\">Museen und historische Geb\u00e4ude<\/span><\/li>\n<li style=\"font-weight: 400\"><span style=\"font-weight: 400\">\u00c4mter und staatliche Einrichtungen<\/span><\/li>\n<li style=\"font-weight: 400\"><span style=\"font-weight: 400\">Sozialwohnungen<\/span><\/li>\n<li style=\"font-weight: 400\"><span style=\"font-weight: 400\">\u00d6ffentliche Krankenh\u00e4user<\/span><\/li>\n<li style=\"font-weight: 400\"><span style=\"font-weight: 400\">Schulen und Kinderg\u00e4rten<\/span><\/li>\n<\/ul>\n\t\t<\/div>\n\t<\/div>\n<\/div><\/div><\/div><div id=\"pgc-237-2-1\"  class=\"panel-grid-cell\" ><div id=\"panel-237-2-1-0\" class=\"so-panel widget widget_investments panel-first-child panel-last-child\" data-index=\"3\" ><div class=\"panel-widget-style panel-widget-style-for-237-2-1-0\" ><div class=\"so-widget-investments so-widget-investments-base\">\t<div class=\"investition\">\n\t\t<div class=\"investition__top\">\n\t\t\t<div class=\"investition__title\"><h3>Privater Bereich<\/h3>\n\t\t\t\t<div class=\"investition__images\">\n\t\t\t\t\t<img src=\"https:\/\/komfort.be\/de\/wp-content\/uploads\/sites\/8\/2018\/10\/home.png\" alt=\"\">\n                    <span><\/span>\n                    <span><\/span>\n                    <span><\/span>\n                    <span><\/span>\n\t\t\t\t<\/div>\n\t\t\t<\/div>\n\t\t<\/div>\n\t\t<div class=\"investition__list\">\n            <ul>\n<li style=\"font-weight: 400\"><span style=\"font-weight: 400\">Einkaufszentren<\/span><\/li>\n<li style=\"font-weight: 400\"><span style=\"font-weight: 400\">Mehrfamilienh\u00e4user<\/span><\/li>\n<li style=\"font-weight: 400\"><span style=\"font-weight: 400\">B\u00fcros<\/span><\/li>\n<li style=\"font-weight: 400\"><span style=\"font-weight: 400\">Hotels<\/span><\/li>\n<\/ul>\n\t\t<\/div>\n\t<\/div>\n<\/div><\/div><\/div><\/div><\/div><\/div><div id=\"pg-237-3\"  class=\"panel-grid panel-has-style\" ><div class=\"siteorigin-panels-stretch panel-row-style panel-row-style-for-237-3\" data-stretch-type=\"full\" ><div id=\"pgc-237-3-0\"  class=\"panel-grid-cell\" ><div id=\"panel-237-3-0-0\" class=\"so-panel widget widget_title panel-first-child panel-last-child\" data-index=\"4\" ><div class=\"so-widget-title so-widget-title-base\">\n<div class=\"title-section  \">\n\n\t<p><p><span style=\"font-weight: 400\">Unsere Aktivit\u00e4tsbereiche<\/span><\/p>\n<\/p>\n    <h4>Bausektoren<\/h4>\n\n<\/div>\n\n<\/div><\/div><\/div><\/div><\/div><div id=\"pg-237-4\"  class=\"panel-grid panel-has-style\" ><div class=\"sektory siteorigin-panels-stretch panel-row-style panel-row-style-for-237-4\" data-stretch-type=\"full\" ><div id=\"pgc-237-4-0\"  class=\"panel-grid-cell\" ><div id=\"panel-237-4-0-0\" class=\"so-panel widget widget_sector panel-first-child\" data-index=\"5\" ><div class=\"so-widget-sector so-widget-sector-base\">\n<div class=\"sector\" @click='openSec($event)'>\n\t<div class=\"sector__item\">\n\t\t<div class=\"sector__title\"><h3>Flachd\u00e4cher<\/h3>\n\t\t\t<p>\n\t\t\t\t<div class=\"sector-moree\">\n                \t<p><p><span style=\"font-weight: 400\">Baukonstruktionen<\/span><\/p>\n<p><span style=\"font-weight: 400\">Dichtungen, Dachbahnen<\/span><\/p>\n<p><span style=\"font-weight: 400\">(Resitrix, EPDM, PVC)<\/span><\/p>\n<p><span style=\"font-weight: 400\">Begr\u00fcnte D\u00e4cher<\/span><\/p>\n<\/p>\n\n\n\t\t\t\t<\/div>\n\n\t\t\t\t<button>\n                    Sehen Sie mehr                <\/button>\n\n<!--\t\t\t\t<div class=\"sector-more\">-->\n<!--\t\t\t\t\t--><!--\t\t\t\t<\/div>-->\n\t\t\t<\/p>\n\t\t<\/div>\n\t\t<div class=\"sector__image\">\n\t\t\t<img src=\"https:\/\/komfort.be\/de\/wp-content\/uploads\/sites\/8\/2018\/10\/ro.png\" alt=\"\">\n\t\t<\/div>\n\t<\/div>\n<\/div><\/div><\/div><div id=\"panel-237-4-0-1\" class=\"so-panel widget widget_sector\" data-index=\"6\" ><div class=\"so-widget-sector so-widget-sector-base\">\n<div class=\"sector\" @click='openSec($event)'>\n\t<div class=\"sector__item\">\n\t\t<div class=\"sector__title\"><h3>Au\u00dfenw\u00e4nde<\/h3>\n\t\t\t<p>\n\t\t\t\t<div class=\"sector-moree\">\n                \t<p><p><span style=\"font-weight: 400\">Hinterl\u00fcftete Fassaden<\/span><\/p>\n<p><span style=\"font-weight: 400\">Fassadenbretter<\/span><\/p>\n<p><span style=\"font-weight: 400\">Holzfassaden<\/span><\/p>\n<p><span style=\"font-weight: 400\">Schieferfassaden<\/span><\/p>\n<p><span style=\"font-weight: 400\">Glasfassaden<\/span><\/p>\n<p><span style=\"font-weight: 400\">Mineralische D\u00e4mmstoffe und Putze<\/span><\/p>\n<p><span style=\"font-weight: 400\">Klinker<\/span><\/p>\n<p><span style=\"font-weight: 400\">Klinkerfliesen<\/span><\/p>\n<\/p>\n\n\n\t\t\t\t<\/div>\n\n\t\t\t\t<button>\n                    Sehen Sie mehr                <\/button>\n\n<!--\t\t\t\t<div class=\"sector-more\">-->\n<!--\t\t\t\t\t--><!--\t\t\t\t<\/div>-->\n\t\t\t<\/p>\n\t\t<\/div>\n\t\t<div class=\"sector__image\">\n\t\t\t<img src=\"https:\/\/komfort.be\/de\/wp-content\/uploads\/sites\/8\/2018\/10\/is.svg\" alt=\"\">\n\t\t<\/div>\n\t<\/div>\n<\/div><\/div><\/div><div id=\"panel-237-4-0-2\" class=\"so-panel widget widget_sector panel-last-child\" data-index=\"7\" ><div class=\"so-widget-sector so-widget-sector-base\">\n<div class=\"sector\" @click='openSec($event)'>\n\t<div class=\"sector__item\">\n\t\t<div class=\"sector__title\"><h3>Fertigstellungsarbeiten<\/h3>\n\t\t\t<p>\n\t\t\t\t<div class=\"sector-moree\">\n                \t<p><p><span style=\"font-weight: 400\">W\u00e4nde und Decken<\/span><\/p>\n<p><span style=\"font-weight: 400\">Verputzen, F\u00fcllen<\/span><\/p>\n<p><span style=\"font-weight: 400\">Malen, Tapezieren<\/span><\/p>\n<p><span style=\"font-weight: 400\">Bodensysteme<\/span><\/p>\n<p><span style=\"font-weight: 400\">T\u00fcrmontage<\/span><\/p>\n<p><span style=\"font-weight: 400\">Glastrennw\u00e4nde<\/span><\/p>\n<p><span style=\"font-weight: 400\">Innenarchitektur<\/span><\/p>\n<p><span style=\"font-weight: 400\">M\u00f6belmontage<\/span><\/p>\n<\/p>\n\n\n\t\t\t\t<\/div>\n\n\t\t\t\t<button>\n                    Sehen Sie mehr                <\/button>\n\n<!--\t\t\t\t<div class=\"sector-more\">-->\n<!--\t\t\t\t\t--><!--\t\t\t\t<\/div>-->\n\t\t\t<\/p>\n\t\t<\/div>\n\t\t<div class=\"sector__image\">\n\t\t\t<img src=\"https:\/\/komfort.be\/de\/wp-content\/uploads\/sites\/8\/2018\/10\/fw.svg\" alt=\"\">\n\t\t<\/div>\n\t<\/div>\n<\/div><\/div><\/div><\/div><div id=\"pgc-237-4-1\"  class=\"panel-grid-cell\" ><div id=\"panel-237-4-1-0\" class=\"so-panel widget widget_sector panel-first-child\" data-index=\"8\" ><div class=\"so-widget-sector so-widget-sector-base\">\n<div class=\"sector\" @click='openSec($event)'>\n\t<div class=\"sector__item\">\n\t\t<div class=\"sector__title\"><h3>Schr\u00e4ge D\u00e4cher<\/h3>\n\t\t\t<p>\n\t\t\t\t<div class=\"sector-moree\">\n                \t<p><p><span style=\"font-weight: 400\">Dachstuhl<\/span><\/p>\n<p><span style=\"font-weight: 400\">Dachziegel<\/span><\/p>\n<p><span style=\"font-weight: 400\">Metalld\u00e4cher<\/span><\/p>\n<p><span style=\"font-weight: 400\">Naturschiefer<\/span><\/p>\n<p><span style=\"font-weight: 400\">K\u00fcnstlicher Schiefer<\/span><\/p>\n<p><span style=\"font-weight: 400\">Stehfalzblatt<\/span><\/p>\n<p><span style=\"font-weight: 400\">Dachschindel<\/span><\/p>\n<\/p>\n\n\n\t\t\t\t<\/div>\n\n\t\t\t\t<button>\n                    Sehen Sie mehr                <\/button>\n\n<!--\t\t\t\t<div class=\"sector-more\">-->\n<!--\t\t\t\t\t--><!--\t\t\t\t<\/div>-->\n\t\t\t<\/p>\n\t\t<\/div>\n\t\t<div class=\"sector__image\">\n\t\t\t<img src=\"https:\/\/komfort.be\/de\/wp-content\/uploads\/sites\/8\/2018\/10\/rf.svg\" alt=\"\">\n\t\t<\/div>\n\t<\/div>\n<\/div><\/div><\/div><div id=\"panel-237-4-1-1\" class=\"so-panel widget widget_sector\" data-index=\"9\" ><div class=\"so-widget-sector so-widget-sector-base\">\n<div class=\"sector\" @click='openSec($event)'>\n\t<div class=\"sector__item\">\n\t\t<div class=\"sector__title\"><h3>Elektrische Arbeiten<\/h3>\n\t\t\t<p>\n\t\t\t\t<div class=\"sector-moree\">\n                \t<p><p><span style=\"font-weight: 400\">Kabel- und Kabelwege<\/span><\/p>\n<p><span style=\"font-weight: 400\">Montage von Beleuchtungsk\u00f6rpern<\/span><\/p>\n<p><span style=\"font-weight: 400\">Detektoren und Zugangskontrolle<\/span><\/p>\n<p><span style=\"font-weight: 400\">Elektrische Schalttafeln<\/span><\/p>\n<p><span style=\"font-weight: 400\">Blitz- und Erdungsanlagen<\/span><\/p>\n<p><span style=\"font-weight: 400\">Fu\u00dfbodenheizung<\/span><\/p>\n<p><span style=\"font-weight: 400\">Solarplatten<\/span><\/p>\n<p><span style=\"font-weight: 400\">Photovoltaik-Module<\/span><\/p>\n<\/p>\n\n\n\t\t\t\t<\/div>\n\n\t\t\t\t<button>\n                    Sehen Sie mehr                <\/button>\n\n<!--\t\t\t\t<div class=\"sector-more\">-->\n<!--\t\t\t\t\t--><!--\t\t\t\t<\/div>-->\n\t\t\t<\/p>\n\t\t<\/div>\n\t\t<div class=\"sector__image\">\n\t\t\t<img src=\"https:\/\/komfort.be\/de\/wp-content\/uploads\/sites\/8\/2018\/10\/el.svg\" alt=\"\">\n\t\t<\/div>\n\t<\/div>\n<\/div><\/div><\/div><div id=\"panel-237-4-1-2\" class=\"so-panel widget widget_sector panel-last-child\" data-index=\"10\" ><div class=\"so-widget-sector so-widget-sector-base\">\n<div class=\"sector\" @click='openSec($event)'>\n\t<div class=\"sector__item\">\n\t\t<div class=\"sector__title\"><h3>Schreinereiarbeiten f\u00fcr Fenster und T\u00fcren<\/h3>\n\t\t\t<p>\n\t\t\t\t<div class=\"sector-moree\">\n                \t<p><p><span style=\"font-weight: 400\">ALU-Fenster und -T\u00fcren<\/span><\/p>\n<p><span style=\"font-weight: 400\">PVC-Fenster und -T\u00fcren<\/span><\/p>\n<p><span style=\"font-weight: 400\">Holzfenster und -T\u00fcren<\/span><\/p>\n<p><span style=\"font-weight: 400\">Balustraden, Treppen, Gel\u00e4nder<\/span><\/p>\n<p><span style=\"font-weight: 400\">Demontage und Montage von Fenstern<\/span><\/p>\n<\/p>\n\n\n\t\t\t\t<\/div>\n\n\t\t\t\t<button>\n                    Sehen Sie mehr                <\/button>\n\n<!--\t\t\t\t<div class=\"sector-more\">-->\n<!--\t\t\t\t\t--><!--\t\t\t\t<\/div>-->\n\t\t\t<\/p>\n\t\t<\/div>\n\t\t<div class=\"sector__image\">\n\t\t\t<img src=\"https:\/\/komfort.be\/de\/wp-content\/uploads\/sites\/8\/2018\/10\/wi.svg\" alt=\"\">\n\t\t<\/div>\n\t<\/div>\n<\/div><\/div><\/div><\/div><div id=\"pgc-237-4-2\"  class=\"panel-grid-cell\" ><div id=\"panel-237-4-2-0\" class=\"so-panel widget widget_sector panel-first-child\" data-index=\"11\" ><div class=\"so-widget-sector so-widget-sector-base\">\n<div class=\"sector\" @click='openSec($event)'>\n\t<div class=\"sector__item\">\n\t\t<div class=\"sector__title\"><h3>Anlagen<\/h3>\n\t\t\t<p>\n\t\t\t\t<div class=\"sector-moree\">\n                \t<p><p><span style=\"font-weight: 400\">Sanit\u00e4ranlagen<\/span><\/p>\n<p><span style=\"font-weight: 400\">Heizsysteme<\/span><\/p>\n<p><span style=\"font-weight: 400\">Bel\u00fcftung<\/span><\/p>\n<p><span style=\"font-weight: 400\">Reinigung der Installation<\/span><\/p>\n<p><span style=\"font-weight: 400\">Installation von Sanit\u00e4rarmaturen<\/span><\/p>\n<\/p>\n\n\n\t\t\t\t<\/div>\n\n\t\t\t\t<button>\n                    Sehen Sie mehr                <\/button>\n\n<!--\t\t\t\t<div class=\"sector-more\">-->\n<!--\t\t\t\t\t--><!--\t\t\t\t<\/div>-->\n\t\t\t<\/p>\n\t\t<\/div>\n\t\t<div class=\"sector__image\">\n\t\t\t<img src=\"https:\/\/komfort.be\/de\/wp-content\/uploads\/sites\/8\/2018\/10\/in.svg\" alt=\"\">\n\t\t<\/div>\n\t<\/div>\n<\/div><\/div><\/div><div id=\"panel-237-4-2-1\" class=\"so-panel widget widget_sector panel-last-child\" data-index=\"12\" ><div class=\"so-widget-sector so-widget-sector-base\">\n<div class=\"sector\" @click='openSec($event)'>\n\t<div class=\"sector__item\">\n\t\t<div class=\"sector__title\"><h3>Bauarbeiten<\/h3>\n\t\t\t<p>\n\t\t\t\t<div class=\"sector-moree\">\n                \t<p><p><span style=\"font-weight: 400\">Erdarbeiten<\/span><\/p>\n<p><span style=\"font-weight: 400\">Fundamentarbeiten<\/span><\/p>\n<p><span style=\"font-weight: 400\">Stahlbetonarbeiten<\/span><\/p>\n<p><span style=\"font-weight: 400\">Maurerarbeiten<\/span><\/p>\n<p><span style=\"font-weight: 400\">Verst\u00e4rkungsarbeiten<\/span><\/p>\n<p><span style=\"font-weight: 400\">Schalungsarbeiten<\/span><\/p>\n<p><span style=\"font-weight: 400\">Stahlhallen<\/span><\/p>\n<\/p>\n\n\n\t\t\t\t<\/div>\n\n\t\t\t\t<button>\n                    Sehen Sie mehr                <\/button>\n\n<!--\t\t\t\t<div class=\"sector-more\">-->\n<!--\t\t\t\t\t--><!--\t\t\t\t<\/div>-->\n\t\t\t<\/p>\n\t\t<\/div>\n\t\t<div class=\"sector__image\">\n\t\t\t<img src=\"https:\/\/komfort.be\/de\/wp-content\/uploads\/sites\/8\/2018\/10\/gc.svg\" alt=\"\">\n\t\t<\/div>\n\t<\/div>\n<\/div><\/div><\/div><\/div><\/div><\/div><\/div>","protected":false},"excerpt":{"rendered":"<p>KomFort &#8211; Building in Europe F\u00fcr Bauunternehmen St\u00e4ndig auf der Suche nach gepr\u00fcften Bauunternehmern in der Europ\u00e4ischen Union Planung des Aufbaus eines Netzwerks ausl\u00e4ndischer Bauunternehmen Rechtsverbindliche Zusammenarbeit mit fremdem Bauunternehmen Kompetente Unterst\u00fctzung in jeder Phase Ihrer Bestellung Ber\u00fccksichtigung der aktuellen Richtlinien in der EU KomFort-Building in Europe ist ein professioneller Gesch\u00e4ftspartner, der eine profitable, langfristige [&hellip;]<\/p>\n","protected":false},"author":2,"featured_media":1901,"parent":0,"menu_order":0,"comment_status":"closed","ping_status":"closed","template":"","meta":[],"_links":{"self":[{"href":"https:\/\/komfort.be\/de\/wp-json\/wp\/v2\/pages\/237"}],"collection":[{"href":"https:\/\/komfort.be\/de\/wp-json\/wp\/v2\/pages"}],"about":[{"href":"https:\/\/komfort.be\/de\/wp-json\/wp\/v2\/types\/page"}],"author":[{"embeddable":true,"href":"https:\/\/komfort.be\/de\/wp-json\/wp\/v2\/users\/2"}],"replies":[{"embeddable":true,"href":"https:\/\/komfort.be\/de\/wp-json\/wp\/v2\/comments?post=237"}],"version-history":[{"count":93,"href":"https:\/\/komfort.be\/de\/wp-json\/wp\/v2\/pages\/237\/revisions"}],"predecessor-version":[{"id":1907,"href":"https:\/\/komfort.be\/de\/wp-json\/wp\/v2\/pages\/237\/revisions\/1907"}],"wp:featuredmedia":[{"embeddable":true,"href":"https:\/\/komfort.be\/de\/wp-json\/wp\/v2\/media\/1901"}],"wp:attachment":[{"href":"https:\/\/komfort.be\/de\/wp-json\/wp\/v2\/media?parent=237"}],"curies":[{"name":"wp","href":"https:\/\/api.w.org\/{rel}","templated":true}]}}