{"id":231,"date":"2018-08-29T15:33:36","date_gmt":"2018-08-29T13:33:36","guid":{"rendered":"https:\/\/komfort.be\/de\/?page_id=231"},"modified":"2019-01-29T11:25:35","modified_gmt":"2019-01-29T10:25:35","slug":"karriere","status":"publish","type":"page","link":"https:\/\/komfort.be\/de\/karriere\/","title":{"rendered":"Karriere"},"content":{"rendered":"<div id=\"pl-231\"  class=\"panel-layout\" ><div id=\"pg-231-0\"  class=\"panel-grid panel-no-style\" ><div id=\"pgc-231-0-0\"  class=\"panel-grid-cell\" ><div id=\"panel-231-0-0-0\" class=\"so-panel widget widget_job-slider panel-first-child panel-last-child\" data-index=\"0\" ><div class=\"panel-widget-style panel-widget-style-for-231-0-0-0\" ><div class=\"so-widget-job-slider so-widget-job-slider-base\"><div class=\"job-agile\">\n    <agile :options=\"jobAgile\">\n        \n        <div class=\"job-agile__slide\">\n            <div class=\"job-slider\">\n                <div class=\"job-slider__content\">\n                    <div class=\"job-slider__image\">\n                        <img src=\"https:\/\/komfort.be\/de\/wp-content\/uploads\/sites\/8\/2018\/11\/light-bulb.svg\" alt=\"Kreativit\u00e4t\">\n                    <\/div>\n                    <div class=\"job-slider__title\">\n                        <span>Entfesseln Sie Ihre <\/span>\n                        <h2>Kreativit\u00e4t<\/h2>\n                    <\/div>\n                <\/div>\n            <\/div>\n        <\/div>\n            \n        <div class=\"job-agile__slide\">\n            <div class=\"job-slider\">\n                <div class=\"job-slider__content\">\n                    <div class=\"job-slider__image\">\n                        <img src=\"https:\/\/komfort.be\/de\/wp-content\/uploads\/sites\/8\/2018\/11\/building-plan.svg\" alt=\"Erfahrung\">\n                    <\/div>\n                    <div class=\"job-slider__title\">\n                        <span>Stellen Sie sich einer neuen <\/span>\n                        <h2>Erfahrung<\/h2>\n                    <\/div>\n                <\/div>\n            <\/div>\n        <\/div>\n            \n        <div class=\"job-agile__slide\">\n            <div class=\"job-slider\">\n                <div class=\"job-slider__content\">\n                    <div class=\"job-slider__image\">\n                        <img src=\"https:\/\/komfort.be\/de\/wp-content\/uploads\/sites\/8\/2018\/10\/hand-shake.png\" alt=\"Teams\">\n                    <\/div>\n                    <div class=\"job-slider__title\">\n                        <span>Werden Sie ein Teil unseres <\/span>\n                        <h2>Teams<\/h2>\n                    <\/div>\n                <\/div>\n            <\/div>\n        <\/div>\n                <\/agile>\n<\/div>\n<\/div><\/div><\/div><\/div><\/div><div id=\"pg-231-1\"  class=\"panel-grid panel-has-style\" ><div class=\"panel-row-style panel-row-style-for-231-1\" ><div id=\"pgc-231-1-0\"  class=\"panel-grid-cell\" ><div id=\"panel-231-1-0-0\" class=\"so-panel widget widget_banner panel-first-child panel-last-child\" data-index=\"1\" ><div class=\"so-widget-banner so-widget-banner-base\"><div class=\"job-add\">\n    <div class=\"job-add__title\">\n        <div class=\"title-section\">\n            <p>M\u00f6chten Sie internationale Erfahrungen sammeln?<\/p>\n            <h4>Arbeiten Sie bei einem internationalen Unternehmen<\/h4>\n        <\/div>\n    <\/div>\n    <div class=\"job-add__image\">\n        <img alt=\"rzetelna-firma\" src=\"https:\/\/komfort.be\/de\/wp-content\/uploads\/sites\/8\/2018\/10\/KomFort_011a.jpg\">\n    <\/div>\n\n    <div class=\"job-add__desc\">\n        <p><p><span style=\"font-weight: 400\">Wir sind offen f\u00fcr die Zusammenarbeit mit dynamischen und unternehmungslustigen Menschen. Vielleicht suchen wir gerade Sie! Wenn Sie Erfahrung in der Industriebranche haben und Teil unseres Teams werden m\u00f6chten, senden Sie uns Ihren Lebenslauf.<\/span><\/p>\n<p><span style=\"font-weight: 400\">Es k\u00f6nnen manchmal 2-3 Wochen vergehen, bis wir auf Bewerbungen antworten, aber wir werden Ihren Lebenslauf in unserer Datenbank speichern, um Sie zu kontaktieren, sobald sich eine Gelegenheit ergibt!<\/span><\/p>\n<\/p>\n    <\/div>\n<\/div>\n<\/div><\/div><\/div><\/div><\/div><div id=\"pg-231-2\"  class=\"panel-grid panel-has-style\" ><div class=\"siteorigin-panels-stretch panel-row-style panel-row-style-for-231-2\" data-stretch-type=\"full\" ><div id=\"pgc-231-2-0\"  class=\"panel-grid-cell\" ><div id=\"panel-231-2-0-0\" class=\"so-panel widget widget_title panel-first-child\" data-index=\"2\" ><div class=\"panel-widget-style panel-widget-style-for-231-2-0-0\" ><div class=\"so-widget-title so-widget-title-base\">\n<div class=\"title-section  \">\n\n\t<p><\/p>\n    <h4>Aktuelle Stellenangebote<\/h4>\n\n<\/div>\n\n<\/div><\/div><\/div><div id=\"panel-231-2-0-1\" class=\"so-panel widget widget_job-offers panel-last-child\" data-index=\"3\" ><div class=\"so-widget-job-offers so-widget-job-offers-base\"><div class=\"job-offer\" @click='openOffer($event)' >\n        <div class=\"job-offer__item\"  v-for=\"offer in offers\">\n            <div class=\"job-offer__title\">\n                <span> Arbeitsplatz: {{ offer.city }}, {{offer.country}}<\/span>\n                <h3>{{ offer.name }}<\/h3>\n                <span class=\"ref\">{{ offer.code }}<\/span>\n\n                <div class=\"job-content\">\n                    <div class=\"job-content__button\">\n                        <a :href=\"offer.url\" class=\"btn\" target=\"_blank\">\n                            Bewerben                        <\/a>\n                        <img src=\"https:\/\/komfort.be\/wp-content\/themes\/komfort\/assets\/img\/KomFort-Praca.png\" alt=\"KFE Holding\">\n                    <\/div>\n                <\/div>\n            <\/div>\n        <\/div>\n\n    <\/div><\/div><\/div><\/div><\/div><\/div><\/div>","protected":false},"excerpt":{"rendered":"<p>Entfesseln Sie Ihre Kreativit\u00e4t Stellen Sie sich einer neuen Erfahrung Werden Sie ein Teil unseres Teams M\u00f6chten Sie internationale Erfahrungen sammeln? Arbeiten Sie bei einem internationalen Unternehmen Wir sind offen f\u00fcr die Zusammenarbeit mit dynamischen und unternehmungslustigen Menschen. Vielleicht suchen wir gerade Sie! Wenn Sie Erfahrung in der Industriebranche haben und Teil unseres Teams werden [&hellip;]<\/p>\n","protected":false},"author":2,"featured_media":90,"parent":0,"menu_order":0,"comment_status":"closed","ping_status":"closed","template":"","meta":[],"_links":{"self":[{"href":"https:\/\/komfort.be\/de\/wp-json\/wp\/v2\/pages\/231"}],"collection":[{"href":"https:\/\/komfort.be\/de\/wp-json\/wp\/v2\/pages"}],"about":[{"href":"https:\/\/komfort.be\/de\/wp-json\/wp\/v2\/types\/page"}],"author":[{"embeddable":true,"href":"https:\/\/komfort.be\/de\/wp-json\/wp\/v2\/users\/2"}],"replies":[{"embeddable":true,"href":"https:\/\/komfort.be\/de\/wp-json\/wp\/v2\/comments?post=231"}],"version-history":[{"count":60,"href":"https:\/\/komfort.be\/de\/wp-json\/wp\/v2\/pages\/231\/revisions"}],"predecessor-version":[{"id":1591,"href":"https:\/\/komfort.be\/de\/wp-json\/wp\/v2\/pages\/231\/revisions\/1591"}],"wp:featuredmedia":[{"embeddable":true,"href":"https:\/\/komfort.be\/de\/wp-json\/wp\/v2\/media\/90"}],"wp:attachment":[{"href":"https:\/\/komfort.be\/de\/wp-json\/wp\/v2\/media?parent=231"}],"curies":[{"name":"wp","href":"https:\/\/api.w.org\/{rel}","templated":true}]}}